{"id":205,"date":"2015-09-29T19:12:44","date_gmt":"2015-09-29T19:12:44","guid":{"rendered":"http:\/\/www.construccionescasaalba.es\/insonorizacion\/?page_id=205"},"modified":"2015-09-29T19:15:46","modified_gmt":"2015-09-29T19:15:46","slug":"pantallas-acusticas","status":"publish","type":"page","link":"https:\/\/www.construccionescasaalba.es\/insonorizacion\/productos-b\/pantallas-acusticas\/","title":{"rendered":"Pantallas Ac\u00fasticas"},"content":{"rendered":"<p><a href=\"http:\/\/www.construccionescasaalba.es\/insonorizacion\/wp-content\/uploads\/2015\/09\/pantallas_acusticas.jpg\"><img decoding=\"async\" loading=\"lazy\" class=\"alignnone size-medium wp-image-135\" src=\"http:\/\/www.construccionescasaalba.es\/insonorizacion\/wp-content\/uploads\/2015\/09\/pantallas_acusticas-300x125.jpg\" alt=\"pantallas_acusticas\" width=\"300\" height=\"125\" srcset=\"https:\/\/www.construccionescasaalba.es\/insonorizacion\/wp-content\/uploads\/2015\/09\/pantallas_acusticas-300x125.jpg 300w, https:\/\/www.construccionescasaalba.es\/insonorizacion\/wp-content\/uploads\/2015\/09\/pantallas_acusticas.jpg 348w\" sizes=\"(max-width: 300px) 100vw, 300px\" \/><\/a><\/p>\n<p><span style=\"font-family: 'Arial','sans-serif'; font-size: 10pt;\"><span style=\"color: #000000;\">Son de gran utilidad tanto en industria como en edificaci\u00f3n.<\/span><\/span><\/p>\n<p><span style=\"font-family: 'Arial','sans-serif'; font-size: 10pt;\"><span style=\"color: #000000;\">Es una de las soluciones m\u00e1s comunes basada principalmente en interponer barreras, constituidas por <\/span><strong><span style=\"font-family: 'Arial','sans-serif';\"><span style=\"color: #000000;\">paneles ac\u00fasticos\u00a0<\/span><\/span><\/strong><span style=\"color: #000000;\">con caracter\u00edsticas espec\u00edficas seg\u00fan las necesidades de <\/span><strong><span style=\"font-family: 'Arial','sans-serif';\"><span style=\"color: #000000;\">aislamiento ac\u00fastico <\/span><\/span><\/strong><span style=\"color: #000000;\">entre el <\/span><strong><span style=\"font-family: 'Arial','sans-serif';\"><span style=\"color: #000000;\">foco de ruido <\/span><\/span><\/strong><span style=\"color: #000000;\">y los receptores. Las <\/span><strong><span style=\"font-family: 'Arial','sans-serif';\"><span style=\"color: #000000;\">pantallas ac\u00fasticas <\/span><\/span><\/strong><span style=\"color: #000000;\">crean zonas de sombra que <\/span><strong><span style=\"font-family: 'Arial','sans-serif';\"><span style=\"color: #000000;\">disminuyen notablemente los niveles de ruido <\/span><\/span><\/strong><span style=\"color: #000000;\">al que queda expuesto el receptor. Otro modo de utilizaci\u00f3n de estas pantallas es la divisi\u00f3n o creaci\u00f3n de recintos para <\/span><strong><span style=\"font-family: 'Arial','sans-serif';\"><span style=\"color: #000000;\">aislar focos de ruido<\/span><\/span><\/strong><span style=\"color: #000000;\">.<\/span><\/span><\/p>\n<p><span style=\"font-family: 'Arial','sans-serif'; font-size: 10pt;\"><span style=\"color: #000000;\">Antes de la implantaci\u00f3n de este tipo de soluci\u00f3n Casa Alba realiza un <\/span><strong><span style=\"font-family: 'Arial','sans-serif';\"><span style=\"color: #000000;\">estudio ac\u00fastico <\/span><\/span><\/strong><span style=\"color: #000000;\">realizando <\/span><strong><span style=\"font-family: 'Arial','sans-serif';\"><span style=\"color: #000000;\">mediciones de ruido <\/span><\/span><\/strong><span style=\"color: #000000;\">y <\/span><strong><span style=\"font-family: 'Arial','sans-serif';\"><span style=\"color: #000000;\">simulaciones ac\u00fasticas <\/span><\/span><\/strong><span style=\"color: #000000;\">para determinar: ubicaci\u00f3n de la pantallas, dimensionado de \u00e9stas y caracter\u00edsticas t\u00e9cnicas de los materiales necesarios para cada caso concreto.<\/span><\/span><\/p>\n<p><span style=\"font-family: 'Arial','sans-serif'; font-size: 10pt;\"><span style=\"color: #000000;\">Los<\/span><strong><span style=\"font-family: 'Arial','sans-serif';\"><span style=\"color: #000000;\"> paneles ac\u00fasticos <\/span><\/span><\/strong><span style=\"color: #000000;\">de Casa Alba est\u00e1n dise\u00f1ados de tal manera que permiten ser adaptados a diferentes tipos de actuaci\u00f3n ya sea para los equipos de climatizaci\u00f3n de edificios, grupos electr\u00f3genos o para uso industrial para cualquier tipo de maquinaria. Gracias a la modularidad de los paneles y al dise\u00f1o de los perfiles las instalaciones de las pantallas son de limpia y r\u00e1pida ejecuci\u00f3n.<\/span><\/span><\/p>\n<p><span style=\"font-family: 'Arial','sans-serif'; font-size: 10pt;\"><span style=\"color: #000000;\">Los<\/span><strong><span style=\"font-family: 'Arial','sans-serif';\"><span style=\"color: #000000;\"> paneles ac\u00fasticos <\/span><\/span><\/strong><span style=\"color: #000000;\">que constituyen las pantallas realizadas por Casa Alba est\u00e1n certificados por laboratorio de ensayos y en cada caso se entrega un documento acreditativo del aislamiento de los materiales.<\/span><\/span><\/p>\n<p><a href=\"http:\/\/www.construccionescasaalba.es\/insonorizacion\/contactar\/\" target=\"_blank\">P\u00eddenos presupuesto sin compromiso<\/a><\/p>\n<p>&nbsp;<\/p>\n","protected":false},"excerpt":{"rendered":"<div class=\"mh-excerpt\"><p>Son de gran utilidad tanto en industria como en edificaci\u00f3n. Es una de las soluciones m\u00e1s comunes basada principalmente en interponer barreras, constituidas por paneles <a class=\"mh-excerpt-more\" href=\"https:\/\/www.construccionescasaalba.es\/insonorizacion\/productos-b\/pantallas-acusticas\/\" title=\"Pantallas Ac\u00fasticas\">[&#8230;]<\/a><\/p>\n<\/div>","protected":false},"author":1,"featured_media":0,"parent":123,"menu_order":0,"comment_status":"closed","ping_status":"closed","template":"","meta":[],"aioseo_notices":[],"_links":{"self":[{"href":"https:\/\/www.construccionescasaalba.es\/insonorizacion\/wp-json\/wp\/v2\/pages\/205"}],"collection":[{"href":"https:\/\/www.construccionescasaalba.es\/insonorizacion\/wp-json\/wp\/v2\/pages"}],"about":[{"href":"https:\/\/www.construccionescasaalba.es\/insonorizacion\/wp-json\/wp\/v2\/types\/page"}],"author":[{"embeddable":true,"href":"https:\/\/www.construccionescasaalba.es\/insonorizacion\/wp-json\/wp\/v2\/users\/1"}],"replies":[{"embeddable":true,"href":"https:\/\/www.construccionescasaalba.es\/insonorizacion\/wp-json\/wp\/v2\/comments?post=205"}],"version-history":[{"count":2,"href":"https:\/\/www.construccionescasaalba.es\/insonorizacion\/wp-json\/wp\/v2\/pages\/205\/revisions"}],"predecessor-version":[{"id":208,"href":"https:\/\/www.construccionescasaalba.es\/insonorizacion\/wp-json\/wp\/v2\/pages\/205\/revisions\/208"}],"up":[{"embeddable":true,"href":"https:\/\/www.construccionescasaalba.es\/insonorizacion\/wp-json\/wp\/v2\/pages\/123"}],"wp:attachment":[{"href":"https:\/\/www.construccionescasaalba.es\/insonorizacion\/wp-json\/wp\/v2\/media?parent=205"}],"curies":[{"name":"wp","href":"https:\/\/api.w.org\/{rel}","templated":true}]}}