{"id":2,"date":"2015-09-08T22:33:12","date_gmt":"2015-09-08T22:33:12","guid":{"rendered":"http:\/\/www.construccionescasaalba.es\/insonorizacion\/?page_id=2"},"modified":"2015-09-17T22:17:02","modified_gmt":"2015-09-17T22:17:02","slug":"about","status":"publish","type":"page","link":"https:\/\/www.construccionescasaalba.es\/insonorizacion\/about\/","title":{"rendered":"Presentaci\u00f3n"},"content":{"rendered":"<p>Presentaci\u00f3n<\/p>\n<p>Empresa de Sevilla, especializada en la <strong>Adecuaci\u00f3n y Reformas de Locales Comerciales a la normativa Vigente. Tambi\u00e9n a la construcci\u00f3n de viviendas, locales y Naves Industriales<\/strong>.<\/p>\n<p>Casa Alba, proyecta, dise\u00f1a y ejecuta todas las instalaciones necesarias para el cumplimiento de las normas y directrices del <strong>C\u00f3digo T\u00e9cnico de la Edificaci\u00f3n<\/strong> en general y las particulares de los organismos regionales y locales que necesitan tanto en Inmuebles de uso Terciario e Industrial, tanto como para residenciales y oficinas.<\/p>\n<p>Fundada por Juan Jos\u00e9 Infante P\u00e9rez, en Julio de 2006, emprendedor con ra\u00edces en la construcci\u00f3n que cuenta con un equipo de profesionales con dilatada experiencia para alcanzar los mayores niveles de exigencia y calidad.<\/p>\n","protected":false},"excerpt":{"rendered":"<div class=\"mh-excerpt\"><p>Presentaci\u00f3n Empresa de Sevilla, especializada en la Adecuaci\u00f3n y Reformas de Locales Comerciales a la normativa Vigente. Tambi\u00e9n a la construcci\u00f3n de viviendas, locales y <a class=\"mh-excerpt-more\" href=\"https:\/\/www.construccionescasaalba.es\/insonorizacion\/about\/\" title=\"Presentaci\u00f3n\">[&#8230;]<\/a><\/p>\n<\/div>","protected":false},"author":1,"featured_media":21,"parent":0,"menu_order":0,"comment_status":"open","ping_status":"open","template":"","meta":[],"aioseo_notices":[],"_links":{"self":[{"href":"https:\/\/www.construccionescasaalba.es\/insonorizacion\/wp-json\/wp\/v2\/pages\/2"}],"collection":[{"href":"https:\/\/www.construccionescasaalba.es\/insonorizacion\/wp-json\/wp\/v2\/pages"}],"about":[{"href":"https:\/\/www.construccionescasaalba.es\/insonorizacion\/wp-json\/wp\/v2\/types\/page"}],"author":[{"embeddable":true,"href":"https:\/\/www.construccionescasaalba.es\/insonorizacion\/wp-json\/wp\/v2\/users\/1"}],"replies":[{"embeddable":true,"href":"https:\/\/www.construccionescasaalba.es\/insonorizacion\/wp-json\/wp\/v2\/comments?post=2"}],"version-history":[{"count":7,"href":"https:\/\/www.construccionescasaalba.es\/insonorizacion\/wp-json\/wp\/v2\/pages\/2\/revisions"}],"predecessor-version":[{"id":95,"href":"https:\/\/www.construccionescasaalba.es\/insonorizacion\/wp-json\/wp\/v2\/pages\/2\/revisions\/95"}],"wp:featuredmedia":[{"embeddable":true,"href":"https:\/\/www.construccionescasaalba.es\/insonorizacion\/wp-json\/wp\/v2\/media\/21"}],"wp:attachment":[{"href":"https:\/\/www.construccionescasaalba.es\/insonorizacion\/wp-json\/wp\/v2\/media?parent=2"}],"curies":[{"name":"wp","href":"https:\/\/api.w.org\/{rel}","templated":true}]}}