{"id":196,"date":"2015-09-28T20:11:35","date_gmt":"2015-09-28T20:11:35","guid":{"rendered":"http:\/\/www.construccionescasaalba.es\/insonorizacion\/?page_id=196"},"modified":"2015-09-28T20:11:35","modified_gmt":"2015-09-28T20:11:35","slug":"silenciadores-disipativos-rectangulares-2","status":"publish","type":"page","link":"https:\/\/www.construccionescasaalba.es\/insonorizacion\/productos-b\/silenciadores-acusticos-sevilla\/silenciadores-disipativos-rectangulares-2\/","title":{"rendered":"Silenciadores Disipativos Rectangulares"},"content":{"rendered":"<p><a href=\"http:\/\/www.construccionescasaalba.es\/insonorizacion\/wp-content\/uploads\/2015\/09\/silenciadores-dispativos-rectangulares2.jpg\"><img decoding=\"async\" loading=\"lazy\" class=\"alignnone size-full wp-image-197\" src=\"http:\/\/www.construccionescasaalba.es\/insonorizacion\/wp-content\/uploads\/2015\/09\/silenciadores-dispativos-rectangulares2.jpg\" alt=\"silenciadores-dispativos-rectangulares2\" width=\"178\" height=\"133\" srcset=\"https:\/\/www.construccionescasaalba.es\/insonorizacion\/wp-content\/uploads\/2015\/09\/silenciadores-dispativos-rectangulares2.jpg 178w, https:\/\/www.construccionescasaalba.es\/insonorizacion\/wp-content\/uploads\/2015\/09\/silenciadores-dispativos-rectangulares2-174x131.jpg 174w, https:\/\/www.construccionescasaalba.es\/insonorizacion\/wp-content\/uploads\/2015\/09\/silenciadores-dispativos-rectangulares2-70x53.jpg 70w\" sizes=\"(max-width: 178px) 100vw, 178px\" \/><\/a><\/p>\n<p><span style=\"font-family: 'Arial','sans-serif'; font-size: 10pt;\"><span style=\"color: #000000;\">Este tipo de <\/span><strong><span style=\"font-family: 'Arial','sans-serif';\"><span style=\"color: #000000;\">silenciador<\/span><\/span><\/strong><span style=\"color: #000000;\"> suele ser instalado para refrigeraci\u00f3n de recintos pudi\u00e9ndose tambi\u00e9n intercalar entre conductos de ventilaci\u00f3n. Formados por una carcasa met\u00e1lica exterior y unos \u00a0bafles interiores equidistantes de material absorbente que se intercalan para dejar los pasos de aire necesarios en cada caso. Los <\/span><strong><span style=\"font-family: 'Arial','sans-serif';\"><span style=\"color: #000000;\">silenciadores<\/span><\/span><\/strong><span style=\"color: #000000;\"> son dise\u00f1ados seg\u00fan las necesidades de <\/span><strong><span style=\"font-family: 'Arial','sans-serif';\"><span style=\"color: #000000;\">atenuaci\u00f3n de ruido<\/span><\/span><\/strong><span style=\"color: #000000;\"> y las condiciones espec\u00edficas de cada caso.<\/span><\/span><\/p>\n<p><span style=\"font-family: 'Arial','sans-serif'; font-size: 10pt;\"><span style=\"color: #000000;\">Son\u00a0elementos <\/span><strong><span style=\"font-family: 'Arial','sans-serif';\"><span style=\"color: #000000;\">ac\u00fasticos<\/span><\/span><\/strong><span style=\"color: #000000;\">, formados por una carcasa met\u00e1lica exterior y unos \u00a0bafles interiores de material absorbente que se intercalan para dejar los pasos de aire necesarios en cada caso. Se pueden intercalar en los conductos de aire acondicionado o en entradas y salidas de aire evitando el paso de <\/span><strong><span style=\"font-family: 'Arial','sans-serif';\"><span style=\"color: #000000;\">ruido<\/span><\/span><\/strong><span style=\"color: #000000;\"> a trav\u00e9s de ellos.<\/span><\/span><\/p>\n<p><a href=\"http:\/\/www.construccionescasaalba.es\/insonorizacion\/contactar\/\" target=\"_blank\">P\u00eddenos presupuesto sin compromiso<\/a><\/p>\n<p>&nbsp;<\/p>\n","protected":false},"excerpt":{"rendered":"<div class=\"mh-excerpt\"><p>Este tipo de silenciador suele ser instalado para refrigeraci\u00f3n de recintos pudi\u00e9ndose tambi\u00e9n intercalar entre conductos de ventilaci\u00f3n. Formados por una carcasa met\u00e1lica exterior y <a class=\"mh-excerpt-more\" href=\"https:\/\/www.construccionescasaalba.es\/insonorizacion\/productos-b\/silenciadores-acusticos-sevilla\/silenciadores-disipativos-rectangulares-2\/\" title=\"Silenciadores Disipativos Rectangulares\">[&#8230;]<\/a><\/p>\n<\/div>","protected":false},"author":1,"featured_media":0,"parent":185,"menu_order":0,"comment_status":"closed","ping_status":"closed","template":"","meta":[],"aioseo_notices":[],"_links":{"self":[{"href":"https:\/\/www.construccionescasaalba.es\/insonorizacion\/wp-json\/wp\/v2\/pages\/196"}],"collection":[{"href":"https:\/\/www.construccionescasaalba.es\/insonorizacion\/wp-json\/wp\/v2\/pages"}],"about":[{"href":"https:\/\/www.construccionescasaalba.es\/insonorizacion\/wp-json\/wp\/v2\/types\/page"}],"author":[{"embeddable":true,"href":"https:\/\/www.construccionescasaalba.es\/insonorizacion\/wp-json\/wp\/v2\/users\/1"}],"replies":[{"embeddable":true,"href":"https:\/\/www.construccionescasaalba.es\/insonorizacion\/wp-json\/wp\/v2\/comments?post=196"}],"version-history":[{"count":1,"href":"https:\/\/www.construccionescasaalba.es\/insonorizacion\/wp-json\/wp\/v2\/pages\/196\/revisions"}],"predecessor-version":[{"id":198,"href":"https:\/\/www.construccionescasaalba.es\/insonorizacion\/wp-json\/wp\/v2\/pages\/196\/revisions\/198"}],"up":[{"embeddable":true,"href":"https:\/\/www.construccionescasaalba.es\/insonorizacion\/wp-json\/wp\/v2\/pages\/185"}],"wp:attachment":[{"href":"https:\/\/www.construccionescasaalba.es\/insonorizacion\/wp-json\/wp\/v2\/media?parent=196"}],"curies":[{"name":"wp","href":"https:\/\/api.w.org\/{rel}","templated":true}]}}