{"id":192,"date":"2015-09-28T20:05:35","date_gmt":"2015-09-28T20:05:35","guid":{"rendered":"http:\/\/www.construccionescasaalba.es\/insonorizacion\/?page_id=192"},"modified":"2015-09-28T20:05:35","modified_gmt":"2015-09-28T20:05:35","slug":"silenciadores-disipativos-circulares-2","status":"publish","type":"page","link":"https:\/\/www.construccionescasaalba.es\/insonorizacion\/productos-b\/silenciadores-acusticos-sevilla\/silenciadores-disipativos-circulares-2\/","title":{"rendered":"Silenciadores Disipativos Circulares"},"content":{"rendered":"<p><a href=\"http:\/\/www.construccionescasaalba.es\/insonorizacion\/wp-content\/uploads\/2015\/09\/silenciadores-dispativos-circulares.jpg\"><img decoding=\"async\" loading=\"lazy\" class=\"alignnone size-full wp-image-193\" src=\"http:\/\/www.construccionescasaalba.es\/insonorizacion\/wp-content\/uploads\/2015\/09\/silenciadores-dispativos-circulares.jpg\" alt=\"silenciadores-dispativos-circulares\" width=\"178\" height=\"133\" srcset=\"https:\/\/www.construccionescasaalba.es\/insonorizacion\/wp-content\/uploads\/2015\/09\/silenciadores-dispativos-circulares.jpg 178w, https:\/\/www.construccionescasaalba.es\/insonorizacion\/wp-content\/uploads\/2015\/09\/silenciadores-dispativos-circulares-174x131.jpg 174w, https:\/\/www.construccionescasaalba.es\/insonorizacion\/wp-content\/uploads\/2015\/09\/silenciadores-dispativos-circulares-70x53.jpg 70w\" sizes=\"(max-width: 178px) 100vw, 178px\" \/><\/a><\/p>\n<p><span style=\"font-family: 'Arial','sans-serif'; font-size: 10pt;\"><span style=\"color: #000000;\">Estos tipos de <\/span><strong><span style=\"font-family: 'Arial','sans-serif';\"><span style=\"color: #000000;\">silenciadores<\/span><\/span><\/strong><span style=\"color: #000000;\"> consisten en crear superficies absorbentes de <\/span><strong><span style=\"font-family: 'Arial','sans-serif';\"><span style=\"color: #000000;\">ruido<\/span><\/span><\/strong><span style=\"color: #000000;\"> por donde circula el aire.<\/span><\/span><\/p>\n<p><span style=\"font-family: 'Arial','sans-serif'; font-size: 10pt;\"><span style=\"color: #000000;\">Son dispositivos que se suelen insertar en conductos de ventilaci\u00f3n o directamente en la salida de ventiladores. Seg\u00fan la longitud del <\/span><strong><span style=\"font-family: 'Arial','sans-serif';\"><span style=\"color: #000000;\">silenciador<\/span><\/span><\/strong><span style=\"color: #000000;\"> var\u00eda su atenuaci\u00f3n, pudi\u00e9ndose variar los espesores de los materiales absorbentes se pueden conseguir atenuaciones en diferentes frecuencias seg\u00fan las necesidades de cada caso. Este tipo de <\/span><strong><span style=\"font-family: 'Arial','sans-serif';\"><span style=\"color: #000000;\">silenciadores<\/span><\/span><\/strong><span style=\"color: #000000;\"> son aptos para altas velocidades de paso de aire gracias a la capa protectora de sus materiales absorbentes.<\/span><\/span><\/p>\n<p><a href=\"http:\/\/www.construccionescasaalba.es\/insonorizacion\/contactar\/\" target=\"_blank\">P\u00eddenos presupuesto sin compromiso<\/a><\/p>\n<p>&nbsp;<\/p>\n","protected":false},"excerpt":{"rendered":"<div class=\"mh-excerpt\"><p>Estos tipos de silenciadores consisten en crear superficies absorbentes de ruido por donde circula el aire. Son dispositivos que se suelen insertar en conductos de <a class=\"mh-excerpt-more\" href=\"https:\/\/www.construccionescasaalba.es\/insonorizacion\/productos-b\/silenciadores-acusticos-sevilla\/silenciadores-disipativos-circulares-2\/\" title=\"Silenciadores Disipativos Circulares\">[&#8230;]<\/a><\/p>\n<\/div>","protected":false},"author":1,"featured_media":0,"parent":185,"menu_order":0,"comment_status":"closed","ping_status":"closed","template":"","meta":[],"aioseo_notices":[],"_links":{"self":[{"href":"https:\/\/www.construccionescasaalba.es\/insonorizacion\/wp-json\/wp\/v2\/pages\/192"}],"collection":[{"href":"https:\/\/www.construccionescasaalba.es\/insonorizacion\/wp-json\/wp\/v2\/pages"}],"about":[{"href":"https:\/\/www.construccionescasaalba.es\/insonorizacion\/wp-json\/wp\/v2\/types\/page"}],"author":[{"embeddable":true,"href":"https:\/\/www.construccionescasaalba.es\/insonorizacion\/wp-json\/wp\/v2\/users\/1"}],"replies":[{"embeddable":true,"href":"https:\/\/www.construccionescasaalba.es\/insonorizacion\/wp-json\/wp\/v2\/comments?post=192"}],"version-history":[{"count":1,"href":"https:\/\/www.construccionescasaalba.es\/insonorizacion\/wp-json\/wp\/v2\/pages\/192\/revisions"}],"predecessor-version":[{"id":194,"href":"https:\/\/www.construccionescasaalba.es\/insonorizacion\/wp-json\/wp\/v2\/pages\/192\/revisions\/194"}],"up":[{"embeddable":true,"href":"https:\/\/www.construccionescasaalba.es\/insonorizacion\/wp-json\/wp\/v2\/pages\/185"}],"wp:attachment":[{"href":"https:\/\/www.construccionescasaalba.es\/insonorizacion\/wp-json\/wp\/v2\/media?parent=192"}],"curies":[{"name":"wp","href":"https:\/\/api.w.org\/{rel}","templated":true}]}}