{"id":150,"date":"2015-09-27T18:39:05","date_gmt":"2015-09-27T18:39:05","guid":{"rendered":"http:\/\/www.construccionescasaalba.es\/insonorizacion\/?page_id=150"},"modified":"2015-09-28T12:37:22","modified_gmt":"2015-09-28T12:37:22","slug":"puertas-acusticas-sevilla","status":"publish","type":"page","link":"https:\/\/www.construccionescasaalba.es\/insonorizacion\/productos-b\/puertas-acusticas-sevilla\/","title":{"rendered":"Venta Puertas Ac\u00fasticas Sevilla"},"content":{"rendered":"<figure id=\"attachment_78\" aria-describedby=\"caption-attachment-78\" style=\"width: 178px\" class=\"wp-caption alignleft\"><a href=\"http:\/\/www.construccionescasaalba.es\/insonorizacion\/wp-content\/uploads\/2015\/09\/puertas-acusticas-metalicas3.jpg\"><img decoding=\"async\" loading=\"lazy\" class=\"size-full wp-image-78\" src=\"http:\/\/www.construccionescasaalba.es\/insonorizacion\/wp-content\/uploads\/2015\/09\/puertas-acusticas-metalicas3.jpg\" alt=\"Puerta Acustica Metalica Sevilla\" width=\"178\" height=\"133\" srcset=\"https:\/\/www.construccionescasaalba.es\/insonorizacion\/wp-content\/uploads\/2015\/09\/puertas-acusticas-metalicas3.jpg 178w, https:\/\/www.construccionescasaalba.es\/insonorizacion\/wp-content\/uploads\/2015\/09\/puertas-acusticas-metalicas3-174x131.jpg 174w, https:\/\/www.construccionescasaalba.es\/insonorizacion\/wp-content\/uploads\/2015\/09\/puertas-acusticas-metalicas3-70x53.jpg 70w\" sizes=\"(max-width: 178px) 100vw, 178px\" \/><\/a><figcaption id=\"caption-attachment-78\" class=\"wp-caption-text\">Puerta Acustica Metalica Sevilla<\/figcaption><\/figure>\n<p><a href=\"http:\/\/www.construccionescasaalba.es\/insonorizacion\/contactar\/\" target=\"_blank\">P\u00eddenos presupuesto sin compromiso<\/a><\/p>\n<p><strong>Puertas Ac\u00fasticas Met\u00e1licas<\/strong><\/p>\n<p>Las\u00a0<strong>puertas ac\u00fasticas\u00a0<\/strong>se usan en pasos de recintos diferenciados,\u00a0<strong>evitando la transmisi\u00f3n de ruido\u00a0<\/strong>de uno al otro, gracias a su gran capacidad aislante. Su utilizaci\u00f3n se hace necesaria en usos audiovisuales (estudios de grabaci\u00f3n musicales y de televisi\u00f3n), industriales y en general de todo tipo de ambientes con focos generadores de ruido y que necesitan estar aislados ac\u00fasticamente.<\/p>\n<p>En\u00a0<strong>Casa Alba<\/strong>\u00a0fabricamos e Instalamos todo tipo de <strong>puertas ac\u00fasticas bajo pedido<\/strong>, teniendo <strong>certificaci\u00f3n<\/strong> para puertas de <strong>40 dB<\/strong> y <strong>50 dB<\/strong>.<\/p>\n<p>Nota:<\/p>\n<p>El acabado de las puertas ac\u00fasticas es en galvanizado.<br \/>\nEl acabado de las puertas ac\u00fasticas puede ser lacado al horno en el RAL a elegir.<br \/>\nLas puertas tienen elementos opcionales como cierres antip\u00e1nico, visores, muelles de retorno, etc., que no est\u00e1n incluidos en estos precios<\/p>\n<p><a href=\"http:\/\/www.construccionescasaalba.es\/insonorizacion\/contactar\/\" target=\"_blank\">P\u00eddenos presupuesto sin compromiso<\/a><\/p>\n<p>&nbsp;<\/p>\n<p><strong>Puertas Ac\u00fasticas Madera<\/strong><\/p>\n<p>Las\u00a0<strong>puertas ac\u00fasticas\u00a0<\/strong>se usan en pasos de recintos diferenciados,\u00a0<strong>evitando la transmisi\u00f3n de ruido\u00a0<\/strong>de uno al otro, gracias a su gran capacidad aislante. Su utilizaci\u00f3n se hace necesaria en usos audiovisuales (estudios de grabaci\u00f3n musicales y de televisi\u00f3n), industriales y en general de todo tipo de ambientes con focos generadores de ruido y que necesitan estar aislados ac\u00fasticamente<\/p>\n<p><a href=\"http:\/\/www.construccionescasaalba.es\/insonorizacion\/contactar\/\" target=\"_blank\">P\u00eddenos presupuesto sin compromiso<\/a><\/p>\n","protected":false},"excerpt":{"rendered":"<div class=\"mh-excerpt\"><p>P\u00eddenos presupuesto sin compromiso Puertas Ac\u00fasticas Met\u00e1licas Las\u00a0puertas ac\u00fasticas\u00a0se usan en pasos de recintos diferenciados,\u00a0evitando la transmisi\u00f3n de ruido\u00a0de uno al otro, gracias a su <a class=\"mh-excerpt-more\" href=\"https:\/\/www.construccionescasaalba.es\/insonorizacion\/productos-b\/puertas-acusticas-sevilla\/\" title=\"Venta Puertas Ac\u00fasticas Sevilla\">[&#8230;]<\/a><\/p>\n<\/div>","protected":false},"author":1,"featured_media":82,"parent":123,"menu_order":0,"comment_status":"closed","ping_status":"closed","template":"","meta":[],"aioseo_notices":[],"_links":{"self":[{"href":"https:\/\/www.construccionescasaalba.es\/insonorizacion\/wp-json\/wp\/v2\/pages\/150"}],"collection":[{"href":"https:\/\/www.construccionescasaalba.es\/insonorizacion\/wp-json\/wp\/v2\/pages"}],"about":[{"href":"https:\/\/www.construccionescasaalba.es\/insonorizacion\/wp-json\/wp\/v2\/types\/page"}],"author":[{"embeddable":true,"href":"https:\/\/www.construccionescasaalba.es\/insonorizacion\/wp-json\/wp\/v2\/users\/1"}],"replies":[{"embeddable":true,"href":"https:\/\/www.construccionescasaalba.es\/insonorizacion\/wp-json\/wp\/v2\/comments?post=150"}],"version-history":[{"count":6,"href":"https:\/\/www.construccionescasaalba.es\/insonorizacion\/wp-json\/wp\/v2\/pages\/150\/revisions"}],"predecessor-version":[{"id":183,"href":"https:\/\/www.construccionescasaalba.es\/insonorizacion\/wp-json\/wp\/v2\/pages\/150\/revisions\/183"}],"up":[{"embeddable":true,"href":"https:\/\/www.construccionescasaalba.es\/insonorizacion\/wp-json\/wp\/v2\/pages\/123"}],"wp:featuredmedia":[{"embeddable":true,"href":"https:\/\/www.construccionescasaalba.es\/insonorizacion\/wp-json\/wp\/v2\/media\/82"}],"wp:attachment":[{"href":"https:\/\/www.construccionescasaalba.es\/insonorizacion\/wp-json\/wp\/v2\/media?parent=150"}],"curies":[{"name":"wp","href":"https:\/\/api.w.org\/{rel}","templated":true}]}}