{"id":147,"date":"2015-09-27T18:27:48","date_gmt":"2015-09-27T18:27:48","guid":{"rendered":"http:\/\/www.construccionescasaalba.es\/insonorizacion\/?page_id=147"},"modified":"2015-09-27T18:27:48","modified_gmt":"2015-09-27T18:27:48","slug":"cerramientos-acusticos","status":"publish","type":"page","link":"https:\/\/www.construccionescasaalba.es\/insonorizacion\/productos-b\/cerramientos-acusticos\/","title":{"rendered":"Cerramientos Ac\u00fasticos"},"content":{"rendered":"<p>La instalaci\u00f3n de <strong>cerramientos ac\u00fasticos <\/strong>es el m\u00e9todo m\u00e1s efectivo para <strong>evitar la propagaci\u00f3n del ruido.<\/strong> La finalidad de los <strong>cerramientos ac\u00fasticos <\/strong>es la creaci\u00f3n de un recinto cerrado que a\u00edsle totalmente a un <strong>foco de ruido <\/strong>del exterior.<br \/>\nLos cerramientos est\u00e1n constituidos por\u00a0materiales con gran <strong>amortiguaci\u00f3n sonora<\/strong>: <strong>paneles ac\u00fasticos, silenciadores<\/strong> para la renovaci\u00f3n de aire, <strong>puertas ac\u00fasticas <\/strong>para el acceso de personas, <strong>registros ac\u00fasticos<\/strong>\u2026Son dise\u00f1ados en cada caso seg\u00fan las necesidades del cliente.<br \/>\nSon utilizados cuando el <strong>aislamiento de las pantallas ac\u00fasticas <\/strong>es insuficiente, debido normalmente a la ubicaci\u00f3n del <strong>foco de ruido <\/strong>con respecto a los receptores y a la intensidad de \u00e9ste. No obstante, siempre antes de la ejecuci\u00f3n de cualquier trabajo se procede a realizaci\u00f3n de un estudio con una <strong>simulaci\u00f3n de ruido <\/strong>del escenario a tratar, para saber exactamente las necesidades de aislamiento de cada caso.<\/p>\n<p>Para edificaci\u00f3n las aplicaciones m\u00e1s comunes de los <strong>cerramientos ac\u00fasticos <\/strong>son en instalaciones de climatizaci\u00f3n, maquinas de extracci\u00f3n y grupos electr\u00f3genos. En industria cada l\u00ednea de producci\u00f3n o cada maquinaria puede tener caracter\u00edsticas completamente diferentes, por lo tanto a la hora de dise\u00f1ar un <strong>cerramiento ac\u00fastico <\/strong>hay que hacer una evaluaci\u00f3n completa de la zona que queremos aislar.\u00a0Siempre teniendo en cuenta que las medidas correctoras a aplicar han de garantizar el correcto funcionamiento de la maquinaria, buen acceso para el\u00a0mantenimiento, ventilaci\u00f3n adecuada del nuevo recinto para evitar el sobrecalentamiento del mismo, y de la maquinaria y teniendo en cuenta las condiciones del cerramiento para que no afecten de forma negativa al trabajo del operario.<\/p>\n<p>Los <strong>materiales ac\u00fasticos <\/strong>empleados para la ejecuci\u00f3n de los cerramientos (<strong>paneles ac\u00fasticos, silenciadores, puertas ac\u00fasticas<\/strong>\u2026) est\u00e1n certificados por laboratorio de ensayos y en cada caso se entrega un documento acreditativo del aislamiento de los materiales.<\/p>\n<p>En <strong>Casa Alba<\/strong>, suministramos e Instalamos Cerramientos Ac\u00fasticos que cubren diferentes necesidades.<\/p>\n<p>&nbsp;<\/p>\n<p><a href=\"http:\/\/www.construccionescasaalba.es\/insonorizacion\/contactar\/\" target=\"_blank\">P\u00eddenos presupuesto sin compromiso<\/a><\/p>\n","protected":false},"excerpt":{"rendered":"<div class=\"mh-excerpt\"><p>La instalaci\u00f3n de cerramientos ac\u00fasticos es el m\u00e9todo m\u00e1s efectivo para evitar la propagaci\u00f3n del ruido. La finalidad de los cerramientos ac\u00fasticos es la creaci\u00f3n <a class=\"mh-excerpt-more\" href=\"https:\/\/www.construccionescasaalba.es\/insonorizacion\/productos-b\/cerramientos-acusticos\/\" title=\"Cerramientos Ac\u00fasticos\">[&#8230;]<\/a><\/p>\n<\/div>","protected":false},"author":1,"featured_media":129,"parent":123,"menu_order":0,"comment_status":"closed","ping_status":"closed","template":"","meta":[],"aioseo_notices":[],"_links":{"self":[{"href":"https:\/\/www.construccionescasaalba.es\/insonorizacion\/wp-json\/wp\/v2\/pages\/147"}],"collection":[{"href":"https:\/\/www.construccionescasaalba.es\/insonorizacion\/wp-json\/wp\/v2\/pages"}],"about":[{"href":"https:\/\/www.construccionescasaalba.es\/insonorizacion\/wp-json\/wp\/v2\/types\/page"}],"author":[{"embeddable":true,"href":"https:\/\/www.construccionescasaalba.es\/insonorizacion\/wp-json\/wp\/v2\/users\/1"}],"replies":[{"embeddable":true,"href":"https:\/\/www.construccionescasaalba.es\/insonorizacion\/wp-json\/wp\/v2\/comments?post=147"}],"version-history":[{"count":1,"href":"https:\/\/www.construccionescasaalba.es\/insonorizacion\/wp-json\/wp\/v2\/pages\/147\/revisions"}],"predecessor-version":[{"id":148,"href":"https:\/\/www.construccionescasaalba.es\/insonorizacion\/wp-json\/wp\/v2\/pages\/147\/revisions\/148"}],"up":[{"embeddable":true,"href":"https:\/\/www.construccionescasaalba.es\/insonorizacion\/wp-json\/wp\/v2\/pages\/123"}],"wp:featuredmedia":[{"embeddable":true,"href":"https:\/\/www.construccionescasaalba.es\/insonorizacion\/wp-json\/wp\/v2\/media\/129"}],"wp:attachment":[{"href":"https:\/\/www.construccionescasaalba.es\/insonorizacion\/wp-json\/wp\/v2\/media?parent=147"}],"curies":[{"name":"wp","href":"https:\/\/api.w.org\/{rel}","templated":true}]}}