{"id":2,"date":"2015-10-08T14:44:54","date_gmt":"2015-10-08T14:44:54","guid":{"rendered":"http:\/\/www.construccionescasaalba.es\/incendios\/?page_id=2"},"modified":"2021-04-12T05:19:21","modified_gmt":"2021-04-12T05:19:21","slug":"presentacion","status":"publish","type":"page","link":"https:\/\/www.construccionescasaalba.es\/incendios\/","title":{"rendered":"Contra Incendios Sevilla"},"content":{"rendered":"<p><strong>Presentaci\u00f3n<\/strong><\/p>\n<p>En la <strong><strong>protecci\u00f3n contra incendios y seguridad<\/strong><\/strong>, muy rara vez existe una soluci\u00f3n est\u00e1ndar. Cada edificio y cada \u00e1mbito de aplicaci\u00f3n ocultan riesgos muy particulares y exigen planes de protecci\u00f3n individuales, desde la prevenci\u00f3n hasta la detecci\u00f3n pasando por el sistema de extinci\u00f3n.<\/p>\n<p>Con este amplio objetivo, es enorme el abanico de potenciales riesgos a los que hay que hacer frente que est\u00e1n en continuo cambio. <strong><strong>Caex Contra Incendios<\/strong><\/strong> se enfrenta a estos retos con soluciones de <strong><strong>protecci\u00f3n contra incendios y seguridad<\/strong><\/strong> efectivas, caracterizadas por el conocimiento y la experiencia, la creatividad y por un est\u00e1ndar.<\/p>\n<p><a href=\"http:\/\/www.construccionescasaalba.es\/incendios\/wp-content\/uploads\/2015\/10\/IMG-20151106-WA0007.jpg\"><img decoding=\"async\" loading=\"lazy\" class=\"wp-image-96 aligncenter\" src=\"http:\/\/www.construccionescasaalba.es\/incendios\/wp-content\/uploads\/2015\/10\/IMG-20151106-WA0007-169x300.jpg\" alt=\"IMG-20151106-WA0007\" width=\"104\" height=\"171\"><\/a><\/p>\n<p>Todas nuestras actividades laborales, en nuestra divisi\u00f3n de <strong><strong>seguridad contra incendios<\/strong><\/strong>, est\u00e1n dirigidas a la protecci\u00f3n de las vidas, los bienes y el medio ambiente. Hay tantos tipos de peligros como diferentes edificios y actividades se realizan dentro de ellos. Las siguientes aplicaciones son valiosos ejemplo de la demanda del desarrollo tecnol\u00f3gico:<\/p>\n<ul>\n<li>Protecci\u00f3n contra&nbsp; incendios en grandes almacenes, plantas de pintura, para&nbsp; centros computarizados de m\u00e1quinas y herramientas, en el procesado y reciclado de pl\u00e1sticos,&nbsp; en sistemas de aparcamiento, en centros de&nbsp; comunicaci\u00f3n y de ordenadores, edificios hist\u00f3ricos, en garajes&nbsp; y zonas residenciales, locales comerciales etc&#8230;<\/li>\n<\/ul>\n<p style=\"text-align: center;\"><a href=\"http:\/\/www.construccionescasaalba.es\/incendios\/wp-content\/uploads\/2015\/10\/IMG-20151103-WA0000.jpg\"><img decoding=\"async\" loading=\"lazy\" class=\"alignnone size-medium wp-image-97\" src=\"http:\/\/www.construccionescasaalba.es\/incendios\/wp-content\/uploads\/2015\/10\/IMG-20151103-WA0000-169x300.jpg\" alt=\"IMG-20151103-WA0000\" width=\"169\" height=\"300\" srcset=\"https:\/\/www.construccionescasaalba.es\/incendios\/wp-content\/uploads\/2015\/10\/IMG-20151103-WA0000-169x300.jpg 169w, https:\/\/www.construccionescasaalba.es\/incendios\/wp-content\/uploads\/2015\/10\/IMG-20151103-WA0000-576x1024.jpg 576w, https:\/\/www.construccionescasaalba.es\/incendios\/wp-content\/uploads\/2015\/10\/IMG-20151103-WA0000.jpg 900w\" sizes=\"(max-width: 169px) 100vw, 169px\" \/><\/a><\/p>\n<p>En <strong><strong>Caex Contra Incendios<\/strong><\/strong> ofrecemos una completa <strong><strong>protecci\u00f3n contra incendios y seguridad<\/strong><\/strong> individualizada.<\/p>\n<p><strong><strong>Caex Contra Incendios<\/strong><\/strong> realiza y ejecuta toda la protecci\u00f3n contra incendios y seguridad que necesitas, ya que usamos nuestros propios especialistas cualificados en investigaci\u00f3n y desarrollo, dise\u00f1o, planificaci\u00f3n de proyectos, mantenimiento y formaci\u00f3n.<\/p>\n","protected":false},"excerpt":{"rendered":"<p>Presentaci\u00f3n En la protecci\u00f3n contra incendios y seguridad, muy rara vez existe una soluci\u00f3n est\u00e1ndar. Cada edificio y cada \u00e1mbito de aplicaci\u00f3n ocultan riesgos muy particulares y exigen planes de protecci\u00f3n individuales, desde la prevenci\u00f3n hasta la detecci\u00f3n pasando por <a class=\"more-link\" href=\"https:\/\/www.construccionescasaalba.es\/incendios\/\">Sigue leyendo <span class=\"screen-reader-text\">  Contra Incendios Sevilla<\/span><span class=\"meta-nav\">&rarr;<\/span><\/a><\/p>\n","protected":false},"author":1,"featured_media":95,"parent":0,"menu_order":0,"comment_status":"closed","ping_status":"open","template":"","meta":[],"yoast_head":"<!-- This site is optimized with the Yoast SEO plugin v19.5.1 - https:\/\/yoast.com\/wordpress\/plugins\/seo\/ -->\n<title>Contra Incendios Sevilla<\/title>\n<meta name=\"description\" content=\"CAEX es Casa Alba Extinci\u00f3n, Empresa de Contra Incendios en Sevilla que realiza instalaciones de sistemas de Protecci\u00f3n Contra Incendios\" \/>\n<meta name=\"robots\" content=\"index, follow, max-snippet:-1, max-image-preview:large, max-video-preview:-1\" \/>\n<link rel=\"canonical\" href=\"https:\/\/www.construccionescasaalba.es\/incendios\/\" \/>\n<meta property=\"og:locale\" content=\"es_ES\" \/>\n<meta property=\"og:type\" content=\"article\" \/>\n<meta property=\"og:title\" content=\"Contra Incendios Sevilla\" \/>\n<meta property=\"og:description\" content=\"CAEX es Casa Alba Extinci\u00f3n, Empresa de Contra Incendios en Sevilla que realiza instalaciones de sistemas de Protecci\u00f3n Contra Incendios\" \/>\n<meta property=\"og:url\" content=\"https:\/\/www.construccionescasaalba.es\/incendios\/\" \/>\n<meta property=\"og:site_name\" content=\"Contra Incendios Sevilla\" \/>\n<meta property=\"article:publisher\" content=\"https:\/\/www.facebook.com\/people\/Caex-Contraincendios\/100009431046986\" \/>\n<meta property=\"article:modified_time\" content=\"2021-04-12T05:19:21+00:00\" \/>\n<meta property=\"og:image\" content=\"https:\/\/www.construccionescasaalba.es\/incendios\/wp-content\/uploads\/2015\/10\/20151027_133903-1024x576.jpg\" \/>\n\t<meta property=\"og:image:width\" content=\"1024\" \/>\n\t<meta property=\"og:image:height\" content=\"576\" \/>\n\t<meta property=\"og:image:type\" content=\"image\/jpeg\" \/>\n<meta name=\"twitter:card\" content=\"summary\" \/>\n<meta name=\"twitter:label1\" content=\"Tiempo de lectura\" \/>\n\t<meta name=\"twitter:data1\" content=\"1 minuto\" \/>\n<script type=\"application\/ld+json\" class=\"yoast-schema-graph\">{\"@context\":\"https:\/\/schema.org\",\"@graph\":[{\"@type\":\"WebPage\",\"@id\":\"https:\/\/www.construccionescasaalba.es\/incendios\/\",\"url\":\"https:\/\/www.construccionescasaalba.es\/incendios\/\",\"name\":\"Contra Incendios Sevilla\",\"isPartOf\":{\"@id\":\"https:\/\/www.construccionescasaalba.es\/incendios\/#website\"},\"datePublished\":\"2015-10-08T14:44:54+00:00\",\"dateModified\":\"2021-04-12T05:19:21+00:00\",\"description\":\"CAEX es Casa Alba Extinci\u00f3n, Empresa de Contra Incendios en Sevilla que realiza instalaciones de sistemas de Protecci\u00f3n Contra Incendios\",\"breadcrumb\":{\"@id\":\"https:\/\/www.construccionescasaalba.es\/incendios\/#breadcrumb\"},\"inLanguage\":\"es\",\"potentialAction\":[{\"@type\":\"ReadAction\",\"target\":[\"https:\/\/www.construccionescasaalba.es\/incendios\/\"]}]},{\"@type\":\"BreadcrumbList\",\"@id\":\"https:\/\/www.construccionescasaalba.es\/incendios\/#breadcrumb\",\"itemListElement\":[{\"@type\":\"ListItem\",\"position\":1,\"name\":\"Portada\",\"item\":\"https:\/\/www.construccionescasaalba.es\/incendios\/\"},{\"@type\":\"ListItem\",\"position\":2,\"name\":\"Contra Incendios Sevilla\"}]},{\"@type\":\"WebSite\",\"@id\":\"https:\/\/www.construccionescasaalba.es\/incendios\/#website\",\"url\":\"https:\/\/www.construccionescasaalba.es\/incendios\/\",\"name\":\"Contra Incendios Sevilla\",\"description\":\"Instalacion Contra Incendios Sevilla\",\"publisher\":{\"@id\":\"https:\/\/www.construccionescasaalba.es\/incendios\/#organization\"},\"potentialAction\":[{\"@type\":\"SearchAction\",\"target\":{\"@type\":\"EntryPoint\",\"urlTemplate\":\"https:\/\/www.construccionescasaalba.es\/incendios\/?s={search_term_string}\"},\"query-input\":\"required name=search_term_string\"}],\"inLanguage\":\"es\"},{\"@type\":\"Organization\",\"@id\":\"https:\/\/www.construccionescasaalba.es\/incendios\/#organization\",\"name\":\"Contra Incendios Sevilla\",\"url\":\"https:\/\/www.construccionescasaalba.es\/incendios\/\",\"sameAs\":[\"https:\/\/www.facebook.com\/people\/Caex-Contraincendios\/100009431046986\"],\"logo\":{\"@type\":\"ImageObject\",\"inLanguage\":\"es\",\"@id\":\"https:\/\/www.construccionescasaalba.es\/incendios\/#\/schema\/logo\/image\/\",\"url\":\"https:\/\/www.construccionescasaalba.es\/incendios\/wp-content\/uploads\/2021\/04\/cropped-logo_letras_caex_15-copia.png\",\"contentUrl\":\"https:\/\/www.construccionescasaalba.es\/incendios\/wp-content\/uploads\/2021\/04\/cropped-logo_letras_caex_15-copia.png\",\"width\":306,\"height\":50,\"caption\":\"Contra Incendios Sevilla\"},\"image\":{\"@id\":\"https:\/\/www.construccionescasaalba.es\/incendios\/#\/schema\/logo\/image\/\"}}]}<\/script>\n<!-- \/ Yoast SEO plugin. -->","yoast_head_json":{"title":"Contra Incendios Sevilla","description":"CAEX es Casa Alba Extinci\u00f3n, Empresa de Contra Incendios en Sevilla que realiza instalaciones de sistemas de Protecci\u00f3n Contra Incendios","robots":{"index":"index","follow":"follow","max-snippet":"max-snippet:-1","max-image-preview":"max-image-preview:large","max-video-preview":"max-video-preview:-1"},"canonical":"https:\/\/www.construccionescasaalba.es\/incendios\/","og_locale":"es_ES","og_type":"article","og_title":"Contra Incendios Sevilla","og_description":"CAEX es Casa Alba Extinci\u00f3n, Empresa de Contra Incendios en Sevilla que realiza instalaciones de sistemas de Protecci\u00f3n Contra Incendios","og_url":"https:\/\/www.construccionescasaalba.es\/incendios\/","og_site_name":"Contra Incendios Sevilla","article_publisher":"https:\/\/www.facebook.com\/people\/Caex-Contraincendios\/100009431046986","article_modified_time":"2021-04-12T05:19:21+00:00","og_image":[{"width":1024,"height":576,"url":"https:\/\/www.construccionescasaalba.es\/incendios\/wp-content\/uploads\/2015\/10\/20151027_133903-1024x576.jpg","type":"image\/jpeg"}],"twitter_card":"summary","twitter_misc":{"Tiempo de lectura":"1 minuto"},"schema":{"@context":"https:\/\/schema.org","@graph":[{"@type":"WebPage","@id":"https:\/\/www.construccionescasaalba.es\/incendios\/","url":"https:\/\/www.construccionescasaalba.es\/incendios\/","name":"Contra Incendios Sevilla","isPartOf":{"@id":"https:\/\/www.construccionescasaalba.es\/incendios\/#website"},"datePublished":"2015-10-08T14:44:54+00:00","dateModified":"2021-04-12T05:19:21+00:00","description":"CAEX es Casa Alba Extinci\u00f3n, Empresa de Contra Incendios en Sevilla que realiza instalaciones de sistemas de Protecci\u00f3n Contra Incendios","breadcrumb":{"@id":"https:\/\/www.construccionescasaalba.es\/incendios\/#breadcrumb"},"inLanguage":"es","potentialAction":[{"@type":"ReadAction","target":["https:\/\/www.construccionescasaalba.es\/incendios\/"]}]},{"@type":"BreadcrumbList","@id":"https:\/\/www.construccionescasaalba.es\/incendios\/#breadcrumb","itemListElement":[{"@type":"ListItem","position":1,"name":"Portada","item":"https:\/\/www.construccionescasaalba.es\/incendios\/"},{"@type":"ListItem","position":2,"name":"Contra Incendios Sevilla"}]},{"@type":"WebSite","@id":"https:\/\/www.construccionescasaalba.es\/incendios\/#website","url":"https:\/\/www.construccionescasaalba.es\/incendios\/","name":"Contra Incendios Sevilla","description":"Instalacion Contra Incendios Sevilla","publisher":{"@id":"https:\/\/www.construccionescasaalba.es\/incendios\/#organization"},"potentialAction":[{"@type":"SearchAction","target":{"@type":"EntryPoint","urlTemplate":"https:\/\/www.construccionescasaalba.es\/incendios\/?s={search_term_string}"},"query-input":"required name=search_term_string"}],"inLanguage":"es"},{"@type":"Organization","@id":"https:\/\/www.construccionescasaalba.es\/incendios\/#organization","name":"Contra Incendios Sevilla","url":"https:\/\/www.construccionescasaalba.es\/incendios\/","sameAs":["https:\/\/www.facebook.com\/people\/Caex-Contraincendios\/100009431046986"],"logo":{"@type":"ImageObject","inLanguage":"es","@id":"https:\/\/www.construccionescasaalba.es\/incendios\/#\/schema\/logo\/image\/","url":"https:\/\/www.construccionescasaalba.es\/incendios\/wp-content\/uploads\/2021\/04\/cropped-logo_letras_caex_15-copia.png","contentUrl":"https:\/\/www.construccionescasaalba.es\/incendios\/wp-content\/uploads\/2021\/04\/cropped-logo_letras_caex_15-copia.png","width":306,"height":50,"caption":"Contra Incendios Sevilla"},"image":{"@id":"https:\/\/www.construccionescasaalba.es\/incendios\/#\/schema\/logo\/image\/"}}]}},"_links":{"self":[{"href":"https:\/\/www.construccionescasaalba.es\/incendios\/wp-json\/wp\/v2\/pages\/2"}],"collection":[{"href":"https:\/\/www.construccionescasaalba.es\/incendios\/wp-json\/wp\/v2\/pages"}],"about":[{"href":"https:\/\/www.construccionescasaalba.es\/incendios\/wp-json\/wp\/v2\/types\/page"}],"author":[{"embeddable":true,"href":"https:\/\/www.construccionescasaalba.es\/incendios\/wp-json\/wp\/v2\/users\/1"}],"replies":[{"embeddable":true,"href":"https:\/\/www.construccionescasaalba.es\/incendios\/wp-json\/wp\/v2\/comments?post=2"}],"version-history":[{"count":3,"href":"https:\/\/www.construccionescasaalba.es\/incendios\/wp-json\/wp\/v2\/pages\/2\/revisions"}],"predecessor-version":[{"id":102,"href":"https:\/\/www.construccionescasaalba.es\/incendios\/wp-json\/wp\/v2\/pages\/2\/revisions\/102"}],"wp:featuredmedia":[{"embeddable":true,"href":"https:\/\/www.construccionescasaalba.es\/incendios\/wp-json\/wp\/v2\/media\/95"}],"wp:attachment":[{"href":"https:\/\/www.construccionescasaalba.es\/incendios\/wp-json\/wp\/v2\/media?parent=2"}],"curies":[{"name":"wp","href":"https:\/\/api.w.org\/{rel}","templated":true}]}}