{"id":24,"date":"2015-01-31T18:46:51","date_gmt":"2015-01-31T18:46:51","guid":{"rendered":"http:\/\/www.construccionescasaalba.es\/blog\/?page_id=24"},"modified":"2015-01-31T18:46:58","modified_gmt":"2015-01-31T18:46:58","slug":"boletin-mensual-2","status":"publish","type":"page","link":"https:\/\/www.construccionescasaalba.es\/blog\/boletin-mensual-2\/","title":{"rendered":"Bolet\u00edn Mensual"},"content":{"rendered":"<p>Espacio para la publicaci\u00f3n del Bolet\u00edn Mensual del Blog de Casa Alba Construcciones e Instalaciones.<\/p>\n","protected":false},"excerpt":{"rendered":"<p class=\"excerpt\">Espacio para la publicaci\u00f3n del Bolet\u00edn Mensual del Blog de Casa Alba Construcciones e Instalaciones.<\/p>\n<p class=\"more-link-p\"><a class=\"more-link\" href=\"https:\/\/www.construccionescasaalba.es\/blog\/boletin-mensual-2\/\">Read more &rarr;<\/a><\/p>\n","protected":false},"author":1,"featured_media":0,"parent":0,"menu_order":0,"comment_status":"open","ping_status":"open","template":"","meta":{"_mi_skip_tracking":false,"_monsterinsights_sitenote_active":false,"_monsterinsights_sitenote_note":"","_monsterinsights_sitenote_category":0},"aioseo_notices":[],"_links":{"self":[{"href":"https:\/\/www.construccionescasaalba.es\/blog\/wp-json\/wp\/v2\/pages\/24"}],"collection":[{"href":"https:\/\/www.construccionescasaalba.es\/blog\/wp-json\/wp\/v2\/pages"}],"about":[{"href":"https:\/\/www.construccionescasaalba.es\/blog\/wp-json\/wp\/v2\/types\/page"}],"author":[{"embeddable":true,"href":"https:\/\/www.construccionescasaalba.es\/blog\/wp-json\/wp\/v2\/users\/1"}],"replies":[{"embeddable":true,"href":"https:\/\/www.construccionescasaalba.es\/blog\/wp-json\/wp\/v2\/comments?post=24"}],"version-history":[{"count":1,"href":"https:\/\/www.construccionescasaalba.es\/blog\/wp-json\/wp\/v2\/pages\/24\/revisions"}],"predecessor-version":[{"id":25,"href":"https:\/\/www.construccionescasaalba.es\/blog\/wp-json\/wp\/v2\/pages\/24\/revisions\/25"}],"wp:attachment":[{"href":"https:\/\/www.construccionescasaalba.es\/blog\/wp-json\/wp\/v2\/media?parent=24"}],"curies":[{"name":"wp","href":"https:\/\/api.w.org\/{rel}","templated":true}]}}