{"id":2,"date":"2015-01-30T13:27:10","date_gmt":"2015-01-30T13:27:10","guid":{"rendered":"http:\/\/www.construccionescasaalba.es\/blog\/?page_id=2"},"modified":"2015-02-12T22:53:45","modified_gmt":"2015-02-12T22:53:45","slug":"about","status":"publish","type":"page","link":"https:\/\/www.construccionescasaalba.es\/blog\/about\/","title":{"rendered":"Sobre nosotros"},"content":{"rendered":"<p>Empresa de Sevilla, especializada en la <strong>Adecuaci\u00f3n y Reformas de Locales Comerciales<\/strong> a la normativa Vigente. Tambi\u00e9n a la <strong>construcci\u00f3n de viviendas, locales y Naves Industriales<\/strong>.<\/p>\n<p>Casa Alba, proyecta, dise\u00f1a y ejecuta todas las<strong> instalaciones<\/strong> necesarias para el cumplimiento de las normas y directrices del <strong>C\u00f3digo T\u00e9cnico de la Edificaci\u00f3n<\/strong> en general y las particulares de los organismos\u00a0regionales y locales que necesitan\u00a0\u00a0tanto en Inmuebles de uso Terciario e Industrial, tanto como para residenciales y oficinas.<\/p>\n<div id=\"attachment_6\" style=\"width: 310px\" class=\"wp-caption aligncenter\"><a href=\"http:\/\/www.construccionescasaalba.es\/blog\/wp-content\/uploads\/2015\/01\/logodossier.png\"><img aria-describedby=\"caption-attachment-6\" decoding=\"async\" loading=\"lazy\" class=\"size-medium wp-image-6\" src=\"http:\/\/www.construccionescasaalba.es\/blog\/wp-content\/uploads\/2015\/01\/logodossier-300x129.png\" alt=\"Construcci\u00f3n e Instalaciones\" width=\"300\" height=\"129\" srcset=\"https:\/\/www.construccionescasaalba.es\/blog\/wp-content\/uploads\/2015\/01\/logodossier-300x129.png 300w, https:\/\/www.construccionescasaalba.es\/blog\/wp-content\/uploads\/2015\/01\/logodossier.png 577w\" sizes=\"(max-width: 300px) 100vw, 300px\" \/><\/a><p id=\"caption-attachment-6\" class=\"wp-caption-text\">\u00a0\u00a0\u00a0\u00a0\u00a0\u00a0\u00a0\u00a0\u00a0\u00a0\u00a0\u00a0\u00a0\u00a0\u00a0\u00a0\u00a0\u00a0\u00a0\u00a0\u00a0\u00a0\u00a0\u00a0\u00a0\u00a0\u00a0\u00a0\u00a0\u00a0\u00a0\u00a0\u00a0 Construcci\u00f3n e Instalaciones<\/p><\/div>\n<p>&nbsp;<\/p>\n<div id=\"attachment_9\" style=\"width: 310px\" class=\"wp-caption aligncenter\"><a href=\"http:\/\/www.construccionescasaalba.es\/blog\/wp-content\/uploads\/2015\/01\/2013-12-20-15.01.03.jpg\"><img aria-describedby=\"caption-attachment-9\" decoding=\"async\" loading=\"lazy\" class=\"size-medium wp-image-9\" src=\"http:\/\/www.construccionescasaalba.es\/blog\/wp-content\/uploads\/2015\/01\/2013-12-20-15.01.03-300x225.jpg\" alt=\"Equipo humano Casa Alba\" width=\"300\" height=\"225\" srcset=\"https:\/\/www.construccionescasaalba.es\/blog\/wp-content\/uploads\/2015\/01\/2013-12-20-15.01.03-300x225.jpg 300w, https:\/\/www.construccionescasaalba.es\/blog\/wp-content\/uploads\/2015\/01\/2013-12-20-15.01.03-1024x768.jpg 1024w\" sizes=\"(max-width: 300px) 100vw, 300px\" \/><\/a><p id=\"caption-attachment-9\" class=\"wp-caption-text\">Equipo humano Casa Alba<\/p><\/div>\n","protected":false},"excerpt":{"rendered":"<p class=\"excerpt\">Empresa de Sevilla, especializada en la Adecuaci\u00f3n y Reformas de Locales Comerciales a la normativa Vigente. Tambi\u00e9n a la construcci\u00f3n de viviendas, locales y Naves Industriales. Casa Alba, proyecta, dise\u00f1a y ejecuta todas las instalaciones necesarias para el cumplimiento de las normas y directrices del C\u00f3digo T\u00e9cnico de la Edificaci\u00f3n en general y las particulares&hellip;<\/p>\n<p class=\"more-link-p\"><a class=\"more-link\" href=\"https:\/\/www.construccionescasaalba.es\/blog\/about\/\">Read more &rarr;<\/a><\/p>\n","protected":false},"author":1,"featured_media":0,"parent":0,"menu_order":0,"comment_status":"open","ping_status":"open","template":"","meta":{"_mi_skip_tracking":false,"_monsterinsights_sitenote_active":false,"_monsterinsights_sitenote_note":"","_monsterinsights_sitenote_category":0},"aioseo_notices":[],"_links":{"self":[{"href":"https:\/\/www.construccionescasaalba.es\/blog\/wp-json\/wp\/v2\/pages\/2"}],"collection":[{"href":"https:\/\/www.construccionescasaalba.es\/blog\/wp-json\/wp\/v2\/pages"}],"about":[{"href":"https:\/\/www.construccionescasaalba.es\/blog\/wp-json\/wp\/v2\/types\/page"}],"author":[{"embeddable":true,"href":"https:\/\/www.construccionescasaalba.es\/blog\/wp-json\/wp\/v2\/users\/1"}],"replies":[{"embeddable":true,"href":"https:\/\/www.construccionescasaalba.es\/blog\/wp-json\/wp\/v2\/comments?post=2"}],"version-history":[{"count":4,"href":"https:\/\/www.construccionescasaalba.es\/blog\/wp-json\/wp\/v2\/pages\/2\/revisions"}],"predecessor-version":[{"id":65,"href":"https:\/\/www.construccionescasaalba.es\/blog\/wp-json\/wp\/v2\/pages\/2\/revisions\/65"}],"wp:attachment":[{"href":"https:\/\/www.construccionescasaalba.es\/blog\/wp-json\/wp\/v2\/media?parent=2"}],"curies":[{"name":"wp","href":"https:\/\/api.w.org\/{rel}","templated":true}]}}