{"id":926,"date":"2020-03-29T08:30:29","date_gmt":"2020-03-29T08:30:29","guid":{"rendered":"https:\/\/www.construccionescasaalba.es\/2\/?page_id=926"},"modified":"2020-03-29T09:03:47","modified_gmt":"2020-03-29T09:03:47","slug":"descargas","status":"publish","type":"page","link":"https:\/\/www.construccionescasaalba.es\/2\/descargas\/","title":{"rendered":"Descargas"},"content":{"rendered":"\n<hr class=\"wp-block-separator\"\/>\n\n\n\n<p><strong>Normativa NBE-CPI\/96<\/strong><\/p>\n\n\n\n<p><a href=\"https:\/\/www.construccionescasaalba.es\/descargas?download=1:normativa-nbe-cpi-96\">norma_nbe_cpi_96.pdf<\/a><\/p>\n\n\n\n<p><strong>Consultas NBE &#8211; CPI<\/strong><\/p>\n\n\n\n<p><a href=\"https:\/\/www.construccionescasaalba.es\/descargas?download=2:consultas-nbe-cpi\">consultas_nbe_cpi.pdf<\/a><\/p>\n\n\n\n<p><strong>Reglamento de Seguridad Contraincendioss establecimientos industriales<\/strong><\/p>\n\n\n\n<p><a href=\"https:\/\/www.construccionescasaalba.es\/descargas?download=3:reglamento-de-seguridad-contraincendioss-establecimientos-industriales\">reglamento_seguridad_contra_incendios_establecimientos_industriales.pdf<\/a><\/p>\n\n\n\n<p><strong>Reglamento Electrot\u00e9cnico de Baja Tensi\u00f3n<\/strong><\/p>\n\n\n\n<p><a href=\"https:\/\/www.construccionescasaalba.es\/descargas?download=4:reglamento-electrotecnico-de-baja-tension\">rebt-2002.pdf<\/a><\/p>\n\n\n\n<p><strong>Instrucciones T\u00e9cnicas para Redes de Abastecimiento de Aguas &#8211; Emasesa &#8211;\nSevilla &#8211; Archivo 1<\/strong><\/p>\n\n\n\n<p><a href=\"https:\/\/www.construccionescasaalba.es\/descargas?download=5:instrucciones-tecnicas-para-redes-de-abastecimiento-de-aguas-emasesa-sevilla\">instrucciones_complementarias_abastecimiento de\naguas_emasesa_sevilla1.pdf<\/a><\/p>\n\n\n\n<p><strong>Instrucciones T\u00e9cnicas para Redes de Abastecimiento de Aguas &#8211; Emasesa &#8211;\nSevilla &#8211; Archivo 2<\/strong><\/p>\n\n\n\n<p><a href=\"https:\/\/www.construccionescasaalba.es\/descargas?download=6:instrucciones-tecnicas-para-redes-de-abastecimiento-de-aguas-emasesa-sevilla-archivo-2\">pginas desdeinstrucciones_complementarias_abastecimiento\nde aguas_emasesa_sevilla-2.pdf<\/a><\/p>\n\n\n\n<p><strong>Instrucciones T\u00e9cnicas para Redes de Abastecimiento de Aguas &#8211; Emasesa &#8211;\nSevilla &#8211; Archivo 3<\/strong><\/p>\n\n\n\n<p><a href=\"https:\/\/www.construccionescasaalba.es\/descargas?download=7:instrucciones-tecnicas-para-redes-de-abastecimiento-de-aguas-emasesa-sevilla-archivo-3\">pginas desdeinstrucciones_complementarias_abastecimiento\nde aguas_emasesa_sevilla-3.pdf<\/a><\/p>\n\n\n\n<p><strong>C\u00f3digo T\u00e9cnico de la Edificaci\u00f3n &#8211; 1<\/strong><\/p>\n\n\n\n<p><a href=\"https:\/\/www.construccionescasaalba.es\/descargas?download=8:codigo-tecnico-de-la-edificacion-1\">codigo_tecnico_edificacion_archivo 1.pdf<\/a><\/p>\n\n\n\n<p><strong>Codigo T\u00e9cnico de la Edificaci\u00f3n &#8211; 2<\/strong><\/p>\n\n\n\n<p><a href=\"https:\/\/www.construccionescasaalba.es\/descargas?download=9:codigo-tecnico-de-la-edificacion-2\">codigo_tecnico_edificacion_archivo_2.pdf<\/a><\/p>\n\n\n\n<p><strong>Codigo T\u00e9cnico de la Edificaci\u00f3n &#8211; 3<\/strong><\/p>\n\n\n\n<p><a href=\"https:\/\/www.construccionescasaalba.es\/descargas?download=10:codigo-tecnico-de-la-edificacion-3\">codigo_tecnico_edificacion_archivo_3.pdf<\/a><\/p>\n\n\n\n<p><strong>Codigo T\u00e9cnico de la Edificaci\u00f3n &#8211; 4<\/strong><\/p>\n\n\n\n<p><a href=\"https:\/\/www.construccionescasaalba.es\/descargas?download=11:codigo-tecnico-de-la-edificacion-4\">codigo_tecnico_edificacion_archivo_4.pdf<\/a><\/p>\n\n\n\n<p><strong>Codigo T\u00e9cnico de la Edificaci\u00f3n &#8211; 5<\/strong><\/p>\n\n\n\n<p><a href=\"https:\/\/www.construccionescasaalba.es\/descargas?download=12:codigo-tecnico-de-la-edificacion-5\">codigo_tecnico_edificacion_archivo_5.pdf<\/a><\/p>\n\n\n\n<p><strong>Codigo T\u00e9cnico de la Edificaci\u00f3n &#8211; 6<\/strong><\/p>\n\n\n\n<p><a href=\"https:\/\/www.construccionescasaalba.es\/descargas?download=13:codigo-tecnico-de-la-edificacion-6\">codigo_tecnico_edificacion_archivo_6.pdf<\/a><\/p>\n\n\n\n<p><strong>Codigo T\u00e9cnico de la Edificaci\u00f3n &#8211; 7<\/strong><\/p>\n\n\n\n<p><a href=\"https:\/\/www.construccionescasaalba.es\/descargas?download=14:codigo-tecnico-de-la-edificacion-7\">codigo_tecnico_edificacion_archivo_7.pdf<\/a><\/p>\n\n\n\n<p><strong>Instrucciones T\u00e9cnicas Red de Saneamiento &#8211; Emasesa &#8211; Sevilla &#8211; 1<\/strong><\/p>\n\n\n\n<p><a href=\"https:\/\/www.construccionescasaalba.es\/descargas?download=15:instrucciones-tecnicas-red-de-saneamiento-emasesa-sevilla-1\">instrucciones_tecnicas_red_saneamiento_emasesa_sevilla1\n.pdf<\/a><\/p>\n\n\n\n<p><strong>Instrucciones T\u00e9cnicas Red de Saneamiento &#8211; Emasesa &#8211; Sevilla &#8211; 2<\/strong><\/p>\n\n\n\n<p><a href=\"https:\/\/www.construccionescasaalba.es\/descargas?download=16:instrucciones-tecnicas-red-de-saneamiento-emasesa-sevilla-2\">instrucciones_tecnicas_red_saneamiento_emasesa_sevilla_2\n.pdf<\/a><\/p>\n\n\n\n<p><strong>Instrucciones T\u00e9cnicas Red de Saneamiento &#8211; Emasesa &#8211; Sevilla &#8211; 3<\/strong><\/p>\n\n\n\n<p><a href=\"https:\/\/www.construccionescasaalba.es\/descargas?download=17:instrucciones-tecnicas-red-de-saneamiento-emasesa-sevilla-3\">instrucciones_tecnicas_red_saneamiento_emasesa_sevilla\n-3.pdf<\/a><\/p>\n\n\n\n<p><strong>Previsi\u00f3n de Cargas y Coeficiente de Simultaneidad Endesa Andalucia<\/strong><\/p>\n\n\n\n<p><a href=\"https:\/\/www.construccionescasaalba.es\/descargas?download=18:prevision-de-cargas-y-coeficiente-de-simultaneidad-endesa-andalucia\">prevision_cargas_coeficiente_simultaneidad_andalucia_endesa.pdf<\/a><\/p>\n\n\n\n<p><strong>Normativa RITE Climatizacion<\/strong><\/p>\n\n\n\n<p><a href=\"https:\/\/www.construccionescasaalba.es\/descargas?download=19:normativa-rite-climatizacion\">rite_1027_2007.pdf<\/a><\/p>\n","protected":false},"excerpt":{"rendered":"<p>Normativa NBE-CPI\/96 norma_nbe_cpi_96.pdf Consultas NBE &#8211; CPI consultas_nbe_cpi.pdf Reglamento de Seguridad Contraincendioss establecimientos industriales reglamento_seguridad_contra_incendios_establecimientos_industriales.pdf Reglamento Electrot\u00e9cnico de Baja Tensi\u00f3n rebt-2002.pdf Instrucciones T\u00e9cnicas para Redes de Abastecimiento de Aguas &#8211; Emasesa &#8211; Sevilla &#8211; Archivo 1 instrucciones_complementarias_abastecimiento de aguas_emasesa_sevilla1.pdf Instrucciones T\u00e9cnicas para Redes de Abastecimiento de Aguas &#8211; Emasesa &#8211; Sevilla &#8211; Archivo 2 pginas [&hellip;]<\/p>\n","protected":false},"author":1,"featured_media":0,"parent":0,"menu_order":0,"comment_status":"closed","ping_status":"closed","template":"","meta":{"om_disable_all_campaigns":false},"aioseo_notices":[],"_links":{"self":[{"href":"https:\/\/www.construccionescasaalba.es\/2\/wp-json\/wp\/v2\/pages\/926"}],"collection":[{"href":"https:\/\/www.construccionescasaalba.es\/2\/wp-json\/wp\/v2\/pages"}],"about":[{"href":"https:\/\/www.construccionescasaalba.es\/2\/wp-json\/wp\/v2\/types\/page"}],"author":[{"embeddable":true,"href":"https:\/\/www.construccionescasaalba.es\/2\/wp-json\/wp\/v2\/users\/1"}],"replies":[{"embeddable":true,"href":"https:\/\/www.construccionescasaalba.es\/2\/wp-json\/wp\/v2\/comments?post=926"}],"version-history":[{"count":3,"href":"https:\/\/www.construccionescasaalba.es\/2\/wp-json\/wp\/v2\/pages\/926\/revisions"}],"predecessor-version":[{"id":930,"href":"https:\/\/www.construccionescasaalba.es\/2\/wp-json\/wp\/v2\/pages\/926\/revisions\/930"}],"wp:attachment":[{"href":"https:\/\/www.construccionescasaalba.es\/2\/wp-json\/wp\/v2\/media?parent=926"}],"curies":[{"name":"wp","href":"https:\/\/api.w.org\/{rel}","templated":true}]}}