{"id":80,"date":"2019-08-03T11:16:45","date_gmt":"2019-08-03T11:16:45","guid":{"rendered":"https:\/\/www.construccionescasaalba.es\/2\/?page_id=80"},"modified":"2020-03-28T10:20:22","modified_gmt":"2020-03-28T10:20:22","slug":"obras-y-reformas-sevilla","status":"publish","type":"page","link":"https:\/\/www.construccionescasaalba.es\/2\/obras-y-reformas-sevilla\/","title":{"rendered":"Obras y Reformas Sevilla"},"content":{"rendered":"\n<p>Hacer una&nbsp;<strong>obra<\/strong>&nbsp;y&nbsp;<strong>reformar<\/strong>&nbsp;nuestra casa, obedece a una necesidad o una decisi\u00f3n guiada por la respuesta a un cambio de tendencia que puede materializarse por varias razones.<\/p>\n\n\n\n<p>La&nbsp;<strong>reforma<\/strong>&nbsp;generalmente se produce para corregir problemas en&nbsp;<strong>Construccion de obras<\/strong>&nbsp;anteriores o para atender a nuevas necesidades de espacios y otras circunstancias derivadas de la b\u00fasqueda de la calidad de vida en el hogar.<\/p>\n\n\n\n<p><strong>Las obras y reformas de su casa<\/strong>, ser\u00e1n sin duda mejor gestionadas por nuestros expertos.<\/p>\n\n\n\n<p>Nuestro&nbsp;<strong>conocimiento y experiencia<\/strong>, le asegurar\u00e1 la confianza. Los mejores materiales, le proporcionar\u00e1 la m\u00e1xima calidad exigida.<\/p>\n\n\n\n<p>En&nbsp;<strong>Casa Alba<\/strong>&nbsp;cubrimos territorialmente toda la&nbsp;<strong>Comunidad Aut\u00f3noma de Andaluc\u00eda<\/strong>, donde ofrecemos nuestros servicios de&nbsp;<strong>Obras y Reformas<\/strong>.<\/p>\n\n\n\n<p>Nuestras Actuaciones:<\/p>\n\n\n\n<ul><li>Permisos y proyectos.<\/li><li>Dise\u00f1o e interiorismo.<\/li><li>Maximizaci\u00f3n del espacio.<\/li><li>Tabiquer\u00eda y alba\u00f1iler\u00eda.<\/li><li>Pladur.<\/li><li>Instalaciones integrales.<\/li><li>Revestimientos cer\u00e1micos.<\/li><li>Pintura.<\/li><li>Yeso.<\/li><li>Falsos techos<\/li><li>Parket.<\/li><li>Carpinter\u00eda (madera y aluminio).<\/li><li>Mobiliario de Cocina y Ba\u00f1o a medida<\/li><li>Reformas Integrales.<\/li><\/ul>\n","protected":false},"excerpt":{"rendered":"<p>Hacer una&nbsp;obra&nbsp;y&nbsp;reformar&nbsp;nuestra casa, obedece a una necesidad o una decisi\u00f3n guiada por la respuesta a un cambio de tendencia que puede materializarse por varias razones. La&nbsp;reforma&nbsp;generalmente se produce para corregir problemas en&nbsp;Construccion de obras&nbsp;anteriores o para atender a nuevas necesidades de espacios y otras circunstancias derivadas de la b\u00fasqueda de la calidad de vida en [&hellip;]<\/p>\n","protected":false},"author":1,"featured_media":0,"parent":0,"menu_order":0,"comment_status":"closed","ping_status":"closed","template":"","meta":{"om_disable_all_campaigns":false},"aioseo_notices":[],"_links":{"self":[{"href":"https:\/\/www.construccionescasaalba.es\/2\/wp-json\/wp\/v2\/pages\/80"}],"collection":[{"href":"https:\/\/www.construccionescasaalba.es\/2\/wp-json\/wp\/v2\/pages"}],"about":[{"href":"https:\/\/www.construccionescasaalba.es\/2\/wp-json\/wp\/v2\/types\/page"}],"author":[{"embeddable":true,"href":"https:\/\/www.construccionescasaalba.es\/2\/wp-json\/wp\/v2\/users\/1"}],"replies":[{"embeddable":true,"href":"https:\/\/www.construccionescasaalba.es\/2\/wp-json\/wp\/v2\/comments?post=80"}],"version-history":[{"count":2,"href":"https:\/\/www.construccionescasaalba.es\/2\/wp-json\/wp\/v2\/pages\/80\/revisions"}],"predecessor-version":[{"id":854,"href":"https:\/\/www.construccionescasaalba.es\/2\/wp-json\/wp\/v2\/pages\/80\/revisions\/854"}],"wp:attachment":[{"href":"https:\/\/www.construccionescasaalba.es\/2\/wp-json\/wp\/v2\/media?parent=80"}],"curies":[{"name":"wp","href":"https:\/\/api.w.org\/{rel}","templated":true}]}}