{"id":79,"date":"2019-08-03T11:16:45","date_gmt":"2019-08-03T11:16:45","guid":{"rendered":"https:\/\/www.construccionescasaalba.es\/2\/?page_id=79"},"modified":"2020-03-23T19:18:33","modified_gmt":"2020-03-23T19:18:33","slug":"llave-en-mano","status":"publish","type":"page","link":"https:\/\/www.construccionescasaalba.es\/2\/llave-en-mano\/","title":{"rendered":"Llave en Mano"},"content":{"rendered":"\n<p><strong>Construcciones Casa Alba<\/strong> ofrece a sus clientes la posibilidad de ejecutar sus obras e instalaciones bajo la modalidad \u201c<strong>llave en mano\u201d<\/strong>(Architecture, Engineering, Interior Design, Purchasing and Construction)<\/p>\n\n\n\n<p>Dise\u00f1amos el&nbsp;<strong>Proyecto, el Dise\u00f1o Interior, la obra y la instalaci\u00f3n<\/strong>&nbsp;que nuestro cliente necesita.<\/p>\n\n\n\n<p>Nuestro primer paso una vez acordado, es adquirir los equipos y materiales.<\/p>\n\n\n\n<p>Despu\u00e9s de esto &nbsp;nos encargamos de la ejecuci\u00f3n de toda la obra, adem\u00e1s de todas las instalaciones hasta que el cliente recibe, la instalaci\u00f3n, la planificaci\u00f3n y ejecuci\u00f3n que nos haya contratado y que integran el&nbsp;<strong>Proyecto Llave en mano.<\/strong><\/p>\n\n\n\n<p>Disponemos de un equipo de t\u00e9cnicos especializados que detectan y solucionan los problemas que se vayan presentando durante la intervenci\u00f3n, &nbsp;garantizamos &nbsp;la calidad del trabajo y ejecutamos&nbsp; la puesta en marcha total del&nbsp;<strong>proyecto Llave en mano.<\/strong><\/p>\n\n\n\n<p>El cliente obtiene una obra al precio y plazo pactados, centramos nuestro esfuerzo, tiempo y recursos a su&nbsp;<strong>proyecto Llave en mano,<\/strong>&nbsp;al no tener que coordinar a los numerosos agentes que intervienen (proveedores, instaladores, organismos de control, legalizaciones administrativas, etc, por parte del cliente) adem\u00e1s de aplicar nuestro conocimiento y experiencia adquiridos en el sector.<\/p>\n\n\n\n<p>En definitiva, somos una empresa multidisciplinar, &nbsp;con mucha experiencia en los sectores de Arquitectura, Construcci\u00f3n Comercial, Construcci\u00f3n Residencial, &nbsp;Industrial y de Energ\u00eda, tambi\u00e9n somos creadores y especialistas en el Dise\u00f1o Interior y Decoraci\u00f3n de espacios, siendo capaces de localizar y evaluar las ventajas para el desarrollo de proyectos, adem\u00e1s de planificar, dise\u00f1ar y dirigir todo el proceso de la obra.<\/p>\n\n\n\n<figure class=\"wp-block-image\"><img decoding=\"async\" loading=\"lazy\" width=\"1024\" height=\"423\" src=\"https:\/\/www.construccionescasaalba.es\/2\/wp-content\/uploads\/2019\/07\/cabecera_2-e1563012386569-1024x423.jpg\" alt=\"\" class=\"wp-image-12\"\/><figcaption>Llave en Mano Bar Restaurante Bananna<\/figcaption><\/figure>\n\n\n\n<p>\u00bfQu\u00e9 es un contrato Llave en mano?<\/p>\n\n\n\n<p>Este contrato, muy com\u00fan en el sector de la construcci\u00f3n, significa que nuestra empresa, &nbsp;dise\u00f1a el espacio, la obra e instalaci\u00f3n que necesita nuestro cliente, adquirimos &nbsp;los equipos y materiales, y nos encargamos de la ejecuci\u00f3n de toda la obra, generalmente&nbsp; mediante nuestros propios recursos, y en algunas ocasiones subcontratando parte de los trabajos.<\/p>\n\n\n\n<p>Entregamos el inmueble cualquiera que sea su naturaleza, residencial o local comercial, la instalaci\u00f3n &nbsp;y\/o la obra que necesitaba, al precio que se pacta al inicio del contrato, dejando que nosotros &nbsp;corramos con la tarea de coordinar todo el trabajo hasta su finalizaci\u00f3n.<\/p>\n\n\n\n<p>\u00bfQu\u00e9 ventajas tiene el contrato del Proyecto Llave en mano?<\/p>\n\n\n\n<p>El cliente prefiere ejecutar su obra o instalaci\u00f3n bajo la modalidad \u201cLlave en mano\u201d porque:<\/p>\n\n\n\n<ul><li>Dedica menos esfuerzo, tiempo y recursos a la obra, porque no tiene que coordinar a los distintos agentes que intervienen (proveedores, instaladores, organismos de control, legalizaciones administrativas, etc.)<\/li><li>Dispone de un equipo de especialistas que soluciona los problemas que se presenten.<\/li><li>Tiene un \u00fanico interlocutor al que dirigirse, lo que le facilita el control t\u00e9cnico y econ\u00f3mico de las obras.<\/li><li>Nuestro equipo t\u00e9cnico se encarga de asegurar la calidad del trabajo y reduce los fallos o vicios a la vista y problemas durante y despu\u00e9s de la obra.<\/li><li>El importe de la inversi\u00f3n es conocido de antemano y permite reducir el riesgo financiero de los aumentos de obra inesperados, siempre que no se modifiquen las preferencias del cliente.<\/li><li>El plazo de ejecuci\u00f3n tambi\u00e9n se fija desde el principio, con lo que se puede hacer frente a compromisos a cierto plazo porque se cuenta con una fecha cierta de puesta en marcha.<\/li><\/ul>\n\n\n\n<p>\u00bfEs m\u00e1s caro un&nbsp; Proyecto Llave en mano que la opci\u00f3n tradicional?<\/p>\n\n\n\n<p>Es m\u00e1s barato que la forma convencional, porque:<\/p>\n\n\n\n<p>La opci\u00f3n tradicional consiste en que el cliente contrata por su cuenta todos los agentes y proveedores para la obra, y coordina directamente el trabajo. Este m\u00e9todo generalmente no permite obtener los mejores precios por:<\/p>\n\n\n\n<ul><li>Desconocimiento del mercado si no es profesional de la construcci\u00f3n.<\/li><li>Incompatibilidad de calidades o prestaciones de equipos por carecer de asesoramiento experto.<\/li><li>Problemas de coordinaci\u00f3n si el cliente carece de experiencia en la ejecuci\u00f3n de obras. Duplicidad o solapamiento de las obras e incremento de costo por mala o indebida ejecuci\u00f3n.<\/li><li>Desviaciones en el plazo de ejecuci\u00f3n, apertura de negocios retardada donde proceda e inconvenientes de producci\u00f3n y p\u00e9rdidas a medio plazo.<\/li><\/ul>\n\n\n\n<p>Sin dudas las obras salen m\u00e1s baratas finalmente en el m\u00e9todo \u201cProyecto Llave en mano\u201d que en el convencional, los costes son fijos y el margen del servicio ya est\u00e1 incluido en el precio de la obra, resultar\u00e1 siempre menor que la desviaci\u00f3n de costes en el m\u00e9todo tradicional.<\/p>\n\n\n\n<p><a href=\"mailto: casalba.obras@gmail.com\">P\u00eddanos Presupuesto<\/a><\/p>\n\n\n\n<figure class=\"wp-block-image\"><img decoding=\"async\" loading=\"lazy\" width=\"1024\" height=\"576\" src=\"https:\/\/www.construccionescasaalba.es\/2\/wp-content\/uploads\/2019\/07\/WhatsApp-Image-2017-09-20-at-10.42.30-1-1024x576.jpeg\" alt=\"\" class=\"wp-image-19\" srcset=\"https:\/\/www.construccionescasaalba.es\/2\/wp-content\/uploads\/2019\/07\/WhatsApp-Image-2017-09-20-at-10.42.30-1-1024x576.jpeg 1024w, https:\/\/www.construccionescasaalba.es\/2\/wp-content\/uploads\/2019\/07\/WhatsApp-Image-2017-09-20-at-10.42.30-1-300x169.jpeg 300w, https:\/\/www.construccionescasaalba.es\/2\/wp-content\/uploads\/2019\/07\/WhatsApp-Image-2017-09-20-at-10.42.30-1-768x432.jpeg 768w, https:\/\/www.construccionescasaalba.es\/2\/wp-content\/uploads\/2019\/07\/WhatsApp-Image-2017-09-20-at-10.42.30-1.jpeg 1328w\" sizes=\"(max-width: 1024px) 100vw, 1024px\" \/><figcaption>Proyecto Llave en Mano Sevilla<\/figcaption><\/figure>\n","protected":false},"excerpt":{"rendered":"<p>Construcciones Casa Alba ofrece a sus clientes la posibilidad de ejecutar sus obras e instalaciones bajo la modalidad \u201cllave en mano\u201d(Architecture, Engineering, Interior Design, Purchasing and Construction) Dise\u00f1amos el&nbsp;Proyecto, el Dise\u00f1o Interior, la obra y la instalaci\u00f3n&nbsp;que nuestro cliente necesita. Nuestro primer paso una vez acordado, es adquirir los equipos y materiales. Despu\u00e9s de esto [&hellip;]<\/p>\n","protected":false},"author":1,"featured_media":0,"parent":0,"menu_order":0,"comment_status":"closed","ping_status":"closed","template":"","meta":{"om_disable_all_campaigns":false},"aioseo_notices":[],"_links":{"self":[{"href":"https:\/\/www.construccionescasaalba.es\/2\/wp-json\/wp\/v2\/pages\/79"}],"collection":[{"href":"https:\/\/www.construccionescasaalba.es\/2\/wp-json\/wp\/v2\/pages"}],"about":[{"href":"https:\/\/www.construccionescasaalba.es\/2\/wp-json\/wp\/v2\/types\/page"}],"author":[{"embeddable":true,"href":"https:\/\/www.construccionescasaalba.es\/2\/wp-json\/wp\/v2\/users\/1"}],"replies":[{"embeddable":true,"href":"https:\/\/www.construccionescasaalba.es\/2\/wp-json\/wp\/v2\/comments?post=79"}],"version-history":[{"count":3,"href":"https:\/\/www.construccionescasaalba.es\/2\/wp-json\/wp\/v2\/pages\/79\/revisions"}],"predecessor-version":[{"id":223,"href":"https:\/\/www.construccionescasaalba.es\/2\/wp-json\/wp\/v2\/pages\/79\/revisions\/223"}],"wp:attachment":[{"href":"https:\/\/www.construccionescasaalba.es\/2\/wp-json\/wp\/v2\/media?parent=79"}],"curies":[{"name":"wp","href":"https:\/\/api.w.org\/{rel}","templated":true}]}}