{"id":78,"date":"2019-08-03T11:16:45","date_gmt":"2019-08-03T11:16:45","guid":{"rendered":"https:\/\/www.construccionescasaalba.es\/2\/?page_id=78"},"modified":"2020-03-23T19:19:39","modified_gmt":"2020-03-23T19:19:39","slug":"reformas-local-sevilla","status":"publish","type":"page","link":"https:\/\/www.construccionescasaalba.es\/2\/obras-y-reformas-sevilla\/reformas-local-sevilla\/","title":{"rendered":"Reformas Local Sevilla"},"content":{"rendered":"<div id=\"pl-gb78-69f609b145437\"  class=\"panel-layout\" ><div id=\"pg-gb78-69f609b145437-0\"  class=\"panel-grid panel-no-style\" ><div id=\"pgc-gb78-69f609b145437-0-0\"  class=\"panel-grid-cell\" ><div id=\"panel-gb78-69f609b145437-0-0-0\" class=\"so-panel widget widget_text panel-first-child panel-last-child\" data-index=\"0\" ><h3 class=\"widget-title\"><span>Reforma Local Sevilla<\/span><\/h3>\t\t\t<div class=\"textwidget\"><p><strong>Adecuaci\u00f3n de Locales, oficinas y Naves Industriales<\/strong><\/p>\n<p><strong>Proyectos Llave en mano<\/strong><\/p>\n<p><strong>Reformamos su local u oficina<\/strong> convirti\u00e9ndolo en el espacio adecuado para la implantaci\u00f3n de cualquier tipo de negocio, industria o servicio. Nos ocupamos de todo, nuestros servicios abarcan desde la <strong>ingenier\u00eda, arquitectura y la gesti\u00f3n de licencias<\/strong>, hasta la completa ejecuci\u00f3n de todos los trabajos para conseguir que su proyecto sea todo un \u00e9xito.<\/p>\n<ul>\n<li><strong>Adecuaci\u00f3n de instalaciones comerciales.<\/strong><\/li>\n<li><strong>Adecuaci\u00f3n de centros de trabajo.<\/strong><\/li>\n<li><strong>Adecuaci\u00f3n de naves industriales.<\/strong><\/li>\n<\/ul>\n<p>Casa Alba Construcciones e Instalaciones, es especialista en la normativa de implantaci\u00f3n de actividades comerciales en Locales, oficinas y Naves.<\/p>\n<p>Por ello ofrecemos nuestros servicios de Reformas de locales, Reformas de viviendas, oficinas y naves en Sevilla, M\u00e1laga, Huelva, C\u00e1diz y C\u00f3rdoba.<\/p>\n<p>Nuestras actuaciones se centran en:<\/p>\n<ol>\n<li>Reformas de locales.<\/li>\n<li>Reformas de oficinas.<\/li>\n<li>Reformas de viviendas.<\/li>\n<li>Reformas de naves.<\/li>\n<li>Hoteles<\/li>\n<li>Naves industriales.<\/li>\n<\/ol>\n<\/div>\n\t\t<\/div><\/div><\/div><\/div>","protected":false},"excerpt":{"rendered":"<p>Adecuaci\u00f3n de Locales, oficinas y Naves Industriales Proyectos Llave en mano Reformamos su local u oficina convirti\u00e9ndolo en el espacio adecuado para la implantaci\u00f3n de cualquier tipo de negocio, industria o servicio. Nos ocupamos de todo, nuestros servicios abarcan desde la ingenier\u00eda, arquitectura y la gesti\u00f3n de licencias, hasta la completa ejecuci\u00f3n de todos los [&hellip;]<\/p>\n","protected":false},"author":1,"featured_media":0,"parent":80,"menu_order":0,"comment_status":"closed","ping_status":"closed","template":"","meta":{"om_disable_all_campaigns":false},"aioseo_notices":[],"_links":{"self":[{"href":"https:\/\/www.construccionescasaalba.es\/2\/wp-json\/wp\/v2\/pages\/78"}],"collection":[{"href":"https:\/\/www.construccionescasaalba.es\/2\/wp-json\/wp\/v2\/pages"}],"about":[{"href":"https:\/\/www.construccionescasaalba.es\/2\/wp-json\/wp\/v2\/types\/page"}],"author":[{"embeddable":true,"href":"https:\/\/www.construccionescasaalba.es\/2\/wp-json\/wp\/v2\/users\/1"}],"replies":[{"embeddable":true,"href":"https:\/\/www.construccionescasaalba.es\/2\/wp-json\/wp\/v2\/comments?post=78"}],"version-history":[{"count":2,"href":"https:\/\/www.construccionescasaalba.es\/2\/wp-json\/wp\/v2\/pages\/78\/revisions"}],"predecessor-version":[{"id":613,"href":"https:\/\/www.construccionescasaalba.es\/2\/wp-json\/wp\/v2\/pages\/78\/revisions\/613"}],"up":[{"embeddable":true,"href":"https:\/\/www.construccionescasaalba.es\/2\/wp-json\/wp\/v2\/pages\/80"}],"wp:attachment":[{"href":"https:\/\/www.construccionescasaalba.es\/2\/wp-json\/wp\/v2\/media?parent=78"}],"curies":[{"name":"wp","href":"https:\/\/api.w.org\/{rel}","templated":true}]}}