{"id":421,"date":"2014-04-08T22:01:19","date_gmt":"2014-04-08T22:01:19","guid":{"rendered":"https:\/\/www.construccionescasaalba.es\/2\/construccion-sostenible-de-andalucia\/"},"modified":"2020-03-29T08:07:00","modified_gmt":"2020-03-29T08:07:00","slug":"construccion-sostenible-de-andalucia","status":"publish","type":"page","link":"https:\/\/www.construccionescasaalba.es\/2\/construccion-sostenible-de-andalucia\/","title":{"rendered":"Construcci\u00f3n Sostenible de Andaluc\u00eda"},"content":{"rendered":"<h3>Casa Alba es una empresa colaboradora del\u00a0\u00a0Programa de impulso a la construcci\u00f3n sostenible<\/h3>\n<p>Con la entrada en vigor del Decreto-Ley 1\/2014, de 18 de marzo, que regula el Programa de Impulso a la <strong>Construcci\u00f3n Sostenible en Andaluc\u00eda<\/strong>, desde el 1 de abril de 2014 la Junta de Andaluc\u00eda facilita la realizaci\u00f3n de actuaciones de ahorro, eficiencia energ\u00e9tica y energ\u00edas renovables en los edificios existentes de Andaluc\u00eda.<\/p>\n<p><strong> Los incentivos<\/strong> concedidos al amparo de este Programa, est\u00e1n dirigidos a<strong> ciudadanos, incluyendo comunidades de propietarios y cooperativas de viviendas,<\/strong> que promuevan actuaciones que favorezcan el <strong>ahorro energ\u00e9tico<\/strong>, la mejora de la eficiencia energ\u00e9tica y el aprovechamiento de las energ\u00edas renovables en edificios ubicados en Andaluc\u00eda, a trav\u00e9s de la realizaci\u00f3n de<strong> obras de rehabilitaci\u00f3n, reforma, adecuaci\u00f3n al uso e instalaciones eficientes<\/strong>.<\/p>\n<h3>Programa de impulso a la construcci\u00f3n sostenible en Andaluc\u00eda<\/h3>\n<p>Se financiar\u00e1n actuaciones, parciales o totales y deber\u00e1n ser ejecutadas por empresas adheridas a este Programa.<\/p>\n<p>Estas actuaciones podr\u00e1n ser:<\/p>\n<p><strong>1. Obras de adecuaci\u00f3n energ\u00e9tica de edificios para conseguir su mejor comportamiento t\u00e9rmico y\/o condiciones de iluminaci\u00f3n natural. <\/strong><\/p>\n<p><strong>2. Obras de dotaci\u00f3n de instalaciones energ\u00e9ticamente eficientes que permitan el ahorro en la generaci\u00f3n, distribuci\u00f3n y uso as\u00ed como el aprovechamiento de fuentes renovables. <\/strong><\/p>\n<p><strong>El programa de impulso a la construcci\u00f3n sostenible en Andaluc\u00eda est\u00e1 cofinanciado por el Fondo Europeo de Desarrollo Regional (FEDER).<\/strong><\/p>\n","protected":false},"excerpt":{"rendered":"<p>Casa Alba es una empresa colaboradora del\u00a0\u00a0Programa de impulso a la construcci\u00f3n sostenible Con la entrada en vigor del Decreto-Ley 1\/2014, de 18 de marzo, que regula el Programa de Impulso a la Construcci\u00f3n Sostenible en Andaluc\u00eda, desde el 1 de abril de 2014 la Junta de Andaluc\u00eda facilita la realizaci\u00f3n de actuaciones de ahorro, [&hellip;]<\/p>\n","protected":false},"author":1,"featured_media":0,"parent":0,"menu_order":0,"comment_status":"closed","ping_status":"closed","template":"","meta":{"om_disable_all_campaigns":false},"aioseo_notices":[],"_links":{"self":[{"href":"https:\/\/www.construccionescasaalba.es\/2\/wp-json\/wp\/v2\/pages\/421"}],"collection":[{"href":"https:\/\/www.construccionescasaalba.es\/2\/wp-json\/wp\/v2\/pages"}],"about":[{"href":"https:\/\/www.construccionescasaalba.es\/2\/wp-json\/wp\/v2\/types\/page"}],"author":[{"embeddable":true,"href":"https:\/\/www.construccionescasaalba.es\/2\/wp-json\/wp\/v2\/users\/1"}],"replies":[{"embeddable":true,"href":"https:\/\/www.construccionescasaalba.es\/2\/wp-json\/wp\/v2\/comments?post=421"}],"version-history":[{"count":3,"href":"https:\/\/www.construccionescasaalba.es\/2\/wp-json\/wp\/v2\/pages\/421\/revisions"}],"predecessor-version":[{"id":922,"href":"https:\/\/www.construccionescasaalba.es\/2\/wp-json\/wp\/v2\/pages\/421\/revisions\/922"}],"wp:attachment":[{"href":"https:\/\/www.construccionescasaalba.es\/2\/wp-json\/wp\/v2\/media?parent=421"}],"curies":[{"name":"wp","href":"https:\/\/api.w.org\/{rel}","templated":true}]}}