{"id":413,"date":"2014-03-25T14:55:56","date_gmt":"2014-03-25T14:55:56","guid":{"rendered":"https:\/\/www.construccionescasaalba.es\/2\/certificado-de-eficiencia-energetica\/"},"modified":"2020-03-17T08:57:41","modified_gmt":"2020-03-17T08:57:41","slug":"certificado-de-eficiencia-energetica","status":"publish","type":"page","link":"https:\/\/www.construccionescasaalba.es\/2\/certificado-de-eficiencia-energetica\/","title":{"rendered":"Certificado de Eficiencia Energ\u00e9tica"},"content":{"rendered":"<h3>Certificado de Eficiencia Energ\u00e9tica<\/h3>\n<p>Como confirmaci\u00f3n de nuestra extensa cartera de servicios, en <strong>Casa Alba<\/strong>, tambi\u00e9n Certificamos la caracter\u00edsticas energ\u00e9ticas de su Inmueble.<\/p>\n<p>El certificado de<strong> eficiencia energ\u00e9tica o certificado energ\u00e9tico<\/strong> es un documento oficial redactado por un t\u00e9cnico competente que incluye informaci\u00f3n objetiva sobre las caracter\u00edsticas energ\u00e9ticas de un inmueble.<\/p>\n<p>En este sentido, la <strong>certificaci\u00f3n energ\u00e9tica<\/strong> califica energ\u00e9ticamente un inmueble calculando el consumo anual de energ\u00eda necesario para satisfacer la demanda energ\u00e9tica de un edificio en condiciones normales de ocupaci\u00f3n y funcionamiento. (incluye la producci\u00f3n de agua caliente, calefacci\u00f3n, iluminaci\u00f3n, refrigeraci\u00f3n y ventilaci\u00f3n).<\/p>\n<p>El proceso de <strong>certificaci\u00f3n energ\u00e9tica<\/strong> concluye con la emisi\u00f3n de un <strong>certificado de eficiencia energ\u00e9tica<\/strong> y la asignaci\u00f3n de una etiqueta energ\u00e9tica.<\/p>\n<p>La escala de <strong>calificaci\u00f3n energ\u00e9tica<\/strong> es de siete letras y var\u00eda entre las letras A (edificio m\u00e1s eficiente energ\u00e9ticamente) y G (edificio menos eficiente energ\u00e9ticamente).<\/p>\n<p>La etiqueta energ\u00e9tica expresa la calificaci\u00f3n energ\u00e9tica de un edificio otorgando una de estas letras. Este certificado resulta obligatorio, salvo excepciones, para el propietario de cualquier parte individual de un edificio existente (viviendas, oficinas o locales) objeto de una operaci\u00f3n de compraventa o de alquiler.<\/p>\n<h3>CONTENIDO DEL <strong>CERTIFICADO DE EFICIENCIA ENERG\u00c9TICA<\/strong><\/h3>\n<p>Todo <strong>certificado de eficiencia energ\u00e9tica<\/strong> tendr\u00e1 como m\u00ednimo:<\/p>\n<p>1.- Identificaci\u00f3n del edificio o, si es el caso, de la parte del mismo que se certifica<\/p>\n<p>2.- Identificaci\u00f3n del procedimiento escogido para la obtenci\u00f3n de la calificaci\u00f3n energ\u00e9tica de un edificio (opci\u00f3n general, programa inform\u00e1tico, o opci\u00f3n simplificada) indicando la siguiente informaci\u00f3n:<\/p>\n<p>\u2022 Descripci\u00f3n de las caracter\u00edsticas energ\u00e9ticas del edificio, envolvente t\u00e9rmica, condiciones normales de funcionamiento y ocupaci\u00f3n, instalaciones y otros datos utilizados para obtener la calificaci\u00f3n energ\u00e9tica del edificio.<\/p>\n<p>\u2022 Identificaci\u00f3n de la normativa sobre el ahorro y eficiencia energ\u00e9tica que le era de aplicaci\u00f3n en el momento de construcci\u00f3n (si existiera)<\/p>\n<p>\u2022 Descripci\u00f3n de las comprobaciones, pruebas e inspecciones llevadas a cabo por el t\u00e9cnico certificador, durante la fase de calificaci\u00f3n energ\u00e9tica con la finalidad de estableces la conformidad de la informaci\u00f3n contenida en el certificado energ\u00e9tico<\/p>\n<p>3.- <strong>Calificaci\u00f3n de la eficiencia energ\u00e9tica<\/strong> del edificio expresada mediante la etiqueta energ\u00e9tica<\/p>\n<p>4.- Documento que recoja las medidas recomendadas por el t\u00e9cnico certificador, clasificadas seg\u00fan su viabilidad t\u00e9cnica, funcional y econ\u00f3mica, as\u00ed como por su repercusi\u00f3n energ\u00e9tica, que permitan, en el caso de que el propietario del edificio decida acometer voluntariamente esas medidas, que la calificaci\u00f3n energ\u00e9tica mejore como m\u00ednimo un nivel en la escala de calificaci\u00f3n energ\u00e9tica.<\/p>\n<p>SE NECESITA PARA \u2026<\/p>\n<p>Desde el punto de visto normativo, la norma actual exige que todos los edificios existentes, cuando se vendan o se arrienden, dispongan de un certificado de eficiencia energ\u00e9tica. Por ello, resulta obligatorio disponer de dicho certificado (el notario te lo pedir\u00e1) antes de proceder a realizar la venta o contrato de arrendamiento correspondiente.<\/p>\n<p>Desde el punto de vista del propietario del inmueble, el certificado energ\u00e9tico le informar\u00e1 de lo eficiente que es un edificio (o parte de \u00e9ste) aportando una variable m\u00e1s a tener en cuenta en toda operaci\u00f3n de compraventa del edificio o parte de \u00e9ste. El certificado le aportar\u00e1 una ventaja o desventaja comparativa respecto al resto de sus competidores.<\/p>\n<p>En definitiva, la nueva norma tiene como finalidad favorecer la promoci\u00f3n de edificios de alta eficiencia energ\u00e9tica e inversiones en ahorro de energ\u00eda.<\/p>\n","protected":false},"excerpt":{"rendered":"<p>Certificado de Eficiencia Energ\u00e9tica Como confirmaci\u00f3n de nuestra extensa cartera de servicios, en Casa Alba, tambi\u00e9n Certificamos la caracter\u00edsticas energ\u00e9ticas de su Inmueble. El certificado de eficiencia energ\u00e9tica o certificado energ\u00e9tico es un documento oficial redactado por un t\u00e9cnico competente que incluye informaci\u00f3n objetiva sobre las caracter\u00edsticas energ\u00e9ticas de un inmueble. En este sentido, la [&hellip;]<\/p>\n","protected":false},"author":1,"featured_media":0,"parent":0,"menu_order":0,"comment_status":"closed","ping_status":"closed","template":"","meta":{"om_disable_all_campaigns":false},"aioseo_notices":[],"_links":{"self":[{"href":"https:\/\/www.construccionescasaalba.es\/2\/wp-json\/wp\/v2\/pages\/413"}],"collection":[{"href":"https:\/\/www.construccionescasaalba.es\/2\/wp-json\/wp\/v2\/pages"}],"about":[{"href":"https:\/\/www.construccionescasaalba.es\/2\/wp-json\/wp\/v2\/types\/page"}],"author":[{"embeddable":true,"href":"https:\/\/www.construccionescasaalba.es\/2\/wp-json\/wp\/v2\/users\/1"}],"replies":[{"embeddable":true,"href":"https:\/\/www.construccionescasaalba.es\/2\/wp-json\/wp\/v2\/comments?post=413"}],"version-history":[{"count":1,"href":"https:\/\/www.construccionescasaalba.es\/2\/wp-json\/wp\/v2\/pages\/413\/revisions"}],"predecessor-version":[{"id":602,"href":"https:\/\/www.construccionescasaalba.es\/2\/wp-json\/wp\/v2\/pages\/413\/revisions\/602"}],"wp:attachment":[{"href":"https:\/\/www.construccionescasaalba.es\/2\/wp-json\/wp\/v2\/media?parent=413"}],"curies":[{"name":"wp","href":"https:\/\/api.w.org\/{rel}","templated":true}]}}