{"id":409,"date":"2014-03-24T15:36:07","date_gmt":"2014-03-24T15:36:07","guid":{"rendered":"https:\/\/www.construccionescasaalba.es\/2\/mediciones-acusticas-sevilla\/"},"modified":"2020-03-21T07:44:03","modified_gmt":"2020-03-21T07:44:03","slug":"mediciones-acusticas-sevilla","status":"publish","type":"page","link":"https:\/\/www.construccionescasaalba.es\/2\/mediciones-acusticas-sevilla\/","title":{"rendered":"Mediciones Ac\u00fasticas Sevilla"},"content":{"rendered":"\n<h3 class=\"wp-block-heading\">MEDICIONES AC\u00daSTICAS<\/h3>\n\n\n\n<p>Si precisa de una Medici\u00f3n Ac\u00fastica, en Sevilla o toda Andaluc\u00eda, contacte con nuestra empresa. Le asesoraremos desde un primer momento sobre cualquier aspecto relacionado con la misma y le prepararemos un presupuesto sin compromiso alguno.<\/p>\n\n\n\n<p>La finalidad m\u00e1s frecuente de una Medici\u00f3n Ac\u00fastica es determinar si los niveles ac\u00fasticos se ajustan a los umbrales de ruido que marcan las diferentes legislaciones.<\/p>\n\n\n\n<p>Las Mediciones Ac\u00fasticas confirman el cumplimiento en los municipios de las ordenanzas contra la contaminaci\u00f3n ac\u00fastica y tambi\u00e9n de las normativas auton\u00f3micas o nacionales en materia de protecci\u00f3n ac\u00fastica.<\/p>\n\n\n\n<p>Las Mediciones de Aislamiento Ac\u00fastico son necesarias generalmente para la apertura de locales p\u00fablicos que a los que se le requiere un nivel espec\u00edfico de aislamiento en la normativa vigente.<\/p>\n\n\n\n<p>En esta p\u00e1gina hacemos menci\u00f3n al resto de medidas de ruido en las que trabajamos y a la metodolog\u00eda que seguimos.<\/p>\n\n\n\n<p>Frecuentemente realizamos Mediciones Ac\u00fasticas en lugares que soportan un elevado nivel de ruido debido a maquinaria de ascensores, aparatos de aire acondicionado, puertas de garaje y cualquier otro elemento que pueda generar ruido en un determinado punto. Si estos aparatos superan el nivel permitido legalmente se puede pedir la revisi\u00f3n de los mismos o que se a\u00edslen ac\u00fasticamente. medicion ac\u00fastica.<\/p>\n\n\n\n<p>Tambi\u00e9n realizamos mediciones motivadas por la presencia en las inmediaciones o en el mismo edificio de actividades comerciales que generan un alto nivel de ruido.<\/p>\n\n\n\n<p>Otro tipo de mediciones, cada d\u00eda m\u00e1s frecuente, son las que se realizan para asegurar unas condiciones de insonorizaci\u00f3n especiales en determinados recintos de car\u00e1cter cultural (teatros, auditorios) o residencial (hoteles).<\/p>\n\n\n\n<p>En estos casos se buscan niveles de ruido por debajo de los exigidos por la ley para tener unos par\u00e1metros de confort ac\u00fastico elevados.<\/p>\n\n\n\n<p>Otra variedad de mediciones del ruido frecuentes son las que tomamos en el exterior de edificios para comprobar que el ruido generado por el tr\u00e1fico, alguna actividad comercial o industrial pr\u00f3xima, un aeropuerto, etc. no supera lo permitido por la ley.<\/p>\n\n\n\n<h3 class=\"wp-block-heading\">Medici\u00f3n&nbsp;de ruido<\/h3>\n\n\n\n<p>En el campo de la seguridad laboral realizamos mediciones ac\u00fasticas para verificar el cumplimiento de las normativas de prevenci\u00f3n de riesgos laborales, donde est\u00e1n claramente definidos los l\u00edmites de ruido que deben soportar los trabajadores.<\/p>\n\n\n\n<p>En otros casos aunque no se superen los niveles de ruido legales, reducir la exposici\u00f3n al mismo permite optimizar la capacidad de trabajo de la plantilla.<\/p>\n\n\n\n<p>Los pasos que seguimos a la hora de realizar una Medici\u00f3n Ac\u00fastica son los siguientes:<\/p>\n\n\n\n<p>1. En primer lugar definimos las caracter\u00edsticas del estudio ac\u00fastico a realizar con precisi\u00f3n.<\/p>\n\n\n\n<p>a) Tenemos en cuenta el origen del ruido (puntual o difuso).<\/p>\n\n\n\n<p>b) El tipo de utilizaci\u00f3n que se hace del recinto (vivienda, local comercial, industrial, etc.).<\/p>\n\n\n\n<p>c) Tambi\u00e9n consideramos el horario en el que se van a realizan las mediciones; al ser los l\u00edmites de ruido admisibles diferentes durante el d\u00eda y la noche.<\/p>\n\n\n\n<p>2. Despu\u00e9s consideramos los \u00edndices ac\u00fasticos que se deben medir.<\/p>\n\n\n\n<p>3. Posteriormente y en funci\u00f3n de los mismos escogemos la instrumentaci\u00f3n adecuada para realizar dichas medidas. Los son\u00f3metros con los que contamos tienen integradas la mayor\u00eda de las posibilidades que se puedan presentar, no teniendo que recurrir en la mayor\u00eda de los casos a instrumentaci\u00f3n adicional. Nuestros son\u00f3metros est\u00e1n homologados y son calibrados por un laboratorio independiente una vez al a\u00f1o o en un plazo inferior; esto es necesario para poder dar fiabilidad las mediciones.<\/p>\n\n\n\n<p>4. Posteriormente hay que establecer los puntos de medida y el tiempo en el que se realiza la medici\u00f3n. El software incorporado a nuestros son\u00f3metros registra cualquier acontecimiento sonoro, siendo \u00fanicamente necesario anotar cualquier incidencia que se pueda producir durante la medici\u00f3n ajena al objeto de la misma.<\/p>\n\n\n\n<p>5. Posteriormente toda la informaci\u00f3n obtenida es tratada con un programa inform\u00e1tico en el que realizamos los c\u00e1lculos oportunos. Mediciones ac\u00fassticas<\/p>\n\n\n\n<p>6. El resultado de estos c\u00e1lculos nos permite redactar un informe ac\u00fastico donde quedan reflejadas todas las caracter\u00edsticas de la medici\u00f3n de ruido realizada y las conclusiones de la misma.<\/p>\n\n\n\n<p>Teniendo este informe validez plena ante las diferentes Administraciones P\u00fablicas, o ante un juez si se tratara de un juicio referente al ruido.<\/p>\n\n\n\n<p>Si precisa de una Medici\u00f3n Ac\u00fastica, en Sevilla o toda Andaluc\u00eda, contacte con nuestra empresa. Le asesoraremos desde un primer momento sobre cualquier aspecto relacionado con la misma y le prepararemos un presupuesto sin compromiso alguno.<\/p>\n","protected":false},"excerpt":{"rendered":"<p>MEDICIONES AC\u00daSTICAS Si precisa de una Medici\u00f3n Ac\u00fastica, en Sevilla o toda Andaluc\u00eda, contacte con nuestra empresa. Le asesoraremos desde un primer momento sobre cualquier aspecto relacionado con la misma y le prepararemos un presupuesto sin compromiso alguno. La finalidad m\u00e1s frecuente de una Medici\u00f3n Ac\u00fastica es determinar si los niveles ac\u00fasticos se ajustan a [&hellip;]<\/p>\n","protected":false},"author":1,"featured_media":0,"parent":0,"menu_order":2,"comment_status":"closed","ping_status":"closed","template":"","meta":{"om_disable_all_campaigns":false},"aioseo_notices":[],"_links":{"self":[{"href":"https:\/\/www.construccionescasaalba.es\/2\/wp-json\/wp\/v2\/pages\/409"}],"collection":[{"href":"https:\/\/www.construccionescasaalba.es\/2\/wp-json\/wp\/v2\/pages"}],"about":[{"href":"https:\/\/www.construccionescasaalba.es\/2\/wp-json\/wp\/v2\/types\/page"}],"author":[{"embeddable":true,"href":"https:\/\/www.construccionescasaalba.es\/2\/wp-json\/wp\/v2\/users\/1"}],"replies":[{"embeddable":true,"href":"https:\/\/www.construccionescasaalba.es\/2\/wp-json\/wp\/v2\/comments?post=409"}],"version-history":[{"count":1,"href":"https:\/\/www.construccionescasaalba.es\/2\/wp-json\/wp\/v2\/pages\/409\/revisions"}],"predecessor-version":[{"id":627,"href":"https:\/\/www.construccionescasaalba.es\/2\/wp-json\/wp\/v2\/pages\/409\/revisions\/627"}],"wp:attachment":[{"href":"https:\/\/www.construccionescasaalba.es\/2\/wp-json\/wp\/v2\/media?parent=409"}],"curies":[{"name":"wp","href":"https:\/\/api.w.org\/{rel}","templated":true}]}}