{"id":405,"date":"2014-03-24T14:52:34","date_gmt":"2014-03-24T14:52:34","guid":{"rendered":"https:\/\/www.construccionescasaalba.es\/2\/i-c-i-o-impuesto-construcciones-instalaciones-y-obras\/"},"modified":"2014-03-24T14:52:34","modified_gmt":"2014-03-24T14:52:34","slug":"i-c-i-o-impuesto-construcciones-instalaciones-y-obras","status":"publish","type":"page","link":"https:\/\/www.construccionescasaalba.es\/2\/i-c-i-o-impuesto-construcciones-instalaciones-y-obras\/","title":{"rendered":"I.C.I.O Impuesto Construcciones, Instalaciones y Obras Sevilla"},"content":{"rendered":"<h3>ICIO<\/h3>\n<h3>Impuesto sobre Construcciones, Instalaciones y Obras<\/h3>\n<p>En <strong>Casa Alba<\/strong> gestionamos toda la documentaci\u00f3n relativa a su obra y los permisos que les son inherentes.<\/p>\n<p>El<strong> impuesto sobre Construcciones, Instalaciones y Obras (ICIO)<\/strong> es un tributo indirecto cuyo hecho imponible est\u00e1 constituido por la realizaci\u00f3n, dentro del t\u00e9rmino municipal, de cualquier <strong>construcci\u00f3n, instalaci\u00f3n u obra<\/strong> para la que se exija obtenci\u00f3n de la correspondiente<strong> licencia de obras o urban\u00edstica<\/strong>, se haya obtenido o no dicha licencia, o para la que se exija la presentaci\u00f3n de declaraci\u00f3n responsable o comunicaci\u00f3n previa ante la <strong>Gerencia de Urbanismo<\/strong>, siempre que su expedici\u00f3n corresponda a este municipio.<\/p>\n<p>Se entienden incluidas en el hecho imponible del impuesto las <strong>construcciones, instalaciones u obras<\/strong> que se realicen en cumplimiento de una orden de ejecuci\u00f3n municipal o aquellas otras que requieran la previa existencia de un acuerdo aprobatorio, de una concesi\u00f3n o de una <strong>autorizaci\u00f3n municipal<\/strong>. En tales casos, la licencia aludida en el apartado anterior se considerar\u00e1 otorgada una vez haya sido dictada la orden de ejecuci\u00f3n<\/p>\n<p>\u00bfQui\u00e9n es el obligado al pago (Sujetos pasivos)?<\/p>\n<p>Son sujetos pasivos contribuyentes de este impuesto, las personas f\u00edsicas o jur\u00eddicas y entidades a que se refiere el art\u00edculo 35 de de la Ley 58\/2003, de 17 de diciembre, General Tributaria, que sean <strong>due\u00f1os de la construcci\u00f3n, instalaci\u00f3n u obra<\/strong>, sean o no propietarios del inmueble sobre la que se realiza, pero que soporten los gastos o el coste que comporte su realizaci\u00f3n.<\/p>\n<p>Cuando las <strong>construcciones, instalaciones u obras<\/strong>, no sean realizadas directamente por el sujeto pasivo contribuyente, ser\u00e1 su sustituto quien solicite las correspondientes licencias o presenten las correspondientes declaraciones responsables o comunicaciones previas, o las ejecuten efectivamente.<\/p>\n<p>\u00a0<\/p>\n<p>Fuente: Ayuntamiento.<\/p>\n","protected":false},"excerpt":{"rendered":"<p>ICIO Impuesto sobre Construcciones, Instalaciones y Obras En Casa Alba gestionamos toda la documentaci\u00f3n relativa a su obra y los permisos que les son inherentes. El impuesto sobre Construcciones, Instalaciones y Obras (ICIO) es un tributo indirecto cuyo hecho imponible est\u00e1 constituido por la realizaci\u00f3n, dentro del t\u00e9rmino municipal, de cualquier construcci\u00f3n, instalaci\u00f3n u obra [&hellip;]<\/p>\n","protected":false},"author":1,"featured_media":0,"parent":0,"menu_order":4,"comment_status":"closed","ping_status":"closed","template":"","meta":{"om_disable_all_campaigns":false},"aioseo_notices":[],"_links":{"self":[{"href":"https:\/\/www.construccionescasaalba.es\/2\/wp-json\/wp\/v2\/pages\/405"}],"collection":[{"href":"https:\/\/www.construccionescasaalba.es\/2\/wp-json\/wp\/v2\/pages"}],"about":[{"href":"https:\/\/www.construccionescasaalba.es\/2\/wp-json\/wp\/v2\/types\/page"}],"author":[{"embeddable":true,"href":"https:\/\/www.construccionescasaalba.es\/2\/wp-json\/wp\/v2\/users\/1"}],"replies":[{"embeddable":true,"href":"https:\/\/www.construccionescasaalba.es\/2\/wp-json\/wp\/v2\/comments?post=405"}],"version-history":[{"count":0,"href":"https:\/\/www.construccionescasaalba.es\/2\/wp-json\/wp\/v2\/pages\/405\/revisions"}],"wp:attachment":[{"href":"https:\/\/www.construccionescasaalba.es\/2\/wp-json\/wp\/v2\/media?parent=405"}],"curies":[{"name":"wp","href":"https:\/\/api.w.org\/{rel}","templated":true}]}}