{"id":403,"date":"2014-03-24T13:28:08","date_gmt":"2014-03-24T13:28:08","guid":{"rendered":"https:\/\/www.construccionescasaalba.es\/2\/licencia-obra-sevilla\/"},"modified":"2014-03-24T13:28:08","modified_gmt":"2014-03-24T13:28:08","slug":"licencia-obra-sevilla","status":"publish","type":"page","link":"https:\/\/www.construccionescasaalba.es\/2\/licencia-obra-sevilla\/","title":{"rendered":"Licencia Obra Sevilla"},"content":{"rendered":"<h3>Proyecto Ejecuci\u00f3n de Obras Sevilla<\/h3>\n<p>En Casa Alba, podemos realizar cualquiera de estas gestiones para usted:<\/p>\n<ul>\n<li><strong>Proyectos de ejecuci\u00f3n de obras para adecuaci\u00f3n de locales comerciales e inmuebles de negocio y tambi\u00e9n la tramitaci\u00f3n de licencia de obras.<\/strong><\/li>\n<li><strong>Dise\u00f1o de instalaciones: el\u00e9ctricas, gas, calefacci\u00f3n, climatizaci\u00f3n, contraincendios, telecomunicaciones, energ\u00eda solar, aislamiento ac\u00fastico, etc. <\/strong><\/li>\n<li><strong>Proyectos de arquitectura residencial. <\/strong><\/li>\n<li><strong>Proyectos de interiorismo y decoraci\u00f3n. <\/strong><\/li>\n<li><strong>Estudios te\u00f3ricos de adecuaci\u00f3n ac\u00fastica. <\/strong><\/li>\n<li><strong>Direcci\u00f3n de obras e instalaciones. <\/strong><\/li>\n<li><strong>Servicios de topograf\u00eda y replanteo topogr\u00e1fico.\u00a0\u00a0<\/strong><\/li>\n<\/ul>\n<h3>Licencia de obra<\/h3>\n<p>La<strong> Licencia de obra o Licencia urban\u00edstica o Permiso de construcci\u00f3n<\/strong> es un permiso requerido, normalmente por la administraci\u00f3n local, para la realizaci\u00f3n de cualquier tipo de <strong>construcci\u00f3n<\/strong>, supone la <strong>autorizaci\u00f3n municipal<\/strong> para realizar las obras.<\/p>\n<p>Su fin es comprobar la adecuaci\u00f3n de la solicitud de licencia a lo establecido en la normativa urban\u00edstica.<\/p>\n<p>En la mayor\u00eda de los casos, aunque depende de la legislaci\u00f3n vigente en cada regi\u00f3n, est\u00e1n sujetos a licencia de obras las siguientes actividades:<\/p>\n<ul>\n<li><strong>Las parcelaciones urban\u00edsticas. <\/strong><\/li>\n<li><strong>Los movimientos de tierra. <\/strong><\/li>\n<li><strong>Las obras de nueva planta. <\/strong><\/li>\n<li><strong>Las modificaciones de estructura o aspecto exterior de las edificaciones existentes.<\/strong><\/li>\n<li><strong> Las obras que modifiquen la disposici\u00f3n interior de los edificios cualquiera que sea su uso. <\/strong><\/li>\n<li><strong>La primera utilizaci\u00f3n de los edificios y las modificaciones de uso de los mismos. <\/strong><\/li>\n<li><strong>El uso del vuelo sobre edificaciones e instalaciones en general. <\/strong><\/li>\n<li><strong>Las instalaciones subterr\u00e1neas dedicadas a aparcamientos o cualquier otro uso. <\/strong><\/li>\n<li><strong>La demolici\u00f3n de construcciones. <\/strong><\/li>\n<li><strong>La colocaci\u00f3n de carteles de propaganda visibles desde la v\u00eda p\u00fablica.<\/strong><\/li>\n<li><strong> La corta de \u00e1rboles enclavados en terrenos dentro del Plasn de Ordenaci\u00f3n Urbana. <\/strong><\/li>\n<li><strong>Los dem\u00e1s actos que se se\u00f1alen en los Planes.<\/strong><\/li>\n<\/ul>\n","protected":false},"excerpt":{"rendered":"<p>Proyecto Ejecuci\u00f3n de Obras Sevilla En Casa Alba, podemos realizar cualquiera de estas gestiones para usted: Proyectos de ejecuci\u00f3n de obras para adecuaci\u00f3n de locales comerciales e inmuebles de negocio y tambi\u00e9n la tramitaci\u00f3n de licencia de obras. Dise\u00f1o de instalaciones: el\u00e9ctricas, gas, calefacci\u00f3n, climatizaci\u00f3n, contraincendios, telecomunicaciones, energ\u00eda solar, aislamiento ac\u00fastico, etc. Proyectos de arquitectura [&hellip;]<\/p>\n","protected":false},"author":1,"featured_media":0,"parent":0,"menu_order":5,"comment_status":"closed","ping_status":"closed","template":"","meta":{"om_disable_all_campaigns":false},"aioseo_notices":[],"_links":{"self":[{"href":"https:\/\/www.construccionescasaalba.es\/2\/wp-json\/wp\/v2\/pages\/403"}],"collection":[{"href":"https:\/\/www.construccionescasaalba.es\/2\/wp-json\/wp\/v2\/pages"}],"about":[{"href":"https:\/\/www.construccionescasaalba.es\/2\/wp-json\/wp\/v2\/types\/page"}],"author":[{"embeddable":true,"href":"https:\/\/www.construccionescasaalba.es\/2\/wp-json\/wp\/v2\/users\/1"}],"replies":[{"embeddable":true,"href":"https:\/\/www.construccionescasaalba.es\/2\/wp-json\/wp\/v2\/comments?post=403"}],"version-history":[{"count":0,"href":"https:\/\/www.construccionescasaalba.es\/2\/wp-json\/wp\/v2\/pages\/403\/revisions"}],"wp:attachment":[{"href":"https:\/\/www.construccionescasaalba.es\/2\/wp-json\/wp\/v2\/media?parent=403"}],"curies":[{"name":"wp","href":"https:\/\/api.w.org\/{rel}","templated":true}]}}