{"id":401,"date":"2014-03-24T12:52:21","date_gmt":"2014-03-24T12:52:21","guid":{"rendered":"https:\/\/www.construccionescasaalba.es\/2\/licencia-apertura-sevilla\/"},"modified":"2023-07-22T09:51:38","modified_gmt":"2023-07-22T09:51:38","slug":"licencia-apertura-sevilla","status":"publish","type":"page","link":"https:\/\/www.construccionescasaalba.es\/2\/licencia-apertura-sevilla\/","title":{"rendered":"Licencia Apertura Sevilla"},"content":{"rendered":"<h3>Licencia de apertura o instalaci\u00f3n Sevilla<\/h3>\n<p><strong>Contamos con una \u00e1gil estructura organizativa<\/strong>.<\/p>\n<p>Casa Alba Construcciones por medio de su <strong>oficina T\u00e9cnica<\/strong>, ofrece sus <strong>servicios a empresas<\/strong> de todo tipo as\u00ed como a profesionales del sector y particulares.<\/p>\n<p>Entre nuestros servicios se encuentra el<strong> dise\u00f1o interior y distribuciones de locales comerciales<\/strong>, con un estudio completo de las <strong>necesidades del local y de los permisos necesarios<\/strong>, as\u00ed como otros servicios m\u00e1s espec\u00edficos que nuestros clientes requieran.<\/p>\n<p>La \u00e1gil estructura organizativa que poseemos, unida a los medios t\u00e9cnicos adquiridos, nos permite prestar un servicio especializado con la mayor flexibilidad y rapidez de respuesta.&nbsp;&nbsp;<\/p>\n<h3>LICENCIA DE APERTURA SEVILLA<\/h3>\n<p>Est\u00e1n sujetos a licencia de apertura seg\u00fan se regula en las Ordenanzas de Actividades:<\/p>\n<p>\u2022El comienzo por primera vez de una actividad en un establecimiento.<\/p>\n<p>\u2022El traslado de una actividad a un nuevo establecimiento, aunque en el anterior ya constase con licencia de Apertura.<\/p>\n<p>\u2022La ampliaci\u00f3n del establecimiento donde se desarrolle una actividad legalizada, de manera que se incremente su superficie o volumen.<\/p>\n<p>\u2022La modificaci\u00f3n sustancial de la actividad ejercida en el mismo establecimiento, aunque no exista variaci\u00f3n del local en s\u00ed o de su titular<\/p>\n<p>\u2022La modificaci\u00f3n de un establecimiento como consecuencia del derribo, reconstrucci\u00f3n o reforma del edificio aun cuando la configuraci\u00f3n f\u00edsica del nuevo establecimiento y de la nueva actividad coincidan con los anteriormente existentes.<\/p>\n<p>\u2022La nueva puesta en marcha de una actividad, tras su cierre por un periodo superior a un a\u00f1o.<\/p>\n<p>Quedan excluidos del deber de solicitar y obtener Licencia de Apertura, con independencia de que pudieran necesitar de cualquier otro tipo de autorizaci\u00f3n administrativa:<\/p>\n<p>\u2022Los usos residenciales y sus instalaciones complementarias privadas (trasteros, locales para uso exclusivo de reuni\u00f3n de la Comunidad de Propietarios y garajes, piscinas, pistas deportivas, etc,), siempre que se encuentren dentro de la misma parcela o conjunto residencial ocupado por los usos residenciales a que se vinculan.<\/p>\n<p>\u2022Los establecimientos situados en la zona de puestos de Mercados de Abastos municipales, por entenderse impl\u00edcita la Licencia en la adjudicaci\u00f3n del puesto.<\/p>\n<p>\u2022Los quioscos para venta de prensa, revistas y publicaciones, chucher\u00edas, flores, boletos y otros objetos no especificados, situados en los espacios libres de la ciudad, que se regular\u00e1n por la Ordenanza correspondiente.<\/p>\n<p>\u2022La venta ambulante, situada en la v\u00eda y espacios p\u00fablicos, que se regular\u00e1 por la Ordenanza correspondiente.<\/p>\n<p>\u2022Los puestos, barracas, casetas o atracciones instaladas en espacios abiertos con motivo de fiestas tradicionales del municipio, que se ajustar\u00e1n, en su caso, a lo establecido en las normas espec\u00edficas.<\/p>\n<p>\u2022El ejercicio individual de Actividades profesionales o art\u00edsticas de car\u00e1cter liberal, siempre que no utilicen f\u00f3rmulas sociales sometidas al derecho mercantil, ni produzcan en su desarrollo residuos, vertidos o radiaciones t\u00f3xicas o peligrosas, ni contaminantes a la atm\u00f3sfera no asimilables a los producidos por el uso residencial.<\/p>\n<p>Se except\u00faan expresamente de esta exlcusi\u00f3n aquellas Actividades de \u00edndole sanitario o asistencial que incluyan alg\u00fan tipo de intervenci\u00f3n quir\u00fargica, dispongan de aparatos de radiodiagn\u00f3stico o aquellas en cuyo desarrollo se prevea la presencia de animales.<\/p>\n<p>En todo caso, s\u00f3lo se entender\u00e1n excluidas aquellas Actividades que, adem\u00e1s de lo anterior, cumplan todos y cada uno de los requisitos exigibles por el art. 93\u00ba de la presente Ordenanza.<\/p>\n<p>\u2022Las oficinas y servicios de las administraciones p\u00fablicas, excepto en aquellos casos en que dicho requisito sea exigible por norma espec\u00edfica.<\/p>\n<p>\u2022Las sedes estatutarias y administrativas de las dem\u00e1s corporaciones de derecho p\u00fablico, las fundaciones y las entidades no mercantiles sin \u00e1nimo de lucro, excepto en aquellos casos en que dicho requisito sea exigible por norma espec\u00edfica.<\/p>\n<p>\u2022Las celebraciones ocasionales de car\u00e1cter estrictamente privado, familiar o docente, as\u00ed como las que supongan el ejercicio de derechos fundamentales en el \u00e1mbito laboral, pol\u00edtico, religioso o sindical.<\/p>\n<p>En todo caso, tanto los Establecimientos en los que se desarrollen las Actividades excluidas como sus Instalaciones, habr\u00e1n de cumplimentar las exigencias que les sean de aplicaci\u00f3n en virtud de las normas que sean aplicables.<\/p>\n<p>Fuente: Ayuntamiento de Sevilla<\/p>\n","protected":false},"excerpt":{"rendered":"<p>Licencia de apertura o instalaci\u00f3n Sevilla Contamos con una \u00e1gil estructura organizativa. Casa Alba Construcciones por medio de su oficina T\u00e9cnica, ofrece sus servicios a empresas de todo tipo as\u00ed como a profesionales del sector y particulares. Entre nuestros servicios se encuentra el dise\u00f1o interior y distribuciones de locales comerciales, con un estudio completo de [&hellip;]<\/p>\n","protected":false},"author":1,"featured_media":0,"parent":0,"menu_order":6,"comment_status":"closed","ping_status":"closed","template":"","meta":{"om_disable_all_campaigns":false},"aioseo_notices":[],"_links":{"self":[{"href":"https:\/\/www.construccionescasaalba.es\/2\/wp-json\/wp\/v2\/pages\/401"}],"collection":[{"href":"https:\/\/www.construccionescasaalba.es\/2\/wp-json\/wp\/v2\/pages"}],"about":[{"href":"https:\/\/www.construccionescasaalba.es\/2\/wp-json\/wp\/v2\/types\/page"}],"author":[{"embeddable":true,"href":"https:\/\/www.construccionescasaalba.es\/2\/wp-json\/wp\/v2\/users\/1"}],"replies":[{"embeddable":true,"href":"https:\/\/www.construccionescasaalba.es\/2\/wp-json\/wp\/v2\/comments?post=401"}],"version-history":[{"count":1,"href":"https:\/\/www.construccionescasaalba.es\/2\/wp-json\/wp\/v2\/pages\/401\/revisions"}],"predecessor-version":[{"id":1098,"href":"https:\/\/www.construccionescasaalba.es\/2\/wp-json\/wp\/v2\/pages\/401\/revisions\/1098"}],"wp:attachment":[{"href":"https:\/\/www.construccionescasaalba.es\/2\/wp-json\/wp\/v2\/media?parent=401"}],"curies":[{"name":"wp","href":"https:\/\/api.w.org\/{rel}","templated":true}]}}