{"id":395,"date":"2014-03-13T17:32:43","date_gmt":"2014-03-13T17:32:43","guid":{"rendered":"https:\/\/www.construccionescasaalba.es\/2\/mantenimiento-integral-de-edificios-e-instalaciones\/"},"modified":"2014-03-13T17:32:43","modified_gmt":"2014-03-13T17:32:43","slug":"mantenimiento-integral-de-edificios-e-instalaciones","status":"publish","type":"page","link":"https:\/\/www.construccionescasaalba.es\/2\/mantenimiento-integral-de-edificios-e-instalaciones\/","title":{"rendered":"Mantenimiento integral de edificios e instalaciones"},"content":{"rendered":"<h3>Mantenimiento integral de edificios e instalaciones<\/h3>\n<h3>Tareas de mantenimiento de instalaciones electromec\u00e1nicas<\/h3>\n<p>En Casa Alba, el <strong>mantenimiento<\/strong> se aborda desde una concepci\u00f3n integral que abarca desde el <strong>asesoramiento<\/strong> sobre las tecnolog\u00edas y materiales a utilizar, el an\u00e1lisis de la viabilidad del futuro mantenimiento y la colaboraci\u00f3n en la redacci\u00f3n de gamas de trabajos, hasta la prestaci\u00f3n de los <strong>servicios de mantenimiento normativo, preventivo, conductivo, predictivo y correctivo.<\/strong><\/p>\n<p>La ejecuci\u00f3n de<strong> trabajos de adecuaci\u00f3n, reforma y\/o mejora, servicio urgente de mantenimiento las 24 horas<\/strong>, todos los d\u00edas del a\u00f1o, y la elaboraci\u00f3n de diagn\u00f3sticos sobre el estado de las instalaciones y elaboraci\u00f3n de auditor\u00edas energ\u00e9ticas completan la gama de prestaciones en esta actividad.<\/p>\n<p>Los servicios de mantenimiento se aplican a todo tipo de instalaciones:<\/p>\n<ul>\n<li><strong>Instalaciones el\u00e9ctricas (de alta y baja tensi\u00f3n)<\/strong><\/li>\n<li><strong> Instalaciones de climatizaci\u00f3n <\/strong><\/li>\n<li><strong>Instalaciones mec\u00e1nicas y maquinaria diversa<\/strong><\/li>\n<li><strong>Instalaciones Fontaner\u00eda<\/strong><\/li>\n<li><strong> Instalaciones agua caliente sanitaria y calefacci\u00f3n<\/strong><\/li>\n<li><strong> Instalaciones contra incendios<\/strong><\/li>\n<li><strong>Control centralizado<\/strong><\/li>\n<li><strong>Cerrajer\u00eda <\/strong><\/li>\n<li><strong>Herrer\u00eda <\/strong><\/li>\n<li><strong>Carpinter\u00eda de Madera y Aluminio <\/strong><\/li>\n<li><strong>Pintura<\/strong><\/li>\n<\/ul>\n","protected":false},"excerpt":{"rendered":"<p>Mantenimiento integral de edificios e instalaciones Tareas de mantenimiento de instalaciones electromec\u00e1nicas En Casa Alba, el mantenimiento se aborda desde una concepci\u00f3n integral que abarca desde el asesoramiento sobre las tecnolog\u00edas y materiales a utilizar, el an\u00e1lisis de la viabilidad del futuro mantenimiento y la colaboraci\u00f3n en la redacci\u00f3n de gamas de trabajos, hasta la [&hellip;]<\/p>\n","protected":false},"author":1,"featured_media":0,"parent":0,"menu_order":2,"comment_status":"closed","ping_status":"closed","template":"","meta":{"om_disable_all_campaigns":false},"aioseo_notices":[],"_links":{"self":[{"href":"https:\/\/www.construccionescasaalba.es\/2\/wp-json\/wp\/v2\/pages\/395"}],"collection":[{"href":"https:\/\/www.construccionescasaalba.es\/2\/wp-json\/wp\/v2\/pages"}],"about":[{"href":"https:\/\/www.construccionescasaalba.es\/2\/wp-json\/wp\/v2\/types\/page"}],"author":[{"embeddable":true,"href":"https:\/\/www.construccionescasaalba.es\/2\/wp-json\/wp\/v2\/users\/1"}],"replies":[{"embeddable":true,"href":"https:\/\/www.construccionescasaalba.es\/2\/wp-json\/wp\/v2\/comments?post=395"}],"version-history":[{"count":0,"href":"https:\/\/www.construccionescasaalba.es\/2\/wp-json\/wp\/v2\/pages\/395\/revisions"}],"wp:attachment":[{"href":"https:\/\/www.construccionescasaalba.es\/2\/wp-json\/wp\/v2\/media?parent=395"}],"curies":[{"name":"wp","href":"https:\/\/api.w.org\/{rel}","templated":true}]}}