{"id":385,"date":"2014-03-13T15:35:48","date_gmt":"2014-03-13T15:35:48","guid":{"rendered":"https:\/\/www.construccionescasaalba.es\/2\/instalaciones-interiores-en-viviendas\/"},"modified":"2014-03-13T15:35:48","modified_gmt":"2014-03-13T15:35:48","slug":"instalaciones-interiores-en-viviendas","status":"publish","type":"page","link":"https:\/\/www.construccionescasaalba.es\/2\/instalaciones-interiores-en-viviendas\/","title":{"rendered":"INSTALACIONES INTERIORES EN VIVIENDAS"},"content":{"rendered":"<h3>INSTALACIONES INTERIORES EN VIVIENDAS<\/h3>\n<h3>PRESCRIPCIONES GENERALES DE INSTALACI\u00d3N<\/h3>\n<p><strong>\u00cdNDICE <\/strong><\/p>\n<p><strong>1. \u00c1MBITO DE APLICACI\u00d3N. <\/strong><\/p>\n<p><strong>2. TENSIONES DE UTILIZACI\u00d3N Y ESQUEMA DE CONEXI\u00d3N. <\/strong><\/p>\n<p><strong>3. TOMAS DE TIERRA.<\/strong><\/p>\n<ul>\n<li>3.1 Instalaci\u00f3n.<\/li>\n<li>3.2 Elementos a conectar a tierra.<\/li>\n<li>3.3 Puntos de puesta a tierra.<\/li>\n<li>3.4 L\u00edneas principales de tierra. Derivaciones.<\/li>\n<li>3.5 Conductores de protecci\u00f3n.<\/li>\n<\/ul>\n<p><strong>4. PROTECCI\u00d3N CONTRA CONTACTOS INDIRECTOS. <\/strong><\/p>\n<p><strong>5. CUADRO GENERAL DE DISTRIBUCI\u00d3N. <\/strong><\/p>\n<p><strong>6. CONDUCTORES.<\/strong><\/p>\n<ul>\n<li>6.1 Naturaleza y Secciones.<\/li>\n<li>6.1.1 Conductores activos.<\/li>\n<li>6.1.2 Conductores de protecci\u00f3n.<\/li>\n<li>6.2 Identificaci\u00f3n de los conductores.<\/li>\n<li>6.3 Conexiones.<\/li>\n<\/ul>\n<p><strong>7. EJECUCI\u00d3N DE LAS INSTALACIONES.<\/strong><\/p>\n<p>7.1 Sistema de instalaci\u00f3n.<\/p>\n<p>7.2 Condiciones generales.<\/p>\n<p><strong>1. \u00c1MBITO DE APLICACI\u00d3N.<\/strong><\/p>\n<p>Las prescripciones objeto de esta Instrucci\u00f3n son complementarias de las expuestas en la ITC-BT-19 y aplicables a las instalaciones interiores de las viviendas, as\u00ed como en la medida que pueda afectarles, a las de locales comerciales, de oficinas y a las de cualquier otro local destinado a fines an\u00e1logos.<\/p>\n<p><strong> 2. TENSIONES DE UTILIZACI\u00d3N Y ESQUEMA DE CONEXI\u00d3N.<\/strong><\/p>\n<p>Las instalaciones de las viviendas se consideran que est\u00e1n alimentadas por una red de distribuci\u00f3n p\u00fablica de baja tensi\u00f3n seg\u00fan el esquema de distribuci\u00f3n \u00abTT\u00bb (ITC-BT-08) y a una tensi\u00f3n de 230 V en alimentaci\u00f3n monof\u00e1sica y 230\/400 V en alimentaci\u00f3n trif\u00e1sica.<\/p>\n<p><strong> 3. TOMAS DE TIERRA.<\/strong><\/p>\n<p>3.1 Instalaci\u00f3n<\/p>\n<p>En toda nueva edificaci\u00f3n se establecer\u00e1 una toma de tierra de protecci\u00f3n, seg\u00fan el siguiente sistema:<\/p>\n<p>Instalando en el fondo de las zanjas de cimentaci\u00f3n de los edificios, y antes de empezar \u00e9sta, un cable r\u00edgido de cobre desnudo de una secci\u00f3n m\u00ednima seg\u00fan se indica en la ITC-BT-18, formando un anillo cerrado que interese a todo el per\u00edmetro del edificio. A este anillo deber\u00e1n conectarse electrodos verticalmente hincados en el terreno cuando, se prevea la necesidad de disminuir la resistencia de tierra que pueda presentar el conductor en anillo.<\/p>\n<p>Cuando se trate de construcciones que comprendan varios edificios pr\u00f3ximos, se procurar\u00e1 unir entre s\u00ed los anillos que forman la toma de tierra de cada uno de ellos, con objeto de formar una malla de la mayor extensi\u00f3n posible. En rehabilitaci\u00f3n o reforma de edificios existentes, la toma de tierra se podr\u00e1 realizar tambi\u00e9n situando en patios de luces o en jardines particulares del edificio, uno o varios electrodos de caracter\u00edsticas adecuadas. Al conductor en anillo, o bien a los electrodos, se conectar\u00e1n, en su caso, la estructura met\u00e1lica del edificio o, cuando la cimentaci\u00f3n del mismo se haga con zapatas de hormig\u00f3n armado, un cierto n\u00famero de hierros de los considerados principales y como m\u00ednimo uno por zapata.<\/p>\n<p>Estas conexiones se establecer\u00e1n de manera fiable y segura, mediante soldadura aluminot\u00e9rmica o aut\u00f3gena. Las l\u00edneas de enlace con tierra se establecer\u00e1n de acuerdo con la situaci\u00f3n y n\u00famero previsto de puntos de puesta a tierra. La naturaleza y secci\u00f3n de estos conductores estar\u00e1 de acuerdo con lo indicado para ellos en la Instrucci\u00f3n ITC-BT-18.<\/p>\n<p>3.2. Elementos a conectar a tierra. A la toma de tierra establecida se conectar\u00e1 toda masa met\u00e1lica importante, existente en la zona de la instalaci\u00f3n, y las masas met\u00e1licas accesibles de los aparatos receptores, cuando su clase de aislamiento o condiciones de instalaci\u00f3n as\u00ed lo exijan. A esta misma toma de tierra deber\u00e1n conectarse las partes met\u00e1licas de los dep\u00f3sitos de gas\u00f3leo, de las instalaciones de calefacci\u00f3n general, de las instalaciones de agua, de las instalaciones de gas canalizado y de las antenas de radio y televisi\u00f3n.<\/p>\n<p>3.3. Puntos de puesta a tierra. Los puntos de puesta a tierra se situar\u00e1n:<\/p>\n<p>a. En los patios de luces destinados a cocinas y cuartos de aseo, etc., en rehabilitaci\u00f3n o reforma de edificios existentes.<\/p>\n<p>b. En el local o lugar de la centralizaci\u00f3n de contadores, si la hubiere.<\/p>\n<p>c. En la base de las estructuras met\u00e1licas de los ascensores y montacargas, si los hubiere.<\/p>\n<p>d. En el punto de ubicaci\u00f3n de la caja general de protecci\u00f3n.<\/p>\n<p>e. En cualquier local donde se prevea la instalaci\u00f3n de elementos destinados a servicios generales o especiales, y que por su clase de aislamiento o condiciones de instalaci\u00f3n, deban ponerse a tierra.<\/p>\n<p>3.4. L\u00edneas principales de tierra.<\/p>\n<p><strong> Derivaciones.<\/strong><\/p>\n<p>Las l\u00edneas principales y sus derivaciones se establecer\u00e1n en las mismas canalizaciones que las de las l\u00edneas generales de alimentaci\u00f3n y derivaciones individuales. \u00danicamente es admitida la entrada directa de las derivaciones de la l\u00ednea principal de tierra en cocinas y cuartos de aseo, cuando, por la fecha de construcci\u00f3n del edificio, no se hubiese previsto la instalaci\u00f3n de conductores de protecci\u00f3n. En este caso, las masas de los aparatos receptores, cuando sus condiciones de instalaci\u00f3n lo exijan, podr\u00e1n ser conectadas a la derivaci\u00f3n de la l\u00ednea principal de tierra directamente, o bien a trav\u00e9s de tomas de corriente que dispongan de contacto de puesta a tierra.<\/p>\n<p>Al punto o puntos de puesta a tierra indicados como a) en el apartado 3.3, se conectar\u00e1n las l\u00edneas principales de tierra. Estas l\u00edneas podr\u00e1n instalarse por los patios de luces o por canalizaciones interiores, con el fin de establecer a la altura de cada planta del edificio su derivaci\u00f3n hasta el borne de conexi\u00f3n de los conductores de protecci\u00f3n de cada local o vivienda. Las l\u00edneas principales de tierra estar\u00e1n constituidas por conductores de cobre de igual secci\u00f3n que la fijada para los conductores de protecci\u00f3n en la Instrucci\u00f3n ITC-BT-19, con un m\u00ednimo de 16 mil\u00edmetros cuadrados.<\/p>\n<p>Pueden estar formadas por barras planas o redondas, por conductores desnudos o aislados, debiendo disponerse una protecci\u00f3n mec\u00e1nica en la parte en que estos conductores sean accesibles, as\u00ed como en los pasos de techos, paredes, etc. La secci\u00f3n de los conductores que constituyen las derivaciones de la l\u00ednea principal de tierra, ser\u00e1 la se\u00f1alada en la Instrucci\u00f3n ITC-BT-19 para los conductores de protecci\u00f3n. No podr\u00e1n utilizarse como conductores de tierra las tuber\u00edas de agua, gas, calefacci\u00f3n, desag\u00fces, conductos de evacuaci\u00f3n de humos o basuras, ni las cubiertas met\u00e1licas de los cables, tanto de la instalaci\u00f3n el\u00e9ctrica como de tel\u00e9fonos o de cualquier otro servicio similar, ni las partes conductoras de los sistemas de conducci\u00f3n de los cables, tubos, canales y bandejas. Las conexiones en los conductores de tierra ser\u00e1n realizadas mediante dispositivos, con tornillos de apriete u otros similares, que garanticen una continua y perfecta conexi\u00f3n entre aqu\u00e9llos.<\/p>\n<p>3.5 Conductores de protecci\u00f3n.<\/p>\n<p>Se instalar\u00e1n conductores de protecci\u00f3n acompa\u00f1ando a los conductores activos en todos los circuitos de la vivienda hasta los puntos de utilizaci\u00f3n.<\/p>\n<p><strong>4. PROTECCI\u00d3N CONTRA CONTACTOS INDIRECTOS<\/strong>.<\/p>\n<p>La protecci\u00f3n contra contactos indirectos se realizar\u00e1 mediante la puesta a tierra de las masas y empleo de los dispositivos descritos en el apartado 2.1 de la ITC-BT-25.<\/p>\n<p><strong>5. CUADRO GENERAL DE DISTRIBUCI\u00d3N. <\/strong><\/p>\n<p>El cuadro general de distribuci\u00f3n estar\u00e1 de acuerdo con lo indicado en la ITC-BT-17. En este mismo cuadro se dispondr\u00e1n los bornes o pletinas para la conexi\u00f3n de los conductores de protecci\u00f3n de la instalaci\u00f3n interior con la derivaci\u00f3n de la l\u00ednea principal de tierra. El instalador fijar\u00e1 de forma permanente sobre el cuadro de distribuci\u00f3n una placa, impresa con caracteres indelebles, en la que conste su nombre o marca comercial, fecha en que se realiz\u00f3 la instalaci\u00f3n, as\u00ed como la intensidad asignada del interruptor general autom\u00e1tico, que de acuerdo con lo se\u00f1alado en las Instrucciones ITC-BT-10 e ITC-BT-25, corresponda a la vivienda.<\/p>\n<p><strong>6. CONDUCTORES.<\/strong><\/p>\n<p>6.1. Naturaleza y Secciones.<\/p>\n<p>6.1.1. Conductores activos. Los conductores activos ser\u00e1n de cobre, aislados y con una tensi\u00f3n asignada de 450\/750 V, como m\u00ednimo. Los circuitos y las secciones utilizadas ser\u00e1n, los indicados en la ITC-BT-25<\/p>\n<p>6.1.2. Conductores de protecci\u00f3n. Los conductores de protecci\u00f3n ser\u00e1n de cobre y presentar\u00e1n el mismo aislamiento que los conductores activos. Se instalar\u00e1n por la misma canalizaci\u00f3n que \u00e9stos y su secci\u00f3n ser\u00e1 la indicada en la Instrucci\u00f3n ITC-BT-19.<\/p>\n<p>6.2. Identificaci\u00f3n de los conductores. Los conductores de la instalaci\u00f3n deben ser f\u00e1cilmente identificados, especialmente por lo que respecta a los conductores neutro y de protecci\u00f3n. Esta identificaci\u00f3n se realizar\u00e1 por los colores que presenten sus aislamientos. Cuando exista conductor neutro en la instalaci\u00f3n o se prevea para un conductor de fase su pase posterior a conductor neutro, se identificar\u00e1n \u00e9stos por el color azul claro. Al conductor de protecci\u00f3n se le identificar\u00e1 por el doble color amarillo-verde. Todos los conductores de fase, o en su caso, aquellos para los que no se prevea su pase posterior a neutro, se identificar\u00e1n por los colores marr\u00f3n o negro. Cuando se considere necesario identificar tres fases diferentes, podr\u00e1 utilizarse el color gris.<\/p>\n<p>6.3. Conexiones. Se realizar\u00e1n conforme a lo establecido en el apartado 2.11 de la ITC-BT19. Se admitir\u00e1 no obstante, las conexiones en paralelo entre bases de toma de corriente cuando \u00e9stas est\u00e9n juntas y dispongan de bornes de conexi\u00f3n previstos para la conexi\u00f3n de varios conductores.<\/p>\n<p><strong>7. EJECUCI\u00d3N DE LAS INSTALACIONES.<\/strong><\/p>\n<p>7.1. Sistema de instalaci\u00f3n. Las instalaciones se realizar\u00e1n mediante algunos de los siguientes sistemas: Instalaciones empotradas:<\/p>\n<p>\u2022- Cables aislados bajo tubo flexible<\/p>\n<p>\u2022- Cables aislados bajo tubo curvable<\/p>\n<p>Instalaciones superficiales:<\/p>\n<p>\u2022- Cables aislados bajo tubo curvable<\/p>\n<p>\u2022- Cables aislados bajo tubo r\u00edgido<\/p>\n<p>\u2022- Cables aislados bajo canal protectora cerrada<\/p>\n<p>\u2022- Canalizaciones prefabricadas Las instalaciones deber\u00e1n cumplir lo indicado en las ITC-BT-20 e ITC-BT-21. 7.2.<\/p>\n<p><strong>Condiciones generales.<\/strong><\/p>\n<p>En la ejecuci\u00f3n de las instalaciones interiores de las viviendas se deber\u00e1 tener en cuenta:<\/p>\n<p>\u2022No se utilizar\u00e1 un mismo conductor neutro para varios circuitos.<\/p>\n<p>\u2022Todo conductor debe poder seccionarse en cualquier punto de la instalaci\u00f3n en el que se realice una derivaci\u00f3n del mismo, utilizando un dispositivo apropiado, tal como un borne de conexi\u00f3n, de forma que permita la separaci\u00f3n completa de cada parte del circuito del resto de la instalaci\u00f3n.<\/p>\n<p>\u2022Las tomas de corriente en una misma habitaci\u00f3n deben estar conectadas a la misma fase.<\/p>\n<p>\u2022Las cubiertas, tapas o envolventes, mandos y pulsadores de maniobra de aparatos tales como mecanismos, interruptores, bases, reguladores, etc., instalados en cocinas, cuartos de ba\u00f1o, secaderos y, en general, en los locales h\u00famedos o mojados, as\u00ed como en aquellos en que las paredes y suelos sean conductores, ser\u00e1n de material aislante.<\/p>\n<p>\u2022La instalaci\u00f3n empotrada de estos aparatos se realizar\u00e1 utilizando cajas especiales para su empotramiento. Cuando estas cajas sean met\u00e1licas estar\u00e1n aisladas interiormente o puestas a tierra.<\/p>\n<p>\u2022La instalaci\u00f3n de estos aparatos en marcos met\u00e1licos podr\u00e1 realizarse siempre que los aparatos utilizados est\u00e9n concebidos de forma que no permitan la posible puesta bajo tensi\u00f3n del marco met\u00e1lico, conect\u00e1ndose \u00e9ste al sistema de tierras.<\/p>\n<p>\u2022La utilizaci\u00f3n de estos aparatos empotrados en bastidores o tabiques de madera u otro material aislante, cumplir\u00e1 lo indicado en la ITC-BT 49.<\/p>\n","protected":false},"excerpt":{"rendered":"<p>INSTALACIONES INTERIORES EN VIVIENDAS PRESCRIPCIONES GENERALES DE INSTALACI\u00d3N \u00cdNDICE 1. \u00c1MBITO DE APLICACI\u00d3N. 2. TENSIONES DE UTILIZACI\u00d3N Y ESQUEMA DE CONEXI\u00d3N. 3. TOMAS DE TIERRA. 3.1 Instalaci\u00f3n. 3.2 Elementos a conectar a tierra. 3.3 Puntos de puesta a tierra. 3.4 L\u00edneas principales de tierra. Derivaciones. 3.5 Conductores de protecci\u00f3n. 4. PROTECCI\u00d3N CONTRA CONTACTOS INDIRECTOS. 5. [&hellip;]<\/p>\n","protected":false},"author":1,"featured_media":0,"parent":0,"menu_order":1,"comment_status":"closed","ping_status":"closed","template":"","meta":{"om_disable_all_campaigns":false},"aioseo_notices":[],"_links":{"self":[{"href":"https:\/\/www.construccionescasaalba.es\/2\/wp-json\/wp\/v2\/pages\/385"}],"collection":[{"href":"https:\/\/www.construccionescasaalba.es\/2\/wp-json\/wp\/v2\/pages"}],"about":[{"href":"https:\/\/www.construccionescasaalba.es\/2\/wp-json\/wp\/v2\/types\/page"}],"author":[{"embeddable":true,"href":"https:\/\/www.construccionescasaalba.es\/2\/wp-json\/wp\/v2\/users\/1"}],"replies":[{"embeddable":true,"href":"https:\/\/www.construccionescasaalba.es\/2\/wp-json\/wp\/v2\/comments?post=385"}],"version-history":[{"count":0,"href":"https:\/\/www.construccionescasaalba.es\/2\/wp-json\/wp\/v2\/pages\/385\/revisions"}],"wp:attachment":[{"href":"https:\/\/www.construccionescasaalba.es\/2\/wp-json\/wp\/v2\/media?parent=385"}],"curies":[{"name":"wp","href":"https:\/\/api.w.org\/{rel}","templated":true}]}}