{"id":383,"date":"2014-03-12T20:52:21","date_gmt":"2014-03-12T20:52:21","guid":{"rendered":"https:\/\/www.construccionescasaalba.es\/2\/cuadros-electricos\/"},"modified":"2020-03-17T10:01:13","modified_gmt":"2020-03-17T10:01:13","slug":"cuadros-electricos","status":"publish","type":"page","link":"https:\/\/www.construccionescasaalba.es\/2\/cuadros-electricos\/","title":{"rendered":"Cuadros El\u00e9ctricos Sevilla"},"content":{"rendered":"\n<figure class=\"wp-block-image\"><img decoding=\"async\" loading=\"lazy\" width=\"1024\" height=\"299\" src=\"https:\/\/www.construccionescasaalba.es\/2\/wp-content\/uploads\/2020\/03\/Esquema-unifilar_Page_1-1024x299.png\" alt=\"\" class=\"wp-image-622\" srcset=\"https:\/\/www.construccionescasaalba.es\/2\/wp-content\/uploads\/2020\/03\/Esquema-unifilar_Page_1-1024x299.png 1024w, https:\/\/www.construccionescasaalba.es\/2\/wp-content\/uploads\/2020\/03\/Esquema-unifilar_Page_1-300x88.png 300w, https:\/\/www.construccionescasaalba.es\/2\/wp-content\/uploads\/2020\/03\/Esquema-unifilar_Page_1-768x224.png 768w\" sizes=\"(max-width: 1024px) 100vw, 1024px\" \/><figcaption>Esquema Unifilar <\/figcaption><\/figure>\n\n\n<h3>Cuadro el\u00e9ctrico<\/h3>\n<p>El cuadro el\u00e9ctrico es fundamental para minimizar los riesgos por sobrecargas o cortocircuitos en su instalaci\u00f3n.<\/p>\n<p>Existen dos tipos de cuadros el\u00e9ctricos: el tradicional y el de nueva de instalaci\u00f3n Cuadro el\u00e9ctrico tradicional Normalmente est\u00e1 compuesto por tres elementos:<\/p>\n<p><strong>Interruptor de Control de Potencia (ICP):<\/strong><\/p>\n<p>Evita da\u00f1os en su instalaci\u00f3n el\u00e9ctrica en caso de sobrecargas, y controla que la potencia utilizada se ajusta a la contratada, la que soporta su instalaci\u00f3n.<\/p>\n<p><strong> Interruptor Diferencial (ID):<\/strong><\/p>\n<p>Sirve para desconectar la instalaci\u00f3n el\u00e9ctrica de forma r\u00e1pida cuando hay una fuga a tierra. As\u00ed, si alguna persona toca un aparato averiado se desconecta, evitando calambres.<\/p>\n<p><strong> Peque\u00f1os Interruptores Autom\u00e1ticos (PIAs):<\/strong><\/p>\n<p>Protegen de los incidentes producidos por los cortocircuitos o o sobrecargas en cada uno de los circuitos interiores: Iluminaci\u00f3n, climatizaci\u00f3n, electrodom\u00e9sticos&#8230;<\/p>\n<p><strong>Cuadro el\u00e9ctrico de nueva instalaci\u00f3n<\/strong><\/p>\n<p>Los cuadros el\u00e9ctricos de nueva instalaci\u00f3n incorporan dos elementos que mejoran la seguridad en la instalaci\u00f3n: IGA y PCS<\/p>\n<p><strong>Interruptor General Autom\u00e1tico (IGA): <\/strong><\/p>\n<p>Protege la instalaci\u00f3n contra cortocircuitos o sobrecargas y evita que la potencia consumida exceda la m\u00e1xima que admite su instalaci\u00f3n. No confundir con la contratada, que suele ser inferior a la admisible.<\/p>\n<p><strong>Protector Contra Sobretensiones (PCS):<\/strong><\/p>\n<p>El interruptor PCS evita que sus aparatos el\u00e9ctricos puedan da\u00f1arse por sobretensiones originadas por cualquier motivo.<\/p>","protected":false},"excerpt":{"rendered":"<p>Cuadro el\u00e9ctrico El cuadro el\u00e9ctrico es fundamental para minimizar los riesgos por sobrecargas o cortocircuitos en su instalaci\u00f3n. Existen dos tipos de cuadros el\u00e9ctricos: el tradicional y el de nueva de instalaci\u00f3n Cuadro el\u00e9ctrico tradicional Normalmente est\u00e1 compuesto por tres elementos: Interruptor de Control de Potencia (ICP): Evita da\u00f1os en su instalaci\u00f3n el\u00e9ctrica en caso [&hellip;]<\/p>\n","protected":false},"author":1,"featured_media":0,"parent":0,"menu_order":2,"comment_status":"closed","ping_status":"closed","template":"","meta":{"om_disable_all_campaigns":false},"aioseo_notices":[],"_links":{"self":[{"href":"https:\/\/www.construccionescasaalba.es\/2\/wp-json\/wp\/v2\/pages\/383"}],"collection":[{"href":"https:\/\/www.construccionescasaalba.es\/2\/wp-json\/wp\/v2\/pages"}],"about":[{"href":"https:\/\/www.construccionescasaalba.es\/2\/wp-json\/wp\/v2\/types\/page"}],"author":[{"embeddable":true,"href":"https:\/\/www.construccionescasaalba.es\/2\/wp-json\/wp\/v2\/users\/1"}],"replies":[{"embeddable":true,"href":"https:\/\/www.construccionescasaalba.es\/2\/wp-json\/wp\/v2\/comments?post=383"}],"version-history":[{"count":3,"href":"https:\/\/www.construccionescasaalba.es\/2\/wp-json\/wp\/v2\/pages\/383\/revisions"}],"predecessor-version":[{"id":624,"href":"https:\/\/www.construccionescasaalba.es\/2\/wp-json\/wp\/v2\/pages\/383\/revisions\/624"}],"wp:attachment":[{"href":"https:\/\/www.construccionescasaalba.es\/2\/wp-json\/wp\/v2\/media?parent=383"}],"curies":[{"name":"wp","href":"https:\/\/api.w.org\/{rel}","templated":true}]}}