{"id":379,"date":"2014-03-12T19:56:08","date_gmt":"2014-03-12T19:56:08","guid":{"rendered":"https:\/\/www.construccionescasaalba.es\/2\/ingenieria-acustica\/"},"modified":"2014-03-12T19:56:08","modified_gmt":"2014-03-12T19:56:08","slug":"ingenieria-acustica","status":"publish","type":"page","link":"https:\/\/www.construccionescasaalba.es\/2\/ingenieria-acustica\/","title":{"rendered":"Ingenier\u00eda ac\u00fastica"},"content":{"rendered":"<h3>Ingenier\u00eda ac\u00fastica<\/h3>\n<p>\u00a0En\u00a0Casa Alba\u00a0le facilitamos todo tipo de<strong> servicios de ingenier\u00eda ac\u00fastica<\/strong>, como son las <strong>mediciones de ruido e informes de aislamiento para Ayuntamientos, proyectos de insonorizaci\u00f3n, an\u00e1lisis para aislamiento de ruido, dise\u00f1o ac\u00fastico de salas y recintos.<\/strong><\/p>\n<ul>\n<li><strong>Estudios Te\u00f3rico Ac\u00fasticos<\/strong><\/li>\n<li><strong>Mediciones in situ de ruidos: niveles de emisi\u00f3n, inmisi\u00f3n, aislamiento ac\u00fastico y vibraciones.<\/strong><\/li>\n<li><strong>Ingenier\u00eda Ac\u00fastica<\/strong><\/li>\n<li><strong>Mapas de Ruido y Peritaciones<\/strong><\/li>\n<li><strong>Tiempos de Reverberaci\u00f3n<\/strong><\/li>\n<li><strong>Adaptaci\u00f3n a normativa vigente.<\/strong><\/li>\n<\/ul>\n","protected":false},"excerpt":{"rendered":"<p>Ingenier\u00eda ac\u00fastica \u00a0En\u00a0Casa Alba\u00a0le facilitamos todo tipo de servicios de ingenier\u00eda ac\u00fastica, como son las mediciones de ruido e informes de aislamiento para Ayuntamientos, proyectos de insonorizaci\u00f3n, an\u00e1lisis para aislamiento de ruido, dise\u00f1o ac\u00fastico de salas y recintos. Estudios Te\u00f3rico Ac\u00fasticos Mediciones in situ de ruidos: niveles de emisi\u00f3n, inmisi\u00f3n, aislamiento ac\u00fastico y vibraciones. Ingenier\u00eda [&hellip;]<\/p>\n","protected":false},"author":1,"featured_media":0,"parent":0,"menu_order":0,"comment_status":"closed","ping_status":"closed","template":"","meta":{"om_disable_all_campaigns":false},"aioseo_notices":[],"_links":{"self":[{"href":"https:\/\/www.construccionescasaalba.es\/2\/wp-json\/wp\/v2\/pages\/379"}],"collection":[{"href":"https:\/\/www.construccionescasaalba.es\/2\/wp-json\/wp\/v2\/pages"}],"about":[{"href":"https:\/\/www.construccionescasaalba.es\/2\/wp-json\/wp\/v2\/types\/page"}],"author":[{"embeddable":true,"href":"https:\/\/www.construccionescasaalba.es\/2\/wp-json\/wp\/v2\/users\/1"}],"replies":[{"embeddable":true,"href":"https:\/\/www.construccionescasaalba.es\/2\/wp-json\/wp\/v2\/comments?post=379"}],"version-history":[{"count":0,"href":"https:\/\/www.construccionescasaalba.es\/2\/wp-json\/wp\/v2\/pages\/379\/revisions"}],"wp:attachment":[{"href":"https:\/\/www.construccionescasaalba.es\/2\/wp-json\/wp\/v2\/media?parent=379"}],"curies":[{"name":"wp","href":"https:\/\/api.w.org\/{rel}","templated":true}]}}