{"id":373,"date":"2014-03-12T16:09:29","date_gmt":"2014-03-12T16:09:29","guid":{"rendered":"https:\/\/www.construccionescasaalba.es\/2\/insonorizacion-de-academias-escuelas-y-locales-de-ensayo\/"},"modified":"2014-03-12T16:09:29","modified_gmt":"2014-03-12T16:09:29","slug":"insonorizacion-de-academias-escuelas-y-locales-de-ensayo","status":"publish","type":"page","link":"https:\/\/www.construccionescasaalba.es\/2\/insonorizacion-de-academias-escuelas-y-locales-de-ensayo\/","title":{"rendered":"Insonorizaci\u00f3n de Academias  Escuelas y Locales de Ensayo."},"content":{"rendered":"<h3>Insonorizaci\u00f3n de Academias, Escuelas y Locales de Ensayo.<\/h3>\n<h3>Locales de ensayo, escuelas de m\u00fasica y academias de baile<\/h3>\n<p>La insonorizaci\u00f3n de locales de ensayo y el aislamiento ac\u00fastico de Escuelas de m\u00fasica y academias de baile es una de las m\u00e1s importantes especialidades de Insorock. Contamos con una amplia experiencia en la realizaci\u00f3n de obras integrales de aislamiento de aulas o cabinas independientes entre s\u00ed y dot\u00e1ndolas de los mejores complementos ac\u00fasticos como son puertas ac\u00fasticas acristaladas o ciegas, con cierres estancos, ventanas ac\u00fasticas o silenciadores de ventilaci\u00f3n, as\u00ed como de los m\u00e1s modernos y est\u00e9ticos materiales de acondicionamiento ac\u00fastico. La construcci\u00f3n ac\u00fastica de salas, se realiza combinando las \u00faltimas t\u00e9cnicas con sistemas convencionales de probado resultado, utilizando toda la gama de productos y \u00faltimos materiales existentes en el mercado.<\/p>\n","protected":false},"excerpt":{"rendered":"<p>Insonorizaci\u00f3n de Academias, Escuelas y Locales de Ensayo. Locales de ensayo, escuelas de m\u00fasica y academias de baile La insonorizaci\u00f3n de locales de ensayo y el aislamiento ac\u00fastico de Escuelas de m\u00fasica y academias de baile es una de las m\u00e1s importantes especialidades de Insorock. Contamos con una amplia experiencia en la realizaci\u00f3n de obras [&hellip;]<\/p>\n","protected":false},"author":1,"featured_media":0,"parent":0,"menu_order":3,"comment_status":"closed","ping_status":"closed","template":"","meta":{"om_disable_all_campaigns":false},"aioseo_notices":[],"_links":{"self":[{"href":"https:\/\/www.construccionescasaalba.es\/2\/wp-json\/wp\/v2\/pages\/373"}],"collection":[{"href":"https:\/\/www.construccionescasaalba.es\/2\/wp-json\/wp\/v2\/pages"}],"about":[{"href":"https:\/\/www.construccionescasaalba.es\/2\/wp-json\/wp\/v2\/types\/page"}],"author":[{"embeddable":true,"href":"https:\/\/www.construccionescasaalba.es\/2\/wp-json\/wp\/v2\/users\/1"}],"replies":[{"embeddable":true,"href":"https:\/\/www.construccionescasaalba.es\/2\/wp-json\/wp\/v2\/comments?post=373"}],"version-history":[{"count":0,"href":"https:\/\/www.construccionescasaalba.es\/2\/wp-json\/wp\/v2\/pages\/373\/revisions"}],"wp:attachment":[{"href":"https:\/\/www.construccionescasaalba.es\/2\/wp-json\/wp\/v2\/media?parent=373"}],"curies":[{"name":"wp","href":"https:\/\/api.w.org\/{rel}","templated":true}]}}