{"id":365,"date":"2014-03-11T22:57:57","date_gmt":"2014-03-11T22:57:57","guid":{"rendered":"https:\/\/www.construccionescasaalba.es\/2\/aislamiento-acustico-de-estudios-y-tv\/"},"modified":"2014-03-11T22:57:57","modified_gmt":"2014-03-11T22:57:57","slug":"aislamiento-acustico-de-estudios-y-tv","status":"publish","type":"page","link":"https:\/\/www.construccionescasaalba.es\/2\/aislamiento-acustico-de-estudios-y-tv\/","title":{"rendered":"Aislamiento Ac\u00fastico de Estudios y TV"},"content":{"rendered":"<h3>Aislamiento Estudios y Tv<\/h3>\n<p>Tenemos demostrada experiencia y las mejores referencias en la instalaci\u00f3n de materiales de acondicionamiento ac\u00fastico y sistemas de insonorizaci\u00f3n para estudios de grabaci\u00f3n, aislamiento de plat\u00f3s de televisi\u00f3n o acondicionamiento ac\u00fastico de auditorios.<\/p>\n<p>Hemos realizado trabajos eficaces, econ\u00f3micos y limpios en obra grande, con apoyo de modernas maquinarias que nos permiten realizar los trabajos en los m\u00e1s breves plazos de tiempo de ejecuci\u00f3n.<\/p>\n<p>Conocemos todos los secretos para un buen aislamiento ac\u00fastico de estudios de grabaci\u00f3n en m\u00ednimos espacios y dotando a estas instalaciones de los mejores complementos como son las puertas ac\u00fasticas de alto rendimiento, de hasta 53 dB(A) de aislamiento, visores o \u201cpeceras\u201d de hasta 69 dB(A) de atenuaci\u00f3n ac\u00fastica y los mas modernos materiales absorbentes para el acondicionamiento ac\u00fastico de su estudio.<\/p>\n<p>Tambi\u00e9n le podemos ofrecer materiales ac\u00fasticos m\u00e1s asequibles y baratos, que aunque no de tan buena presencia est\u00e9tica, s\u00ed cumplen las funciones necesarias para su estudio profesional o casero.<\/p>\n","protected":false},"excerpt":{"rendered":"<p>Aislamiento Estudios y Tv Tenemos demostrada experiencia y las mejores referencias en la instalaci\u00f3n de materiales de acondicionamiento ac\u00fastico y sistemas de insonorizaci\u00f3n para estudios de grabaci\u00f3n, aislamiento de plat\u00f3s de televisi\u00f3n o acondicionamiento ac\u00fastico de auditorios. Hemos realizado trabajos eficaces, econ\u00f3micos y limpios en obra grande, con apoyo de modernas maquinarias que nos permiten [&hellip;]<\/p>\n","protected":false},"author":1,"featured_media":0,"parent":0,"menu_order":7,"comment_status":"closed","ping_status":"closed","template":"","meta":{"om_disable_all_campaigns":false},"aioseo_notices":[],"_links":{"self":[{"href":"https:\/\/www.construccionescasaalba.es\/2\/wp-json\/wp\/v2\/pages\/365"}],"collection":[{"href":"https:\/\/www.construccionescasaalba.es\/2\/wp-json\/wp\/v2\/pages"}],"about":[{"href":"https:\/\/www.construccionescasaalba.es\/2\/wp-json\/wp\/v2\/types\/page"}],"author":[{"embeddable":true,"href":"https:\/\/www.construccionescasaalba.es\/2\/wp-json\/wp\/v2\/users\/1"}],"replies":[{"embeddable":true,"href":"https:\/\/www.construccionescasaalba.es\/2\/wp-json\/wp\/v2\/comments?post=365"}],"version-history":[{"count":0,"href":"https:\/\/www.construccionescasaalba.es\/2\/wp-json\/wp\/v2\/pages\/365\/revisions"}],"wp:attachment":[{"href":"https:\/\/www.construccionescasaalba.es\/2\/wp-json\/wp\/v2\/media?parent=365"}],"curies":[{"name":"wp","href":"https:\/\/api.w.org\/{rel}","templated":true}]}}