{"id":361,"date":"2014-03-10T22:43:28","date_gmt":"2014-03-10T22:43:28","guid":{"rendered":"https:\/\/www.construccionescasaalba.es\/2\/ruido-en-el-puesto-de-trabajo\/"},"modified":"2014-03-10T22:43:28","modified_gmt":"2014-03-10T22:43:28","slug":"ruido-en-el-puesto-de-trabajo","status":"publish","type":"page","link":"https:\/\/www.construccionescasaalba.es\/2\/ruido-en-el-puesto-de-trabajo\/","title":{"rendered":"Ruido en el puesto de trabajo."},"content":{"rendered":"<h3>Ruido en el puesto de trabajo.<\/h3>\n<p>En relaci\u00f3n al ruido en los puestos de trabajo, ofrecemos servicios orientados a las empresas con problem\u00e1tica de ruidos y vibraciones entre sus trabajadores:<\/p>\n<p>Diagn\u00f3stico del grado de cumplimiento de los requisitos descritos por el RD 286\/06 y el de <strong>VIBRACIONES<\/strong>(,,,):<\/p>\n<ul>\n<li><strong>An\u00e1lisis de cumplimiento de los l\u00edmites de exposici\u00f3n al ruido en los puestos de trabajo, <\/strong><\/li>\n<li><strong>An\u00e1lisis de la implantaci\u00f3n de los requisitos legales del RD 286\/06 dentro de la organizaci\u00f3n, an\u00e1lisis de las medidas de prevenci\u00f3n del ruido y las vibraciones, etc. <\/strong><\/li>\n<li><strong>Realizaci\u00f3n de mapas de ruidos en el interior de las plantas industriales, con el fin de valorar los niveles sonoros en toda la extensi\u00f3n de la factor\u00eda y poder delimitar la exposici\u00f3n sonora por zonas y lugares, as\u00ed como para poder valorar las componentes directas y componentes reverberadas de la energ\u00eda ac\u00fastica por zonas con el fin de llevar a cabo an\u00e1lisis de sensibilidades de eficacia ac\u00fastica de acciones reductora del ruido de forma, tanto actuaciones sobre los focos como actuaciones sobre el edificio (componente reflejada), etc. <\/strong><\/li>\n<li><strong>Definici\u00f3n e implantaci\u00f3n de Planes de Acci\u00f3n encaminados a reducir la exposici\u00f3n sonora de los puestos de trabajo:<\/strong><\/li>\n<li><strong>Definici\u00f3n de las medidas a implantar, evaluaci\u00f3n econ\u00f3mica de las mismas, establecimiento de criterios de prioridad, cronogramas de implantaci\u00f3n, pol\u00edticas de informaci\u00f3n y de comunicaci\u00f3n al personal, etc. <\/strong><\/li>\n<li><strong>Asistencia t\u00e9cnica en la justificaci\u00f3n de implantaci\u00f3n de planes de acci\u00f3n y medidas correctoras en casos de inspecciones de trabajo y\/o acciones administrativas similares. <\/strong><\/li>\n<li><strong>Estudios especializados sobre justificaci\u00f3n de sorderas en trabajadores (pruebas periciales en caso de denuncias al respecto):<\/strong><\/li>\n<\/ul>\n<p>Un trabajador puede tener problemas de audici\u00f3n, pero \u00bfrealmente el motivo ha sido por una determinada exposici\u00f3n al ruido dentro de su organizaci\u00f3n? Es evidente que las consecuencias econ\u00f3micas para la empresa pueden ser muy importantes por lo que un asesoramiento experto les puede ayudar a determinar que parte de responsabilidad tiene cada parte. Formaci\u00f3n ac\u00fastica personalizada para personal t\u00e9cnico y directivo de la organiza\u00adci\u00f3n, con el fin de asistirles en el desarrollo de los planes de formaci\u00f3n, en el reforzamiento de los conocimientos t\u00e9cnicos, en actualizaciones sobre el estado de la ciencia y de los requisitos normativos, etc.<\/p>\n<p>Sobre la seguridad en la inteligibilidad de un mensaje oral:<\/p>\n<p>Existen organizaciones en donde se usa megafon\u00eda para transmitir mensajes orales a sus empleados; la duda surge cuando motivados por un exceso de ruidos en determinadas zonas de una planta industrial este mensaje no es entendible y empiezan los problemas. El proble\u00adma se acent\u00faa en caso de este sea uno de los m\u00e9todos escogidos para dar se\u00f1ales de avisos y alarmas por temas de seguridad que deben de ser entendidos \u00a1!! Estamos especializados en este tipo de estudios que sin duda ofrecen una seguridad y tranquilidad a las empresas que tienen estas situaciones de que se est\u00e1n haciendo las cosas de forma correcta.<\/p>\n","protected":false},"excerpt":{"rendered":"<p>Ruido en el puesto de trabajo. En relaci\u00f3n al ruido en los puestos de trabajo, ofrecemos servicios orientados a las empresas con problem\u00e1tica de ruidos y vibraciones entre sus trabajadores: Diagn\u00f3stico del grado de cumplimiento de los requisitos descritos por el RD 286\/06 y el de VIBRACIONES(,,,): An\u00e1lisis de cumplimiento de los l\u00edmites de exposici\u00f3n [&hellip;]<\/p>\n","protected":false},"author":1,"featured_media":0,"parent":0,"menu_order":9,"comment_status":"closed","ping_status":"closed","template":"","meta":{"om_disable_all_campaigns":false},"aioseo_notices":[],"_links":{"self":[{"href":"https:\/\/www.construccionescasaalba.es\/2\/wp-json\/wp\/v2\/pages\/361"}],"collection":[{"href":"https:\/\/www.construccionescasaalba.es\/2\/wp-json\/wp\/v2\/pages"}],"about":[{"href":"https:\/\/www.construccionescasaalba.es\/2\/wp-json\/wp\/v2\/types\/page"}],"author":[{"embeddable":true,"href":"https:\/\/www.construccionescasaalba.es\/2\/wp-json\/wp\/v2\/users\/1"}],"replies":[{"embeddable":true,"href":"https:\/\/www.construccionescasaalba.es\/2\/wp-json\/wp\/v2\/comments?post=361"}],"version-history":[{"count":0,"href":"https:\/\/www.construccionescasaalba.es\/2\/wp-json\/wp\/v2\/pages\/361\/revisions"}],"wp:attachment":[{"href":"https:\/\/www.construccionescasaalba.es\/2\/wp-json\/wp\/v2\/media?parent=361"}],"curies":[{"name":"wp","href":"https:\/\/api.w.org\/{rel}","templated":true}]}}