{"id":357,"date":"2014-03-10T22:04:17","date_gmt":"2014-03-10T22:04:17","guid":{"rendered":"https:\/\/www.construccionescasaalba.es\/2\/soluciones-tecnicas-de-ingenieria-acustica\/"},"modified":"2014-03-10T22:04:17","modified_gmt":"2014-03-10T22:04:17","slug":"soluciones-tecnicas-de-ingenieria-acustica","status":"publish","type":"page","link":"https:\/\/www.construccionescasaalba.es\/2\/soluciones-tecnicas-de-ingenieria-acustica\/","title":{"rendered":"Soluciones T\u00e9cnicas de Ingenier\u00eda Ac\u00fastica"},"content":{"rendered":"<h3>Soluciones T\u00e9cnicas de Ingenier\u00eda Ac\u00fastica en Sevilla\u00a0<\/h3>\n<p>La <strong>ac\u00fastica<\/strong> es compleja y cada problema requiere su soluci\u00f3n particular. Soluciones adecuadas en su justa medida, optimizar cada soluci\u00f3n es nuestra misi\u00f3n.<\/p>\n<p>Resolver su problema de <strong>ruidos<\/strong> es nuestro reto.<\/p>\n","protected":false},"excerpt":{"rendered":"<p>Soluciones T\u00e9cnicas de Ingenier\u00eda Ac\u00fastica en Sevilla\u00a0 La ac\u00fastica es compleja y cada problema requiere su soluci\u00f3n particular. Soluciones adecuadas en su justa medida, optimizar cada soluci\u00f3n es nuestra misi\u00f3n. Resolver su problema de ruidos es nuestro reto.<\/p>\n","protected":false},"author":1,"featured_media":0,"parent":0,"menu_order":11,"comment_status":"closed","ping_status":"closed","template":"","meta":{"om_disable_all_campaigns":false},"aioseo_notices":[],"_links":{"self":[{"href":"https:\/\/www.construccionescasaalba.es\/2\/wp-json\/wp\/v2\/pages\/357"}],"collection":[{"href":"https:\/\/www.construccionescasaalba.es\/2\/wp-json\/wp\/v2\/pages"}],"about":[{"href":"https:\/\/www.construccionescasaalba.es\/2\/wp-json\/wp\/v2\/types\/page"}],"author":[{"embeddable":true,"href":"https:\/\/www.construccionescasaalba.es\/2\/wp-json\/wp\/v2\/users\/1"}],"replies":[{"embeddable":true,"href":"https:\/\/www.construccionescasaalba.es\/2\/wp-json\/wp\/v2\/comments?post=357"}],"version-history":[{"count":0,"href":"https:\/\/www.construccionescasaalba.es\/2\/wp-json\/wp\/v2\/pages\/357\/revisions"}],"wp:attachment":[{"href":"https:\/\/www.construccionescasaalba.es\/2\/wp-json\/wp\/v2\/media?parent=357"}],"curies":[{"name":"wp","href":"https:\/\/api.w.org\/{rel}","templated":true}]}}