{"id":352,"date":"2014-03-09T12:30:17","date_gmt":"2014-03-09T12:30:17","guid":{"rendered":"https:\/\/www.construccionescasaalba.es\/2\/politica-de-uso-y-proteccion-de-datos\/"},"modified":"2014-03-09T12:30:17","modified_gmt":"2014-03-09T12:30:17","slug":"politica-de-uso-y-proteccion-de-datos","status":"publish","type":"page","link":"https:\/\/www.construccionescasaalba.es\/2\/politica-de-uso-y-proteccion-de-datos\/","title":{"rendered":"Pol\u00edtica de Uso y Proteccion de Datos"},"content":{"rendered":"<h3>Pol\u00edtica de Uso y Protecci\u00f3n de Datos<\/h3>\n<h3>USO DEL PORTAL<\/h3>\n<p>Pol\u00edtica de uso y Protecci\u00f3n de Datos El Portal de Construcciones Casa Alba es propiedad exclusiva de D. Juan Jos\u00e9 Infante P\u00e9rez, con DNI: 28596420Z, en adelante el Propietario. Estas condiciones generales de uso regulan expresamente las relaciones entre el Propietario titular del PORTAL y los terceros que hagan uso de los servicios ofrecidos en el portal, en adelante, el USUARIO.<\/p>\n<p>La utilizaci\u00f3n del PORTAL atribuye la condici\u00f3n de USUARIO e implica la adhesi\u00f3n plena y sin reservas del USUARIO a todas y cada una de estas condiciones generales de uso en la versi\u00f3n publicada por el Propietario en el momento mismo en que el USUARIO acceda al Portal. En consecuencia, el USUARIO que acceda y utilice los servicios del PORTAL, se obliga a aceptar y cumplir estas condiciones generales de uso, redactadas conforme a la normativa vigente, y en especial a la normativa reguladora de las condiciones generales de contrataci\u00f3n, de los servicios de la sociedad de la informaci\u00f3n y de comercio electr\u00f3nico y de la contrataci\u00f3n telef\u00f3nica o electr\u00f3nica.<\/p>\n<h3>Car\u00e1cter gratuito del PORTAL y condiciones de acceso, baja y utilizaci\u00f3n del PORTAL<\/h3>\n<p>La utilizaci\u00f3n del acceso p\u00fablico del PORTAL y de la informaci\u00f3n sobre servicios en \u00e9l ofrecidos es GRATUITA. No obstante, y dado que el PORTAL se financia con los ingresos derivados de la publicidad que se realiza en el mismo y de la contrataci\u00f3n directa de servicios con los usuarios que as\u00ed lo contraten bilateralmente con el representante del PORTAL, empresa o cualquier otra entidad en quien delegue este, para poder hacer uso de los servicios ofrecidos, el USUARIO, al formalizar su registro en el PORTAL, acepta expresamente que pueda serle enviada publicidad, tanto por parte de el Propietario como por cualquiera de los anunciantes del PORTAL, as\u00ed como informaci\u00f3n sobre el servicio o servicios y contrataci\u00f3n de los mismos sobre los que solicite informaci\u00f3n y acepte sus condiciones. El USUARIO tiene derecho a causar baja en el PORTAL en cualquier momento. Podr\u00e1 comunicar la decisi\u00f3n de causar baja comunic\u00e1ndolo por escrito el Propietario poni\u00e9ndose en contacto en el e-mail <a href=\"mailto:casalba.obras@gmail.com\">casalba.obras@gmail.com<\/a> \u00a0.<\/p>\n<p>El USUARIO podr\u00e1 hacer uso del PORTAL para intercambiar opiniones, ideas, comentarios o conocimientos con otros usuarios\/as del PORTAL.<\/p>\n<p>No obstante, queda expresamente obligado a respetar las siguientes<\/p>\n<h3>NORMAS DE CONDUCTA:<\/h3>\n<p>1. Todos los usuarios\/as tienen derecho a expresar y difundir libremente los pensamientos, ideas y opiniones. Se garantiza la libertad ideol\u00f3gica, de expresi\u00f3n y de opini\u00f3n, sin m\u00e1s limitaciones en sus manifestaciones que las necesarias para el mantenimiento de la legalidad y el orden p\u00fablico.<\/p>\n<p>2. Los usuarios\/as tienen derecho a ser respetados. Se garantiza el derecho al honor, a la intimidad y a la propia imagen. El respeto a la dignidad y a los derechos de los usuarios\/as es la base del funcionamiento del PORTAL. Todos los usuarios\/as son iguales ante estas normas de conducta, sin que pueda prevalecer discriminaci\u00f3n alguna a ning\u00fan usuario\/a por raz\u00f3n de sus opiniones, religi\u00f3n, sexo, raza o cualquier condici\u00f3n personal o social.<\/p>\n<p>3. Los usuarios\/as del PORTAL est\u00e1n obligados en todo momento a no ofender a los dem\u00e1s usuarios\/as mediante la utilizaci\u00f3n de expresiones groseras, malsonantes o que puedan afectar a cualquier otro usuario\/a del PORTAL.<\/p>\n<p>4. Ser\u00e1n responsabilidad exclusiva del USUARIO las consecuencias de cualquier tipo que se pudieran derivar por las opiniones, ideas, comentarios o expresiones que \u00e9ste publique en el PORTAL.<\/p>\n<p>5. Queda expresamente prohibida la realizaci\u00f3n por parte del USUARIO de promoci\u00f3n o publicidad cualquier tipo de producto o servicio, personal, de cualquier empresa y\/o de cualquier otro sitio o portal web.<\/p>\n<p>6. El USUARIO tiene la responsabilidad de usar adecuadamente sus claves de acceso a los servicios del PORTAL, as\u00ed como de mantenerlas en secreto. Asimismo, el USUARIO se obliga a abstenerse de utilizar el PORTAL con fines o efectos il\u00edcitos, contrarios a lo establecido en las presentes condiciones generales, lesivos de los derechos e intereses de terceros, o que de cualquier forma puedan da\u00f1ar, inutilizar, sobrecargar o deteriorar el PORTAL o impedir la normal utilizaci\u00f3n o disfrute del mismo por parte de los otros Usuarios.<\/p>\n<p>7. El Usuario se compromete a observar diligente y fielmente cualquier instrucci\u00f3n impartida por el administrador relativa al uso del PORTAL.<\/p>\n<p>8. Ser\u00e1 causa autom\u00e1tica de baja en el PORTAL el incumplimiento por parte del USUARIO de cualquiera de estas condiciones generales. En garant\u00eda del respeto a los derechos del resto de usuarios del PORTAL, as\u00ed como del cumplimiento de estas normas, en cualquier momento el administrador podr\u00e1 eliminar comentarios, opiniones o publicaciones del USUARIO que no cumplan estas normas de uso del PORTAL. Asimismo, el administrador podr\u00e1 cancelar el registro, o impedir el acceso al PORTAL, al USUARIO que incumpla estas condiciones de uso.<\/p>\n<p>En consecuencia, el administrador, aunque no est\u00e1 obligado a leer todos los contenidos que publican los USUARIOS, S\u00cd se reserva el derecho a revisar, en cualquier momento y sin previo aviso, por iniciativa propia o a petici\u00f3n de tercero, los contenidos transmitidos, difundidos o puestos a disposici\u00f3n de terceros por los Usuarios a trav\u00e9s del PORTAL y a impedir su transmisi\u00f3n, difusi\u00f3n o puesta a disposici\u00f3n de terceros en el caso de que, a su juicio, resulten contrarios a lo dispuesto en la Ley o en estas Condiciones Generales. Los USUARIOS tambi\u00e9n podr\u00e1n realizar quejas al administrador sobre el comportamiento de otros usuarios\/as del PORTAL, remiti\u00e9ndolas al e-mail casalba.obras@gmail.com .<\/p>\n<p>9. El Usuario se compromete a no transmitir, difundir o poner a disposici\u00f3n de terceros a trav\u00e9s del PORTAL contenidos que:<\/p>\n<p>Se encuentren protegidos por cualesquiera derechos de propiedad intelectual o industrial pertenecientes a terceros, sin que el USUARIO haya obtenido previamente de sus titulares la autorizaci\u00f3n necesaria para llevar a cabo el uso que efect\u00faa o pretende efectuar o que se efect\u00fae.<\/p>\n<p>Violen los secretos empresariales de terceros o infrinjan la normativa sobre secreto de las comunicaciones.<\/p>\n<h3>Responsabilidad por da\u00f1os y perjuicios<\/h3>\n<p>El USUARIO responder\u00e1 de los da\u00f1os y perjuicios de toda naturaleza que el Propietario pueda sufrir como consecuencia de incumplimiento de cualquiera de las obligaciones a las que queda sometido por las Condiciones Generales.<\/p>\n<p>Sin perjuicio de lo establecido en el p\u00e1rrafo anterior, en el supuesto de que el Propietario debiera satisfacer una multa administrativa o una indemnizaci\u00f3n de cualquier otro tipo a resultas de una resoluci\u00f3n administrativa o de una sentencia de condena o acuerdo de transacci\u00f3n por el incumplimiento de cualquiera de los compromisos que el USUARIO asume en las Condiciones Generales, el USUARIO reintegrar\u00e1 a el Propietario la cantidad abonada por tal motivo en el plazo de treinta (30) d\u00edas, contados desde la fecha de la oportuna notificaci\u00f3n escrita recibida de el Propietario.<\/p>\n<p>Utilizaci\u00f3n del portal, de los servicios y de los contenidos bajo la exclusiva responsabilidad del USUARIO<\/p>\n<p>El Usuario es consciente y acepta voluntariamente que el uso del PORTAL, de sus servicios y de cualesquiera contenidos tiene lugar, en todo caso, bajo su \u00fanica y exclusiva responsabilidad.<\/p>\n<h3>Fiabilidad, licitud y utilidad de los contenidos publicados en el PORTAL<\/h3>\n<p>El Propietario no garantiza la fiabilidad de los contenidos que los USUARIOS puedan efectivamente verter en el PORTAL, ni de los que a trav\u00e9s de \u00e9ste se puedan transmitir, difundir, recibir, obtener, almacenar o poner a disposici\u00f3n de terceros; puesto que se trata de meras opiniones y manifestaciones de los usuarios particularmente considerados.<\/p>\n<p>En consecuencia, el Propietario excluye toda responsabilidad por los da\u00f1os y perjuicios de toda naturaleza que pudieran deberse a la falta de fiabilidad de los contenidos del PORTAL, as\u00ed como por los da\u00f1os y perjuicios derivados de la transmisi\u00f3n, recepci\u00f3n, obtenci\u00f3n, difusi\u00f3n, almacenamiento y puesta a disposici\u00f3n de terceros de los contenidos.<\/p>\n<p>Igualmente excluye cualquier responsabilidad por los da\u00f1os y perjuicios que puedan deberse a:<\/p>\n<p>El incumplimiento de la ley, la moral y las buenas costumbres generalmente aceptadas o el orden p\u00fablico como consecuencia de la transmisi\u00f3n, difusi\u00f3n, almacenamiento, puesta a disposici\u00f3n, recepci\u00f3n, obtenci\u00f3n o acceso a los contenidos.<\/p>\n<p>La infracci\u00f3n de los derechos de propiedad intelectual e industrial, de los secretos empresariales, de compromisos contractuales de cualquier clase, de los derechos al honor, a la intimidad personal y familiar y a la imagen de las personas, de los derechos de propiedad y de toda otra naturaleza pertenecientes a un tercero como consecuencia de la transmisi\u00f3n, difusi\u00f3n, almacenamiento, puesta a disposici\u00f3n, recepci\u00f3n, obtenci\u00f3n o acceso a los contenidos.<\/p>\n<p>La realizaci\u00f3n de actos de competencia desleal y publicidad il\u00edcita como consecuencia de la transmisi\u00f3n, difusi\u00f3n, almacenamiento, puesta a disposici\u00f3n, recepci\u00f3n, obtenci\u00f3n o acceso a los contenidos. La falta de veracidad, exactitud, exhaustividad, pertinencia y\/o actualidad de los contenidos.<\/p>\n<p>La inadecuaci\u00f3n para cualquier clase de prop\u00f3sito y la defraudaci\u00f3n de las expectativas generadas por los contenidos.<\/p>\n<p>El incumplimiento, retraso en el cumplimiento, cumplimiento defectuoso o terminaci\u00f3n por cualquier causa de las obligaciones contra\u00eddas por terceros y contratos realizados con terceros a trav\u00e9s de o con motivo del acceso a los contenidos.<\/p>\n<p>Los vicios y defectos de toda clase de los contenidos transmitidos, difundidos, almacenados, puestos a disposici\u00f3n, obtenidos o a los que se haya accedido a trav\u00e9s del PORTAL.<\/p>\n<h3>Identidad e informaci\u00f3n relativa a los Usuarios proporcionada por los propios USUARIOS<\/h3>\n<p>El Propietario no controla ni ofrece ninguna clase de garant\u00eda sobre la identidad de los usuarios que utilizan el PORTAL, ni sobre la veracidad, vigencia, exhaustividad y\/o autenticidad de los datos que los usuarios proporcionan sobre s\u00ed mismos o sobre terceros, ni de aquellos que pudieran hacer accesibles para otros usuarios.<\/p>\n<p>En consecuencia, el Propietario excluye cualquier responsabilidad por los da\u00f1os y perjuicios de toda naturaleza que puedan deberse a la incorrecta identidad de los usuarios y a la falta de veracidad, vigencia, exhaustividad y\/o autenticidad de la informaci\u00f3n que los usuarios proporcionan acerca de s\u00ed mismos y proporcionan a o hacen accesibles para otros usuarios, y en particular, aunque no de forma exclusiva, por los da\u00f1os y perjuicios de toda naturaleza que puedan deberse a la suplantaci\u00f3n de la personalidad de un tercero efectuada por un usuario en cualquier clase de comunicaci\u00f3n o transacci\u00f3n realizada a trav\u00e9s del portal.<\/p>\n<h3>Protecci\u00f3n de Datos Personales<\/h3>\n<p>Los Datos Personales del USUARIO ser\u00e1n objeto de tratamiento automatizado e incorporados a los correspondientes ficheros automatizados por el Propietario, (en adelante, los \u00abFicheros\u00bb) para poder mantener la relaci\u00f3n de servicio con \u00e9ste, y podr\u00e1n ser usados en nuestras campa\u00f1as comerciales y cedidos exclusivamente a las empresas de nuestro grupo o nuestros colaboradores. Salvo en los campos en que se indique lo contrario, las respuestas a las preguntas sobre Datos Personales son voluntarias, sin que la falta de contestaci\u00f3n implique una merma en la calidad o cantidad de los servicios correspondientes, a menos que se indique otra cosa.<\/p>\n<p>La recogida y tratamiento automatizado de los Datos Personales tiene como finalidad el mantenimiento de la relaci\u00f3n con el Propietario, la prestaci\u00f3n de los servicios del portal, la gesti\u00f3n, administraci\u00f3n, ampliaci\u00f3n y mejora de los servicios en los que el USUARIO decida suscribirse, darse de alta, o utilizar la adecuaci\u00f3n de dichos servicios a las preferencias y gustos de los USUARIOS, el estudio de la utilizaci\u00f3n de los servicios por parte de los USUARIOS, el dise\u00f1o de nuevos servicios relacionados con estos, la entrega de actualizaciones, el env\u00edo, por medios tradicionales y electr\u00f3nicos, de informaci\u00f3n t\u00e9cnica, y comercial acerca de productos y servicios ofrecidos por el Propietario actualmente y en el futuro.<\/p>\n<p>El Propietario ha adoptado los niveles de seguridad de protecci\u00f3n de los Datos Personales legalmente requeridos, y han instalado todos los medios y medidas t\u00e9cnicas a su alcance para evitar la p\u00e9rdida, mal uso, alteraci\u00f3n, acceso no autorizado y robo de los Datos Personales, no obstante, el USUARIO debe ser consciente de que las medidas de seguridad en Internet no son inexpugnables.<\/p>\n<p>El Propietario no se propone ceder los Datos Personales a ninguna sociedad excepto a las del grupo de sociedades a la que pueda pertenecer actualmente o en el futuro y sus colaboradores.<\/p>\n<p>El Propietario mantendr\u00e1 absoluta confidencialidad de los Datos Personales en todas las cesiones que se puedan producir.<\/p>\n<p>Los USUARIOS tienen reconocidos y podr\u00e1n ejercitar los derechos de acceso, cancelaci\u00f3n, rectificaci\u00f3n y oposici\u00f3n, as\u00ed como tienen reconocido el derecho a ser informados de las cesiones realizadas contactando con el Propietario por escrito en el e-mail casalba.obras@gmail.com .<\/p>\n<p>El Portal utiliza cookies cuando un USUARIO navega por los sitios y p\u00e1ginas web del Portal. Nuestras cookies se asocian \u00fanicamente con un USUARIO an\u00f3nimo y su ordenador, y no proporcionan por s\u00ed mismas el nombre y apellidos del USUARIO. Gracias a las cookies, resulta posible que el Propietario reconozca a los USUARIOS registrados, sin que se tengan que registrar en cada visita para acceder a las \u00e1reas y servicios reservados exclusivamente a ellos. Las cookies utilizadas no pueden leer datos de su disco duro ni leer los archivos cookie creados por otros proveedores.<\/p>\n<p>El USUARIO tiene la posibilidad de configurar su navegador para ser avisado en pantalla de la recepci\u00f3n de cookies y para impedir la instalaci\u00f3n de cookies en su disco duro.<\/p>\n<p>Por favor, consulte las instrucciones y manuales de su navegador para ampliar \u00e9sta informaci\u00f3n.<\/p>\n<p>Para utilizar algunos servicios del Portal, no resulta necesario que el USUARIO permita la instalaci\u00f3n de las cookies enviadas por el Propietario, sin perjuicio de que en tal caso ser\u00e1 necesario que el USUARIO se registre como USUARIO de cada uno de los servicios cuya prestaci\u00f3n requiera el previo registro.<\/p>\n<h3>Ley aplicable y Jurisdicci\u00f3n<\/h3>\n<p>Las presentes Condiciones Generales de uso del Foro se rigen e interpretan de conformidad con la legislaci\u00f3n espa\u00f1ola.<\/p>\n","protected":false},"excerpt":{"rendered":"<p>Pol\u00edtica de Uso y Protecci\u00f3n de Datos USO DEL PORTAL Pol\u00edtica de uso y Protecci\u00f3n de Datos El Portal de Construcciones Casa Alba es propiedad exclusiva de D. Juan Jos\u00e9 Infante P\u00e9rez, con DNI: 28596420Z, en adelante el Propietario. Estas condiciones generales de uso regulan expresamente las relaciones entre el Propietario titular del PORTAL y [&hellip;]<\/p>\n","protected":false},"author":1,"featured_media":0,"parent":0,"menu_order":5,"comment_status":"closed","ping_status":"closed","template":"","meta":{"om_disable_all_campaigns":false},"aioseo_notices":[],"_links":{"self":[{"href":"https:\/\/www.construccionescasaalba.es\/2\/wp-json\/wp\/v2\/pages\/352"}],"collection":[{"href":"https:\/\/www.construccionescasaalba.es\/2\/wp-json\/wp\/v2\/pages"}],"about":[{"href":"https:\/\/www.construccionescasaalba.es\/2\/wp-json\/wp\/v2\/types\/page"}],"author":[{"embeddable":true,"href":"https:\/\/www.construccionescasaalba.es\/2\/wp-json\/wp\/v2\/users\/1"}],"replies":[{"embeddable":true,"href":"https:\/\/www.construccionescasaalba.es\/2\/wp-json\/wp\/v2\/comments?post=352"}],"version-history":[{"count":0,"href":"https:\/\/www.construccionescasaalba.es\/2\/wp-json\/wp\/v2\/pages\/352\/revisions"}],"wp:attachment":[{"href":"https:\/\/www.construccionescasaalba.es\/2\/wp-json\/wp\/v2\/media?parent=352"}],"curies":[{"name":"wp","href":"https:\/\/api.w.org\/{rel}","templated":true}]}}