{"id":343,"date":"2014-03-07T15:48:14","date_gmt":"2014-03-07T15:48:14","guid":{"rendered":"https:\/\/www.construccionescasaalba.es\/2\/tipos-de-agente-extintor\/"},"modified":"2014-03-07T15:48:14","modified_gmt":"2014-03-07T15:48:14","slug":"tipos-de-agente-extintor","status":"publish","type":"page","link":"https:\/\/www.construccionescasaalba.es\/2\/tipos-de-agente-extintor\/","title":{"rendered":"Tipos de agente extintor"},"content":{"rendered":"<h3>Sistema de extinci\u00f3n de incendios por gases &#8211; Tipos de agente extintor<\/h3>\n<p>Existen diferentes agentes gaseosos extintores seg\u00fan sea el riesgo y productos a proteger, pudiendo clasificarse 3 tipos: CO2 (el m\u00e1s habitual pero tambi\u00e9n el m\u00e1s peligroso para las vidas humanas ya que este tipo de sistema se basa en el desplazamiento de ox\u00edgeno, GASES INERTES (Mezclas de Argon y Nitrogeno) y GASES LIMPIOS (HFC\u00b4s) siendo los m\u00e1s habituales el HFC23 (tambi\u00e9n conocido comercialmente como FE13) Y EL HFC227ea (tambi\u00e9n conocido comercialmente como FM200 o FM 200).<\/p>\n<p>El agente extintor CO2 (di\u00f3xido de carbono) requiere de concentraciones relativamente elevadas ya que apaga el fuego reduciendo la cantidad de ox\u00edgeno hasta niveles en los que no se sostiene la combusti\u00f3n. Se almacena como gas licuado. Incluso en concentraciones bajas es letal para las personas por lo que no es recomendable para extinci\u00f3n en riesgos con ocupaci\u00f3n de personas. Este tipo de gas se emplea b\u00e1sicamente en riesgos el\u00e9ctricos y electr\u00f3nicos, como transformadores, extinciones de campanas de cocina, en \u00e1reas desocupadas y cuando la localizaci\u00f3n del fuego es conocida, siendo la descarga local.<\/p>\n<p>Los gases inertes requieren de concentraciones relativamente elevadas ya que apagan el fuego reduciendo la cantidad de ox\u00edgeno hasta niveles en los que no se sostiene la combusti\u00f3n. Los gases inertes se desarrollan puros o mezclados (nitr\u00f3geno, arg\u00f3n puros o en mezcla con o si CO2) y se almacenan como gases comprimidos a presi\u00f3n. Este tipo de gases se emplean b\u00e1sicamente en riesgos tecnol\u00f3gicos, el\u00e9ctricos y electr\u00f3nicos, donde no es posible o es muy costoso la limpieza de los bienes protegidos (obras de arte, pinturas, etc.), en \u00e1reas desocupadas al igual que los sistemas de extinci\u00f3n por CO2 y cuando la localizaci\u00f3n del fuego es conocida, tambi\u00e9n suele emplearse en descargas locales aunque debido al gran volumen de gas requerido no es \u00f3ptimo para inundaciones totales.<\/p>\n<p>Los gases limpios (HFCs) act\u00faan directamente sobre el fuego a concentraciones relativamente bajas. Se almacenan como gases licuados y apagan el fuego por enfriamiento de la llama. La ventaja respecto al CO2 y los gases inertes es que con cantidades inferiores de gas y por tanto bater\u00edas de cilindros m\u00e1s peque\u00f1as es posible extinguir el incendio. Estos tipos de gases se emplean b\u00e1sicamente en riesgos tecnol\u00f3gicos, el\u00e9ctricos y electr\u00f3nicos al igual que los gases inertes, donde no es posible o es muy costoso la limpieza de los bienes protegidos (obras de arte, pinturas, etc.), en \u00e1reas ocupadas debido a la baja toxicidad de los gases limpios y cuando la localizaci\u00f3n del fuego es desconocida o m\u00faltiple, ya que el volumen requerido de gas es menor y las bater\u00edas de cilindros son m\u00e1s peque\u00f1as, de esta manera optimizando el espacio requerido para el sistema de almacenamiento del gas<\/p>\n","protected":false},"excerpt":{"rendered":"<p>Sistema de extinci\u00f3n de incendios por gases &#8211; Tipos de agente extintor Existen diferentes agentes gaseosos extintores seg\u00fan sea el riesgo y productos a proteger, pudiendo clasificarse 3 tipos: CO2 (el m\u00e1s habitual pero tambi\u00e9n el m\u00e1s peligroso para las vidas humanas ya que este tipo de sistema se basa en el desplazamiento de ox\u00edgeno, [&hellip;]<\/p>\n","protected":false},"author":1,"featured_media":0,"parent":0,"menu_order":1,"comment_status":"closed","ping_status":"closed","template":"","meta":{"om_disable_all_campaigns":false},"aioseo_notices":[],"_links":{"self":[{"href":"https:\/\/www.construccionescasaalba.es\/2\/wp-json\/wp\/v2\/pages\/343"}],"collection":[{"href":"https:\/\/www.construccionescasaalba.es\/2\/wp-json\/wp\/v2\/pages"}],"about":[{"href":"https:\/\/www.construccionescasaalba.es\/2\/wp-json\/wp\/v2\/types\/page"}],"author":[{"embeddable":true,"href":"https:\/\/www.construccionescasaalba.es\/2\/wp-json\/wp\/v2\/users\/1"}],"replies":[{"embeddable":true,"href":"https:\/\/www.construccionescasaalba.es\/2\/wp-json\/wp\/v2\/comments?post=343"}],"version-history":[{"count":0,"href":"https:\/\/www.construccionescasaalba.es\/2\/wp-json\/wp\/v2\/pages\/343\/revisions"}],"wp:attachment":[{"href":"https:\/\/www.construccionescasaalba.es\/2\/wp-json\/wp\/v2\/media?parent=343"}],"curies":[{"name":"wp","href":"https:\/\/api.w.org\/{rel}","templated":true}]}}