{"id":337,"date":"2014-03-07T15:31:12","date_gmt":"2014-03-07T15:31:12","guid":{"rendered":"https:\/\/www.construccionescasaalba.es\/2\/sistema-de-extincion-de-incendios-por-gases\/"},"modified":"2014-03-07T15:31:12","modified_gmt":"2014-03-07T15:31:12","slug":"sistema-de-extincion-de-incendios-por-gases","status":"publish","type":"page","link":"https:\/\/www.construccionescasaalba.es\/2\/sistema-de-extincion-de-incendios-por-gases\/","title":{"rendered":"Sistema de extinci\u00f3n de incendios por gases"},"content":{"rendered":"<h3>Sistema de extinci\u00f3n de incendios por gases &#8211; Caracter\u00edsticas generales<\/h3>\n<p>Los sistemas de extinci\u00f3n de incendios por gases son sistemas limpios que no provocan residuos a la hora de extinguirlo, no provocando da\u00f1os en materiales, instrumentaci\u00f3n, equipos electr\u00f3nicos y el\u00e9ctricos. En los \u00faltimos a\u00f1os los sistemas de extinci\u00f3n de incendios por gases han evolucionado habi\u00e9ndose eliminado el uso de hal\u00f3n como agente extintor sobretodo y sustituy\u00e9ndolo por agentes gaseosos limpios que cumplen con el protocolo de Kioto, siendo inofensivos para la capa de ozono.<\/p>\n<h3>Bater\u00eda Gas<\/h3>\n<p>Existen diferentes tipos de agentes gaseosos extintores de incendio, los cuales se seleccionar\u00e1n seg\u00fan sea la posible naturaleza del incendio, el riesgo a proteger o la posibilidad de existencia de personal en el riesgo a proteger.<\/p>\n<p>Es importante recordar que la descarga del agente extintor provocar\u00e1 una reducci\u00f3n de la concentraci\u00f3n inicial de ox\u00edgeno, aumento de la presi\u00f3n en la sala, formaci\u00f3n, en presencia de fuego, de productos de descomposici\u00f3n (gases halogenados) y reducci\u00f3n de temperatura, es por ello que si alguno de estos factores puede incidir negativamente en la extinci\u00f3n del incendio deber\u00eda optar por otro tipo de sistema de extinci\u00f3n de incendios que no sea mediante agentes gaseosos.<\/p>\n<p>La reducci\u00f3n en la concentraci\u00f3n inicial de ox\u00edgeno es un factor muy a tener en cuenta en zonas donde haya circulaci\u00f3n de personas o habitualmente est\u00e9n ocupadas. Es por ello que la exposici\u00f3n innecesaria del personal debe ser evitada. Esto se logra, generalmente, disponiendo de las alarmas ac\u00fasticas sirenas, avisadores, etc) y alarmas \u00f3pticas (letreros luminosos, flashes, etc) necesarias, as\u00ed como de un tiempo de retardo de la descarga (normalmente entre 10 y 60 segundos), despu\u00e9s de la actuaci\u00f3n autom\u00e1tica del sistema.<\/p>\n","protected":false},"excerpt":{"rendered":"<p>Sistema de extinci\u00f3n de incendios por gases &#8211; Caracter\u00edsticas generales Los sistemas de extinci\u00f3n de incendios por gases son sistemas limpios que no provocan residuos a la hora de extinguirlo, no provocando da\u00f1os en materiales, instrumentaci\u00f3n, equipos electr\u00f3nicos y el\u00e9ctricos. En los \u00faltimos a\u00f1os los sistemas de extinci\u00f3n de incendios por gases han evolucionado habi\u00e9ndose [&hellip;]<\/p>\n","protected":false},"author":1,"featured_media":0,"parent":0,"menu_order":4,"comment_status":"closed","ping_status":"closed","template":"","meta":{"om_disable_all_campaigns":false},"aioseo_notices":[],"_links":{"self":[{"href":"https:\/\/www.construccionescasaalba.es\/2\/wp-json\/wp\/v2\/pages\/337"}],"collection":[{"href":"https:\/\/www.construccionescasaalba.es\/2\/wp-json\/wp\/v2\/pages"}],"about":[{"href":"https:\/\/www.construccionescasaalba.es\/2\/wp-json\/wp\/v2\/types\/page"}],"author":[{"embeddable":true,"href":"https:\/\/www.construccionescasaalba.es\/2\/wp-json\/wp\/v2\/users\/1"}],"replies":[{"embeddable":true,"href":"https:\/\/www.construccionescasaalba.es\/2\/wp-json\/wp\/v2\/comments?post=337"}],"version-history":[{"count":0,"href":"https:\/\/www.construccionescasaalba.es\/2\/wp-json\/wp\/v2\/pages\/337\/revisions"}],"wp:attachment":[{"href":"https:\/\/www.construccionescasaalba.es\/2\/wp-json\/wp\/v2\/media?parent=337"}],"curies":[{"name":"wp","href":"https:\/\/api.w.org\/{rel}","templated":true}]}}