{"id":335,"date":"2014-03-07T15:26:07","date_gmt":"2014-03-07T15:26:07","guid":{"rendered":"https:\/\/www.construccionescasaalba.es\/2\/mantenimiento-de-grupos-de-presion-contra-incendios\/"},"modified":"2014-03-07T15:26:07","modified_gmt":"2014-03-07T15:26:07","slug":"mantenimiento-de-grupos-de-presion-contra-incendios","status":"publish","type":"page","link":"https:\/\/www.construccionescasaalba.es\/2\/mantenimiento-de-grupos-de-presion-contra-incendios\/","title":{"rendered":"Mantenimiento de grupos de presi\u00f3n contra incendios"},"content":{"rendered":"<h3>Abastecimiento y grupos de presi\u00f3n contra incendios &#8211; Mantenimiento de grupos de presi\u00f3n contra incendios<\/h3>\n<h3>Mantenimiento<\/h3>\n<p>En cualquier sistema de extinci\u00f3n de incendios que se requiera un grupo de presi\u00f3n contraincendios es de vital importancia el correcto funcionamiento de \u00e9ste. Ya que un mal funcionamiento o un estado de aver\u00eda o fuera de servicio provocar\u00e1 que los sistemas existentes no puedan funcionar sin la impulsi\u00f3n del agente extintor acuoso o espumoso, provocando la inexistencia de un sistema de extinci\u00f3n de incendios a pesar de disponer del resto de instalaci\u00f3n existente (rociadores, bies, tuber\u00edas, ca\u00f1ones espuma, hidrantes, lanzas, etc).<\/p>\n<p>Es por ello que se han de revisar los sistemas de impulsi\u00f3n o grupos de bombeo de forma permanente, realizando comprobaciones, puestas en marcha para la verificaci\u00f3n del funcionamiento, pruebas e inspecciones trimestrales y anuales por empresas certificadas para este tipo de mantenimientos. Tenemos un departamento de servicio t\u00e9cnico para reparaciones y cumplir con el mantenimiento preventivo legal.<\/p>\n","protected":false},"excerpt":{"rendered":"<p>Abastecimiento y grupos de presi\u00f3n contra incendios &#8211; Mantenimiento de grupos de presi\u00f3n contra incendios Mantenimiento En cualquier sistema de extinci\u00f3n de incendios que se requiera un grupo de presi\u00f3n contraincendios es de vital importancia el correcto funcionamiento de \u00e9ste. Ya que un mal funcionamiento o un estado de aver\u00eda o fuera de servicio provocar\u00e1 [&hellip;]<\/p>\n","protected":false},"author":1,"featured_media":0,"parent":0,"menu_order":5,"comment_status":"closed","ping_status":"closed","template":"","meta":{"om_disable_all_campaigns":false},"aioseo_notices":[],"_links":{"self":[{"href":"https:\/\/www.construccionescasaalba.es\/2\/wp-json\/wp\/v2\/pages\/335"}],"collection":[{"href":"https:\/\/www.construccionescasaalba.es\/2\/wp-json\/wp\/v2\/pages"}],"about":[{"href":"https:\/\/www.construccionescasaalba.es\/2\/wp-json\/wp\/v2\/types\/page"}],"author":[{"embeddable":true,"href":"https:\/\/www.construccionescasaalba.es\/2\/wp-json\/wp\/v2\/users\/1"}],"replies":[{"embeddable":true,"href":"https:\/\/www.construccionescasaalba.es\/2\/wp-json\/wp\/v2\/comments?post=335"}],"version-history":[{"count":0,"href":"https:\/\/www.construccionescasaalba.es\/2\/wp-json\/wp\/v2\/pages\/335\/revisions"}],"wp:attachment":[{"href":"https:\/\/www.construccionescasaalba.es\/2\/wp-json\/wp\/v2\/media?parent=335"}],"curies":[{"name":"wp","href":"https:\/\/api.w.org\/{rel}","templated":true}]}}