{"id":333,"date":"2014-03-07T15:19:43","date_gmt":"2014-03-07T15:19:43","guid":{"rendered":"https:\/\/www.construccionescasaalba.es\/2\/tipos-de-grupos-de-presion-contra-incendios\/"},"modified":"2014-03-07T15:19:43","modified_gmt":"2014-03-07T15:19:43","slug":"tipos-de-grupos-de-presion-contra-incendios","status":"publish","type":"page","link":"https:\/\/www.construccionescasaalba.es\/2\/tipos-de-grupos-de-presion-contra-incendios\/","title":{"rendered":"Tipos de grupos de presi\u00f3n contra incendios"},"content":{"rendered":"<h3>Abastecimiento y grupos de presi\u00f3n contra incendios &#8211; Tipos de grupos de presi\u00f3n contra incendios<\/h3>\n<p>Los grupos de presi\u00f3n contra incendios , adem\u00e1s de suministrar el caudal y presi\u00f3n necesarios para satisfacer las necesidades del riesgo a proteger m\u00e1s desfavorable hidr\u00e1ulicamente y\/o instalaciones que deban funcionar simult\u00e1neamente al riesgo, para lo que se emplear\u00e1n programas de c\u00e1lculo y dise\u00f1o hidr\u00e1ulico, pueden ser simples, dobles, triples, etc.<\/p>\n<p>Hay que distinguir los dos componentes b\u00e1sicos de un equipo de bombeo: Por un lado la bomba que es un juego de rodetes que impulsan el agua desde el abastecimiento hasta la red de tuber\u00edas y el motor que puede ser de dos tipos seg\u00fan el tipo de alimentaci\u00f3n que requieran para su funcionamiento.<\/p>\n<p>Seg\u00fan el tipo de bomba a emplear se pueden clasificar en: verticales, axiales, de c\u00e1mara partida, sumergidas, etc. Las m\u00e1s habituales son las bombas axiales y de c\u00e1mara partida. De todos modos en situaciones especiales en las que la fuente de abastecimiento sean lagos, balsas, agua salada de mar, etc pueden utilizarse bombas de tipos verticales o sumergidas.<\/p>\n<p>Seg\u00fan el tipo de motor se pueden clasificar en el\u00e9ctricos o diesel. Con el fin de asegurar en todo momento el funcionamiento del grupo de bombeo se suele instalar uno de cada tipo para que un corte en la alimentaci\u00f3n el\u00e9ctrica no provoque un malfuncionamiento o incluso la anulaci\u00f3n del sistema de protecci\u00f3n contraincendios. Otra posibilidad es instalar dos fuentes de alimentaci\u00f3n el\u00e9ctrica independientes mediante el uso de grupos electr\u00f3genos o incluso instalar dos equipos diesel que funcionar\u00e1n de forma aut\u00f3noma e independiente.<\/p>\n<p>Cualquiera de estas variantes de motor y bomba pueden emplearse indistintamente para la configuraci\u00f3n final del equipo de presi\u00f3n.<\/p>\n<p>Es posible dise\u00f1ar un sistema de impulsi\u00f3n con un \u00fanico equipo, con un equipo doble en el que cada uno de ellos suministra el 100% del caudal necesario funcionando uno de ellos como equipo auxiliar de reserva en caso de malfuncionamiento del equipo principal o bien tres equipos en el que cada uno de ellos es capaz de suministrar el 50% del caudal necesario, funcionando uno de ellos como equipo auxiliar de reserva en caso de malfuncionamiento de cualquiera de los 2 principales.<\/p>\n","protected":false},"excerpt":{"rendered":"<p>Abastecimiento y grupos de presi\u00f3n contra incendios &#8211; Tipos de grupos de presi\u00f3n contra incendios Los grupos de presi\u00f3n contra incendios , adem\u00e1s de suministrar el caudal y presi\u00f3n necesarios para satisfacer las necesidades del riesgo a proteger m\u00e1s desfavorable hidr\u00e1ulicamente y\/o instalaciones que deban funcionar simult\u00e1neamente al riesgo, para lo que se emplear\u00e1n programas [&hellip;]<\/p>\n","protected":false},"author":1,"featured_media":0,"parent":0,"menu_order":6,"comment_status":"closed","ping_status":"closed","template":"","meta":{"om_disable_all_campaigns":false},"aioseo_notices":[],"_links":{"self":[{"href":"https:\/\/www.construccionescasaalba.es\/2\/wp-json\/wp\/v2\/pages\/333"}],"collection":[{"href":"https:\/\/www.construccionescasaalba.es\/2\/wp-json\/wp\/v2\/pages"}],"about":[{"href":"https:\/\/www.construccionescasaalba.es\/2\/wp-json\/wp\/v2\/types\/page"}],"author":[{"embeddable":true,"href":"https:\/\/www.construccionescasaalba.es\/2\/wp-json\/wp\/v2\/users\/1"}],"replies":[{"embeddable":true,"href":"https:\/\/www.construccionescasaalba.es\/2\/wp-json\/wp\/v2\/comments?post=333"}],"version-history":[{"count":0,"href":"https:\/\/www.construccionescasaalba.es\/2\/wp-json\/wp\/v2\/pages\/333\/revisions"}],"wp:attachment":[{"href":"https:\/\/www.construccionescasaalba.es\/2\/wp-json\/wp\/v2\/media?parent=333"}],"curies":[{"name":"wp","href":"https:\/\/api.w.org\/{rel}","templated":true}]}}