{"id":329,"date":"2014-03-07T15:10:11","date_gmt":"2014-03-07T15:10:11","guid":{"rendered":"https:\/\/www.construccionescasaalba.es\/2\/abastecimientos-y-depositos-contra-incendios\/"},"modified":"2014-03-07T15:10:11","modified_gmt":"2014-03-07T15:10:11","slug":"abastecimientos-y-depositos-contra-incendios","status":"publish","type":"page","link":"https:\/\/www.construccionescasaalba.es\/2\/abastecimientos-y-depositos-contra-incendios\/","title":{"rendered":"Abastecimientos y dep\u00f3sitos contra incendios"},"content":{"rendered":"<h3>Abastecimiento y grupos de presi\u00f3n contra incendios &#8211; Abastecimientos y dep\u00f3sitos contra incendios<\/h3>\n<h3>Deposito Incendios<\/h3>\n<p>Coloquialmente a la fuente de agua se le denomina abastecimiento de agua que suele ser mediante dep\u00f3sitos espec\u00edficos para los sistemas contraincendios, y debe ser capaz de suministrar el caudal necesario durante el tiempo de autonom\u00eda requerido. Las fuentes de agua m\u00e1s comunes son dep\u00f3sitos a\u00e9reos de chapa galvanizada o dep\u00f3sitos enterrados\/elevados de obra civil. Ocasionalmente pueden ser fuentes inagotables, especialmente cuando se utiliza el mar para abastecer a las instalaciones de protecci\u00f3n contra incendios. Los dep\u00f3sitos elevados de chapa galvanizada son cada vez m\u00e1s utilizados por su r\u00e1pido montaje, facilidad de mantenimiento, versatilidad y la posibilidad del desmontaje completo y nueva instalaci\u00f3n en distinta ubicaci\u00f3n.<\/p>\n<p>Los dep\u00f3sitos de agua contraincendios suelen dise\u00f1arse con sistemas de control y llenado autom\u00e1tico, asegur\u00e1ndose en todo momento que la reserva h\u00eddrica estar\u00e1 disponible en todo momento.<\/p>\n","protected":false},"excerpt":{"rendered":"<p>Abastecimiento y grupos de presi\u00f3n contra incendios &#8211; Abastecimientos y dep\u00f3sitos contra incendios Deposito Incendios Coloquialmente a la fuente de agua se le denomina abastecimiento de agua que suele ser mediante dep\u00f3sitos espec\u00edficos para los sistemas contraincendios, y debe ser capaz de suministrar el caudal necesario durante el tiempo de autonom\u00eda requerido. Las fuentes de [&hellip;]<\/p>\n","protected":false},"author":1,"featured_media":0,"parent":0,"menu_order":8,"comment_status":"closed","ping_status":"closed","template":"","meta":{"om_disable_all_campaigns":false},"aioseo_notices":[],"_links":{"self":[{"href":"https:\/\/www.construccionescasaalba.es\/2\/wp-json\/wp\/v2\/pages\/329"}],"collection":[{"href":"https:\/\/www.construccionescasaalba.es\/2\/wp-json\/wp\/v2\/pages"}],"about":[{"href":"https:\/\/www.construccionescasaalba.es\/2\/wp-json\/wp\/v2\/types\/page"}],"author":[{"embeddable":true,"href":"https:\/\/www.construccionescasaalba.es\/2\/wp-json\/wp\/v2\/users\/1"}],"replies":[{"embeddable":true,"href":"https:\/\/www.construccionescasaalba.es\/2\/wp-json\/wp\/v2\/comments?post=329"}],"version-history":[{"count":0,"href":"https:\/\/www.construccionescasaalba.es\/2\/wp-json\/wp\/v2\/pages\/329\/revisions"}],"wp:attachment":[{"href":"https:\/\/www.construccionescasaalba.es\/2\/wp-json\/wp\/v2\/media?parent=329"}],"curies":[{"name":"wp","href":"https:\/\/api.w.org\/{rel}","templated":true}]}}