{"id":327,"date":"2014-03-07T14:59:44","date_gmt":"2014-03-07T14:59:44","guid":{"rendered":"https:\/\/www.construccionescasaalba.es\/2\/abastecimiento-y-grupos-de-presion-contra-incendios\/"},"modified":"2014-03-07T14:59:44","modified_gmt":"2014-03-07T14:59:44","slug":"abastecimiento-y-grupos-de-presion-contra-incendios","status":"publish","type":"page","link":"https:\/\/www.construccionescasaalba.es\/2\/abastecimiento-y-grupos-de-presion-contra-incendios\/","title":{"rendered":"Abastecimiento y grupos de presi\u00f3n contra incendios"},"content":{"rendered":"<h3>Abastecimiento y grupos de presi\u00f3n contra incendios &#8211; Caracter\u00edsticas generales<\/h3>\n<p>Se define como abastecimiento de agua al conjunto de fuente de agua y equipo de impulsi\u00f3n destinado a satisfacer las necesidades de caudal y presi\u00f3n que requieran los sistemas de protecci\u00f3n contraincendios durante el tiempo de autonom\u00eda requerido. En base a la normativa aplicada en cada riesgo, estos sistemas de abastecimiento se pueden clasificar como sistemas simples, dobles o superiores seg\u00fan sea el tipo de la fuente de agua y el n\u00famero de equipos que componen el grupo de presi\u00f3n contraincendios.<\/p>\n","protected":false},"excerpt":{"rendered":"<p>Abastecimiento y grupos de presi\u00f3n contra incendios &#8211; Caracter\u00edsticas generales Se define como abastecimiento de agua al conjunto de fuente de agua y equipo de impulsi\u00f3n destinado a satisfacer las necesidades de caudal y presi\u00f3n que requieran los sistemas de protecci\u00f3n contraincendios durante el tiempo de autonom\u00eda requerido. En base a la normativa aplicada en [&hellip;]<\/p>\n","protected":false},"author":1,"featured_media":0,"parent":0,"menu_order":9,"comment_status":"closed","ping_status":"closed","template":"","meta":{"om_disable_all_campaigns":false},"aioseo_notices":[],"_links":{"self":[{"href":"https:\/\/www.construccionescasaalba.es\/2\/wp-json\/wp\/v2\/pages\/327"}],"collection":[{"href":"https:\/\/www.construccionescasaalba.es\/2\/wp-json\/wp\/v2\/pages"}],"about":[{"href":"https:\/\/www.construccionescasaalba.es\/2\/wp-json\/wp\/v2\/types\/page"}],"author":[{"embeddable":true,"href":"https:\/\/www.construccionescasaalba.es\/2\/wp-json\/wp\/v2\/users\/1"}],"replies":[{"embeddable":true,"href":"https:\/\/www.construccionescasaalba.es\/2\/wp-json\/wp\/v2\/comments?post=327"}],"version-history":[{"count":0,"href":"https:\/\/www.construccionescasaalba.es\/2\/wp-json\/wp\/v2\/pages\/327\/revisions"}],"wp:attachment":[{"href":"https:\/\/www.construccionescasaalba.es\/2\/wp-json\/wp\/v2\/media?parent=327"}],"curies":[{"name":"wp","href":"https:\/\/api.w.org\/{rel}","templated":true}]}}