{"id":323,"date":"2014-03-07T12:34:56","date_gmt":"2014-03-07T12:34:56","guid":{"rendered":"https:\/\/www.construccionescasaalba.es\/2\/agua-pulverizada-para-refrigeracion-aplicaciones\/"},"modified":"2014-03-07T12:34:56","modified_gmt":"2014-03-07T12:34:56","slug":"agua-pulverizada-para-refrigeracion-aplicaciones","status":"publish","type":"page","link":"https:\/\/www.construccionescasaalba.es\/2\/agua-pulverizada-para-refrigeracion-aplicaciones\/","title":{"rendered":"Agua pulverizada para refrigeraci\u00f3n &#8211; Aplicaciones"},"content":{"rendered":"<h3>Agua pulverizada para refrigeraci\u00f3n &#8211; Aplicaciones<\/h3>\n<p>Entre algunos de los riesgos m\u00e1s habituales para la utilizaci\u00f3n de los sistemas de extinci\u00f3n de incendios por agua pulverizada destacan almacenamientos de tanques interiores y exteriores de inflamables, combustibles, gasoil, alcoholes, hidrocarburos, queroseno, pinturas, disolventes, etc., tambi\u00e9n equipos y \u00e1reas de trabajo donde se manejan estas sustancias como plantas qu\u00edmicas, petrol\u00edferas, hangares de reparaci\u00f3n de aviones, as\u00ed como cargaderos de camiones, bombas de trasiego de combustibles, transformadores, cortinas de agua sectorizadoras. Dado que casi todos los riesgos mencionados anteriormente contienen l\u00edquidos combustibles e inflamables, los sistemas de agua pulverizada suelen dise\u00f1arse conjuntamente con sistemas de extinci\u00f3n de incendios por espuma.<\/p>\n<h3>Instalaci\u00f3n<\/h3>\n<p>Los sistemas de agua pulverizada para el control de incendios se emplean ya no solo en el riesgo en el que se prev\u00e9 el posible incendio sino tambi\u00e9n en zonas colindantes que pueden verse afectadas y de igual modo se protegen mediante sistemas de agua pulverizada que inciden en la refrigeraci\u00f3n para evitar calentamiento de estructuras o recipientes contenedores evitando de esta manera una reacci\u00f3n en cadena que podr\u00eda derivar en un incendio de grandes dimensiones pudiendo ser en algunos casos totalmente incontrolable. Las normativas para el dise\u00f1o de sistemas de extinci\u00f3n de incendios por sistemas de agua pulverizada son b\u00e1sicamente: las instrucciones t\u00e9cnicas complementarias ITC MIE-APQ de la n\u00ba 1 a la n\u00ba 9, norma americana NFPA 15 y la norma UNE 23501 as\u00ed como la norma europea EN 14816.<\/p>\n","protected":false},"excerpt":{"rendered":"<p>Agua pulverizada para refrigeraci\u00f3n &#8211; Aplicaciones Entre algunos de los riesgos m\u00e1s habituales para la utilizaci\u00f3n de los sistemas de extinci\u00f3n de incendios por agua pulverizada destacan almacenamientos de tanques interiores y exteriores de inflamables, combustibles, gasoil, alcoholes, hidrocarburos, queroseno, pinturas, disolventes, etc., tambi\u00e9n equipos y \u00e1reas de trabajo donde se manejan estas sustancias como [&hellip;]<\/p>\n","protected":false},"author":1,"featured_media":0,"parent":0,"menu_order":11,"comment_status":"closed","ping_status":"closed","template":"","meta":{"om_disable_all_campaigns":false},"aioseo_notices":[],"_links":{"self":[{"href":"https:\/\/www.construccionescasaalba.es\/2\/wp-json\/wp\/v2\/pages\/323"}],"collection":[{"href":"https:\/\/www.construccionescasaalba.es\/2\/wp-json\/wp\/v2\/pages"}],"about":[{"href":"https:\/\/www.construccionescasaalba.es\/2\/wp-json\/wp\/v2\/types\/page"}],"author":[{"embeddable":true,"href":"https:\/\/www.construccionescasaalba.es\/2\/wp-json\/wp\/v2\/users\/1"}],"replies":[{"embeddable":true,"href":"https:\/\/www.construccionescasaalba.es\/2\/wp-json\/wp\/v2\/comments?post=323"}],"version-history":[{"count":0,"href":"https:\/\/www.construccionescasaalba.es\/2\/wp-json\/wp\/v2\/pages\/323\/revisions"}],"wp:attachment":[{"href":"https:\/\/www.construccionescasaalba.es\/2\/wp-json\/wp\/v2\/media?parent=323"}],"curies":[{"name":"wp","href":"https:\/\/api.w.org\/{rel}","templated":true}]}}