{"id":319,"date":"2014-03-06T16:03:32","date_gmt":"2014-03-06T16:03:32","guid":{"rendered":"https:\/\/www.construccionescasaalba.es\/2\/caracteristicas-de-los-sistemas-de-agua-nebulizada-de-alta-presion\/"},"modified":"2014-03-06T16:03:32","modified_gmt":"2014-03-06T16:03:32","slug":"caracteristicas-de-los-sistemas-de-agua-nebulizada-de-alta-presion","status":"publish","type":"page","link":"https:\/\/www.construccionescasaalba.es\/2\/caracteristicas-de-los-sistemas-de-agua-nebulizada-de-alta-presion\/","title":{"rendered":"Caracter\u00edsticas de los sistemas de agua nebulizada de alta presi\u00f3n"},"content":{"rendered":"<h3>Sistema de extinci\u00f3n autom\u00e1tico de incendios mediante agua nebulizada &#8211; Caracter\u00edsticas de los sistemas de agua nebulizada de alta presi\u00f3n<\/h3>\n<p>Los sistemas funcionan con presiones de uso entre los 35 y los 210 bares, descargando gotas de muy peque\u00f1o di\u00e1metro y alta velocidad.<\/p>\n<h3>Grupo El\u00e9ctrico<\/h3>\n<p>Los sistemas de extinci\u00f3n de incendios por agua nebulizada emplean como agente extintor agua natural a alta presi\u00f3n y est\u00e1 basado en principios y tecnolog\u00eda hidr\u00e1ulica bien establecidos. Los sprinklers autom\u00e1ticos o abiertos, especialmente dise\u00f1ados hacen que el agua se descargue en forma de fina niebla. Las peque\u00f1as gotas de agua ofrecen una amplia superficie total de absorci\u00f3n de calor, permitiendo as\u00ed un eficaz enfriamiento de la zona del incendio y sus alrededores. La alta velocidad de las gotas hace que la niebla pueda penetrar en el conjunto de gases calientes y alcance la superficie de combusti\u00f3n, incluso en fuegos grandes y resguardados de la acci\u00f3n directa de la descarga.<\/p>\n<p>Los sistemas de extinci\u00f3n por agua nebulizada de alta presi\u00f3n basan su principio de extinci\u00f3n y control del fuego en la combinaci\u00f3n de cuatro acciones diferentes:<\/p>\n<h3>Enfriamiento del combustible y del espacio.<\/h3>\n<h3>Desplazamiento del ox\u00edgeno en la base del fuego.<\/h3>\n<h3>Atenuaci\u00f3n de la transmisi\u00f3n de calor por radiaci\u00f3n.<\/h3>\n<h3>Lavado y decantaci\u00f3n de los humos y gases t\u00f3xicos.<\/h3>\n<p>El efecto de enfriamiento se optimiza al m\u00e1ximo, por la divisi\u00f3n del agua aplicada en gotas extremadamente peque\u00f1as (60-200 mm.) lo que resulta en un incremento gigantesco de la superficie de absorci\u00f3n de calor. Un alto porcentaje de estas gotas peque\u00f1as pasa a estado gaseoso, retirando del combustible el calor necesario para su evaporaci\u00f3n y desplazando al oxigeno de la base del fuego. (El agua aumenta unas mil setecientas veces de volumen al evaporarse). Este proceso de vaporizaci\u00f3n enfr\u00eda y sofoca la reacci\u00f3n de combusti\u00f3n, reduciendo la emisi\u00f3n de los vapores inflamables, y finalmente produciendo la extinci\u00f3n.<\/p>\n<p>Es importante resaltar el hecho, de que el efecto de sofocaci\u00f3n se limita al entorno del fuego, que es donde el agua nebulizada se convierte en vapor. El recinto permanece con niveles de ox\u00edgeno gen\u00e9ricos, superiores al 17-19%, lo que hace que la atm\u00f3sfera permanezca por encima de los niveles hip\u00f3xico.<\/p>\n","protected":false},"excerpt":{"rendered":"<p>Sistema de extinci\u00f3n autom\u00e1tico de incendios mediante agua nebulizada &#8211; Caracter\u00edsticas de los sistemas de agua nebulizada de alta presi\u00f3n Los sistemas funcionan con presiones de uso entre los 35 y los 210 bares, descargando gotas de muy peque\u00f1o di\u00e1metro y alta velocidad. Grupo El\u00e9ctrico Los sistemas de extinci\u00f3n de incendios por agua nebulizada emplean [&hellip;]<\/p>\n","protected":false},"author":1,"featured_media":0,"parent":0,"menu_order":12,"comment_status":"closed","ping_status":"closed","template":"","meta":{"om_disable_all_campaigns":false},"aioseo_notices":[],"_links":{"self":[{"href":"https:\/\/www.construccionescasaalba.es\/2\/wp-json\/wp\/v2\/pages\/319"}],"collection":[{"href":"https:\/\/www.construccionescasaalba.es\/2\/wp-json\/wp\/v2\/pages"}],"about":[{"href":"https:\/\/www.construccionescasaalba.es\/2\/wp-json\/wp\/v2\/types\/page"}],"author":[{"embeddable":true,"href":"https:\/\/www.construccionescasaalba.es\/2\/wp-json\/wp\/v2\/users\/1"}],"replies":[{"embeddable":true,"href":"https:\/\/www.construccionescasaalba.es\/2\/wp-json\/wp\/v2\/comments?post=319"}],"version-history":[{"count":0,"href":"https:\/\/www.construccionescasaalba.es\/2\/wp-json\/wp\/v2\/pages\/319\/revisions"}],"wp:attachment":[{"href":"https:\/\/www.construccionescasaalba.es\/2\/wp-json\/wp\/v2\/media?parent=319"}],"curies":[{"name":"wp","href":"https:\/\/api.w.org\/{rel}","templated":true}]}}