{"id":315,"date":"2014-03-06T15:34:28","date_gmt":"2014-03-06T15:34:28","guid":{"rendered":"https:\/\/www.construccionescasaalba.es\/2\/mecanismos-de-extincion-del-agua-nebulizada\/"},"modified":"2014-03-06T15:34:28","modified_gmt":"2014-03-06T15:34:28","slug":"mecanismos-de-extincion-del-agua-nebulizada","status":"publish","type":"page","link":"https:\/\/www.construccionescasaalba.es\/2\/mecanismos-de-extincion-del-agua-nebulizada\/","title":{"rendered":"Mecanismos de extinci\u00f3n del agua nebulizada"},"content":{"rendered":"<h3>Sistema de extinci\u00f3n autom\u00e1tico de incendios mediante agua nebulizada &#8211; Mecanismos de extinci\u00f3n del agua nebulizada<\/h3>\n<p>C\u00f3mo es sobradamente conocido, los agentes extintores convencionales act\u00faan sobre el fuego mediante alguno de los siguientes mecanismos: enfriamiento, sofocaci\u00f3n o bloqueo del combustible.<\/p>\n<h3>Boquilla<\/h3>\n<p>El agua nebulizada debe su eficacia extintora a la actuaci\u00f3n conjunta de tres efectos principales que son:<\/p>\n<p>Enfriamiento, sofocaci\u00f3n y atenuaci\u00f3n del calor radiante.<\/p>\n<h3>Enfriamiento.-<\/h3>\n<p>El agua nebulizada posee una gran capacidad de enfriamiento, por la divisi\u00f3n del agua utilizada en gotas de tama\u00f1o microm\u00e9trico, lo que produce en principio una gran superficie de captaci\u00f3n de calor y adem\u00e1s el que estas micro gotas en contacto con los cuerpos o gases calientes se transformen en vapor absorbiendo una cantidad de calor equivalente a 540 calor\u00edas\/gramo.<\/p>\n<h3>Sofocaci\u00f3n.-<\/h3>\n<p>El vapor generado desplaza un volumen de ox\u00edgeno equivalente, produciendo un efecto de sofocaci\u00f3n.<\/p>\n<h3>Atenuaci\u00f3n.-<\/h3>\n<p>El calor radiante es uno de los fen\u00f3menos que contribuye al mantenimiento de la reacci\u00f3n de combusti\u00f3n al producir la elevaci\u00f3n de temperatura de masas adicionales de combustible. La niebla generada en el recinto reduce enormemente este fen\u00f3meno.<\/p>\n<p>Es interesante hacer una breve reflexi\u00f3n sobre c\u00f3mo se produce la combusti\u00f3n de s\u00f3lidos y l\u00edquidos combustibles e inflamables. La combusti\u00f3n de un s\u00f3lido o l\u00edquido se inicia cuando el combustible en presencia de una fuente de calor es capaz de generar una cantidad suficiente de vapores inflamables que una vez en combusti\u00f3n producen el suficiente calor para generar m\u00e1s vol\u00e1tiles que se incorporan a la combusti\u00f3n y produci\u00e9ndose lo que se denomina reacci\u00f3n en cadena.<\/p>\n<h3>Bater\u00eda<\/h3>\n<p>Por tanto los mecanismos de extinci\u00f3n se deben producir en el entorno donde se est\u00e1 produciendo la generaci\u00f3n de vol\u00e1tiles y su inflamaci\u00f3n. Consecuentemente la eficacia extintora del agua nebulizada esta ligada a su capacidad de entrar en contacto con el entorno mencionado. As\u00ed pues los sistemas que generan el agua nebulizada solamente ser\u00e1n eficaces si son capaces de garantizar que el agente extintor entrar\u00e1 en contacto con el combustible en la fase mencionada.<\/p>\n","protected":false},"excerpt":{"rendered":"<p>Sistema de extinci\u00f3n autom\u00e1tico de incendios mediante agua nebulizada &#8211; Mecanismos de extinci\u00f3n del agua nebulizada C\u00f3mo es sobradamente conocido, los agentes extintores convencionales act\u00faan sobre el fuego mediante alguno de los siguientes mecanismos: enfriamiento, sofocaci\u00f3n o bloqueo del combustible. Boquilla El agua nebulizada debe su eficacia extintora a la actuaci\u00f3n conjunta de tres efectos [&hellip;]<\/p>\n","protected":false},"author":1,"featured_media":0,"parent":0,"menu_order":14,"comment_status":"closed","ping_status":"closed","template":"","meta":{"om_disable_all_campaigns":false},"aioseo_notices":[],"_links":{"self":[{"href":"https:\/\/www.construccionescasaalba.es\/2\/wp-json\/wp\/v2\/pages\/315"}],"collection":[{"href":"https:\/\/www.construccionescasaalba.es\/2\/wp-json\/wp\/v2\/pages"}],"about":[{"href":"https:\/\/www.construccionescasaalba.es\/2\/wp-json\/wp\/v2\/types\/page"}],"author":[{"embeddable":true,"href":"https:\/\/www.construccionescasaalba.es\/2\/wp-json\/wp\/v2\/users\/1"}],"replies":[{"embeddable":true,"href":"https:\/\/www.construccionescasaalba.es\/2\/wp-json\/wp\/v2\/comments?post=315"}],"version-history":[{"count":0,"href":"https:\/\/www.construccionescasaalba.es\/2\/wp-json\/wp\/v2\/pages\/315\/revisions"}],"wp:attachment":[{"href":"https:\/\/www.construccionescasaalba.es\/2\/wp-json\/wp\/v2\/media?parent=315"}],"curies":[{"name":"wp","href":"https:\/\/api.w.org\/{rel}","templated":true}]}}