{"id":313,"date":"2014-03-06T15:22:11","date_gmt":"2014-03-06T15:22:11","guid":{"rendered":"https:\/\/www.construccionescasaalba.es\/2\/deteccion-de-incendios-y-gases-inflamables-sistemas-de-deteccion-de-gases-inflamables-toxicos-y-o-explosivos\/"},"modified":"2014-03-06T15:22:11","modified_gmt":"2014-03-06T15:22:11","slug":"deteccion-de-incendios-y-gases-inflamables-sistemas-de-deteccion-de-gases-inflamables-toxicos-y-o-explosivos","status":"publish","type":"page","link":"https:\/\/www.construccionescasaalba.es\/2\/deteccion-de-incendios-y-gases-inflamables-sistemas-de-deteccion-de-gases-inflamables-toxicos-y-o-explosivos\/","title":{"rendered":"Detecci\u00f3n de incendios y gases inflamables &#8211; Sistemas de detecci\u00f3n de gases inflamables, t\u00f3xicos y\/o explosivos"},"content":{"rendered":"<h3>Detecci\u00f3n de incendios y gases inflamables &#8211; Sistemas de detecci\u00f3n de gases inflamables, t\u00f3xicos y\/o explosivos<\/h3>\n<p>Son sistemas que trabajan en paralelo a los sistemas de detecci\u00f3n de incendio, y muchas veces interconectados a trav\u00e9s de sus centrales de control. Su misi\u00f3n no es detectar un fuego como tal, sino detectar la presencia de dichos gases en el ambiente, lo que en caso de siniestro ser\u00eda grav\u00edsimo porque favorecer\u00eda su propagaci\u00f3n de forma r\u00e1pida. Existen sensores para diferentes tipos de gas, y resulta b\u00e1sico conocer las caracter\u00edsticas de los elementos a detectar ante la elecci\u00f3n del sistema. Es importante saber la densidad con respecto al aire para la correcta ubicaci\u00f3n de los mismos, as\u00ed como saber cu\u00e1l es la cobertura de cada equipo, y d\u00f3nde se pueden producir de un modo m\u00e1s probable las fugas y\/o vertidos acciedentales.<\/p>\n","protected":false},"excerpt":{"rendered":"<p>Detecci\u00f3n de incendios y gases inflamables &#8211; Sistemas de detecci\u00f3n de gases inflamables, t\u00f3xicos y\/o explosivos Son sistemas que trabajan en paralelo a los sistemas de detecci\u00f3n de incendio, y muchas veces interconectados a trav\u00e9s de sus centrales de control. Su misi\u00f3n no es detectar un fuego como tal, sino detectar la presencia de dichos [&hellip;]<\/p>\n","protected":false},"author":1,"featured_media":0,"parent":0,"menu_order":15,"comment_status":"closed","ping_status":"closed","template":"","meta":{"om_disable_all_campaigns":false},"aioseo_notices":[],"_links":{"self":[{"href":"https:\/\/www.construccionescasaalba.es\/2\/wp-json\/wp\/v2\/pages\/313"}],"collection":[{"href":"https:\/\/www.construccionescasaalba.es\/2\/wp-json\/wp\/v2\/pages"}],"about":[{"href":"https:\/\/www.construccionescasaalba.es\/2\/wp-json\/wp\/v2\/types\/page"}],"author":[{"embeddable":true,"href":"https:\/\/www.construccionescasaalba.es\/2\/wp-json\/wp\/v2\/users\/1"}],"replies":[{"embeddable":true,"href":"https:\/\/www.construccionescasaalba.es\/2\/wp-json\/wp\/v2\/comments?post=313"}],"version-history":[{"count":0,"href":"https:\/\/www.construccionescasaalba.es\/2\/wp-json\/wp\/v2\/pages\/313\/revisions"}],"wp:attachment":[{"href":"https:\/\/www.construccionescasaalba.es\/2\/wp-json\/wp\/v2\/media?parent=313"}],"curies":[{"name":"wp","href":"https:\/\/api.w.org\/{rel}","templated":true}]}}