{"id":301,"date":"2014-02-23T17:03:21","date_gmt":"2014-02-23T17:03:21","guid":{"rendered":"https:\/\/www.construccionescasaalba.es\/2\/aplicaciones-y-normativas-de-aplicacion\/"},"modified":"2014-02-23T17:03:21","modified_gmt":"2014-02-23T17:03:21","slug":"aplicaciones-y-normativas-de-aplicacion","status":"publish","type":"page","link":"https:\/\/www.construccionescasaalba.es\/2\/aplicaciones-y-normativas-de-aplicacion\/","title":{"rendered":"Aplicaciones y normativas de aplicaci\u00f3n"},"content":{"rendered":"<p>Aplicaciones y normativas de aplicaci\u00f3n<\/p>\n<p>Entre algunos de los riesgos m\u00e1s habituales para la utilizaci\u00f3n de los sistemas de extinci\u00f3n de incendios por espuma destacan almacenamientos de tanques de combustibles interiores y exteriores, pinturas, disolventes, etc., tambi\u00e9n equipos y \u00e1reas de trabajo donde se manejan estas sustancias como plantas qu\u00edmicas, petrol\u00edferas, hangares de reparaci\u00f3n de aviones, etc.<\/p>\n<p>Espuma de baja expansi\u00f3n<\/p>\n<p>Las normativas para el dise\u00f1o de sistemas de extinci\u00f3n de incendios por sistemas de espuma son b\u00e1sicamente.<\/p>\n<p>ITC MIE-APQ<\/p>\n<p>Instrucciones T\u00e9cnicas Complementarias<\/p>\n<p>MIE-APQ NFPA-11<\/p>\n<p>National Fire Protection Association, Standard para espuma de baja, media y alta expansi\u00f3n.<\/p>\n<p>NPFA 16<\/p>\n<p>National Fire Protection Association, Standard para de Rociadores cerrados de espuma y agua pulverizada con espuma.<\/p>\n<p>NFPA-30<\/p>\n<p>National Fire Protection Association, Standard para almacenamiento de l\u00edquidos inflamables y combustibles.<\/p>\n<p>Otras normas de car\u00e1cter nacional empleadas para el dise\u00f1o de los sistemas de extinci\u00f3n de incendios por espuma son:<\/p>\n<p>UNE 23-521-90 1R<\/p>\n<p>Sistemas de extinci\u00f3n por espuma f\u00edsica de baja expansi\u00f3n. Generalidades.<\/p>\n<p>UNE 23-522-83 Sistemas de extinci\u00f3n por espuma f\u00edsica de baja expansi\u00f3n. Sistemas fijos para protecci\u00f3n de riesgos interiores.<\/p>\n<p>UNE 23-523-84<\/p>\n<p>Sistemas de extinci\u00f3n por espuma f\u00edsica de baja expansi\u00f3n. Sistemas fijos para protecci\u00f3n de riesgos exteriores. Tanques de almacenamiento de combustibles I\u00edquidos.<\/p>\n<p>UNE 23-524-83<\/p>\n<p>Sistemas de extinci\u00f3n por espuma f\u00edsica de baja expansi\u00f3n. Sistemas fijos para protecci\u00f3n de riesgos exteriores. Espuma pulverizada.<\/p>\n<p>UNE 23-525-83<\/p>\n<p>Sistemas de extinci\u00f3n por espuma f\u00edsica de baja expansi\u00f3n. Sistemas para protecci\u00f3n de riesgos exteriores. Monitores, lanzas y torres de espuma.<\/p>\n<p>UNE 23-526-84<\/p>\n<p>Sistemas de extinci\u00f3n por espuma f\u00edsica de baja expansi\u00f3n. Ensayos de recepci\u00f3n y mantenimiento.<\/p>\n<p>\u00a0<\/p>\n<p>\u00a0<\/p>\n<table class=\"prod2-1\" cellspacing=\"0\" cellpadding=\"0\">\n<tbody>\n<tr>\n<th style=\"width: 30%;\">\n<p>\u00a0<\/p>\n<\/th>\n<td>\n<p>\u00a0<\/p>\n<\/td>\n<\/tr>\n<tr class=\"odd\">\n<th>\n<p>\u00a0<\/p>\n<p>\u00a0<\/p>\n<\/th>\n<td>\n<p>\u00a0<\/p>\n<p>\u00a0<\/p>\n<\/td>\n<\/tr>\n<tr>\n<th>\n<p>\u00a0<\/p>\n<p>\u00a0<\/p>\n<\/th>\n<td>\n<p>\u00a0<\/p>\n<\/td>\n<\/tr>\n<tr class=\"odd\">\n<th>\n<p>\u00a0<\/p>\n<\/th>\n<td>\n<p>\u00a0<\/p>\n<p>\u00a0<\/p>\n<p>\u00a0<\/p>\n<\/td>\n<\/tr>\n<\/tbody>\n<\/table>\n","protected":false},"excerpt":{"rendered":"<p>Aplicaciones y normativas de aplicaci\u00f3n Entre algunos de los riesgos m\u00e1s habituales para la utilizaci\u00f3n de los sistemas de extinci\u00f3n de incendios por espuma destacan almacenamientos de tanques de combustibles interiores y exteriores, pinturas, disolventes, etc., tambi\u00e9n equipos y \u00e1reas de trabajo donde se manejan estas sustancias como plantas qu\u00edmicas, petrol\u00edferas, hangares de reparaci\u00f3n de [&hellip;]<\/p>\n","protected":false},"author":1,"featured_media":0,"parent":0,"menu_order":8,"comment_status":"closed","ping_status":"closed","template":"","meta":{"om_disable_all_campaigns":false},"aioseo_notices":[],"_links":{"self":[{"href":"https:\/\/www.construccionescasaalba.es\/2\/wp-json\/wp\/v2\/pages\/301"}],"collection":[{"href":"https:\/\/www.construccionescasaalba.es\/2\/wp-json\/wp\/v2\/pages"}],"about":[{"href":"https:\/\/www.construccionescasaalba.es\/2\/wp-json\/wp\/v2\/types\/page"}],"author":[{"embeddable":true,"href":"https:\/\/www.construccionescasaalba.es\/2\/wp-json\/wp\/v2\/users\/1"}],"replies":[{"embeddable":true,"href":"https:\/\/www.construccionescasaalba.es\/2\/wp-json\/wp\/v2\/comments?post=301"}],"version-history":[{"count":0,"href":"https:\/\/www.construccionescasaalba.es\/2\/wp-json\/wp\/v2\/pages\/301\/revisions"}],"wp:attachment":[{"href":"https:\/\/www.construccionescasaalba.es\/2\/wp-json\/wp\/v2\/media?parent=301"}],"curies":[{"name":"wp","href":"https:\/\/api.w.org\/{rel}","templated":true}]}}