{"id":297,"date":"2014-02-23T15:56:59","date_gmt":"2014-02-23T15:56:59","guid":{"rendered":"https:\/\/www.construccionescasaalba.es\/2\/tipos-de-rociadores\/"},"modified":"2014-02-23T15:56:59","modified_gmt":"2014-02-23T15:56:59","slug":"tipos-de-rociadores","status":"publish","type":"page","link":"https:\/\/www.construccionescasaalba.es\/2\/tipos-de-rociadores\/","title":{"rendered":"Tipos de Rociadores"},"content":{"rendered":"<h3>Tipos de sistemas de rociadores<\/h3>\n<p>Existen b\u00e1sicamente tres tipos distintos de instalaciones de rociadores autom\u00e1ticos, en funci\u00f3n de la forma como se descarga el agua sobre el riesgo:<\/p>\n<h3>Sistemas de tuber\u00eda mojada:<\/h3>\n<p>Se trata del sistema m\u00e1s usado con diferencia cuando se trata de dise\u00f1ar instalaciones de protecci\u00f3n por rociadores autom\u00e1ticos. Toda la red de tuber\u00edas se encuentra en est\u00e1tico presurizada con agua y cuando un rociador act\u00faa porque la temperatura ha llegado al valor de tarado del mismo, se descarga de forma inmediata agua por \u00e9ste rociador y por todos y cada uno de los que sucesivamente se vayan abriendo por efecto de la temperatura.<\/p>\n<h3>Sistemas de tuber\u00eda seca:<\/h3>\n<p>La principal diferencia con los sistemas de tuber\u00eda mojada es que toda la instalaci\u00f3n aguas abajo del puesto de control no se encuentra presurizada con agua, sino con aire a presi\u00f3n. Conceptualmente, los rociadores son iguales en tama\u00f1o y factor de descarga y funcionan de la misma forma ya que en el momento que se vac\u00eda el aire entra agua, si bien la Norma UNE EN-12845 establece \u00e1reas de operaci\u00f3n mayores debido al mayor tiempo que tarda el agua en llegar al riesgo. Los puestos de control empleados son sensiblemente distintos a los de los sistemas de tuber\u00eda mojada e incluso pueden necesitar de un dispositivo acelerador para grandes superficies de dise\u00f1o. Su principal aplicaci\u00f3n se debe a protecci\u00f3n de riesgos con potencial riesgo de heladas en la zona protegida por los rociadores. Obviamente, toda la instalaci\u00f3n hasta el puesto de control debe estar en una zona protegida de dichas heladas.<\/p>\n<h3>Sistemas de acci\u00f3n previa o pre-acci\u00f3n:<\/h3>\n<p>Conceptualmente se trata de un sistema de tuber\u00eda seca pero con la particularidad que requiere de una se\u00f1al procedente de un sistema paralelo de detecci\u00f3n de incendios que act\u00fae sobre la v\u00e1lvula de control para liberar el agua, que llenar\u00e1 las tuber\u00edas y se descargar\u00e1 por el\/los rociadores afectados por el incendio, de igual forma que en los dos casos anteriores. A pesar de no ser necesario, es recomendable presurizar con aire las tuber\u00edas aguas abajo del puesto de control, al igual que los sistemas secos, ya que de esta forma podemos vigilar el sistema ante roturas fortuitas de la instalaci\u00f3n a trav\u00e9s de un presostato instalado despu\u00e9s de la v\u00e1lvula de control.<\/p>\n<p>\u00a0<\/p>\n<p>Fuente: Prefire.es<\/p>\n","protected":false},"excerpt":{"rendered":"<p>Tipos de sistemas de rociadores Existen b\u00e1sicamente tres tipos distintos de instalaciones de rociadores autom\u00e1ticos, en funci\u00f3n de la forma como se descarga el agua sobre el riesgo: Sistemas de tuber\u00eda mojada: Se trata del sistema m\u00e1s usado con diferencia cuando se trata de dise\u00f1ar instalaciones de protecci\u00f3n por rociadores autom\u00e1ticos. Toda la red de [&hellip;]<\/p>\n","protected":false},"author":1,"featured_media":0,"parent":0,"menu_order":22,"comment_status":"closed","ping_status":"closed","template":"","meta":{"om_disable_all_campaigns":false},"aioseo_notices":[],"_links":{"self":[{"href":"https:\/\/www.construccionescasaalba.es\/2\/wp-json\/wp\/v2\/pages\/297"}],"collection":[{"href":"https:\/\/www.construccionescasaalba.es\/2\/wp-json\/wp\/v2\/pages"}],"about":[{"href":"https:\/\/www.construccionescasaalba.es\/2\/wp-json\/wp\/v2\/types\/page"}],"author":[{"embeddable":true,"href":"https:\/\/www.construccionescasaalba.es\/2\/wp-json\/wp\/v2\/users\/1"}],"replies":[{"embeddable":true,"href":"https:\/\/www.construccionescasaalba.es\/2\/wp-json\/wp\/v2\/comments?post=297"}],"version-history":[{"count":0,"href":"https:\/\/www.construccionescasaalba.es\/2\/wp-json\/wp\/v2\/pages\/297\/revisions"}],"wp:attachment":[{"href":"https:\/\/www.construccionescasaalba.es\/2\/wp-json\/wp\/v2\/media?parent=297"}],"curies":[{"name":"wp","href":"https:\/\/api.w.org\/{rel}","templated":true}]}}