{"id":295,"date":"2014-02-23T15:49:38","date_gmt":"2014-02-23T15:49:38","guid":{"rendered":"https:\/\/www.construccionescasaalba.es\/2\/parametros-de-diseno\/"},"modified":"2014-02-23T15:49:38","modified_gmt":"2014-02-23T15:49:38","slug":"parametros-de-diseno","status":"publish","type":"page","link":"https:\/\/www.construccionescasaalba.es\/2\/parametros-de-diseno\/","title":{"rendered":"Par\u00e1metros de Dise\u00f1o"},"content":{"rendered":"<h3>\u00a0Par\u00e1metros de dise\u00f1o<\/h3>\n<p>Para un correcto dise\u00f1o de un sistema de protecci\u00f3n por rociadores autom\u00e1ticos es fundamental definir de forma clara e inequ\u00edvoca los par\u00e1metros de dise\u00f1o con los que se va a trabajar, ya que de \u00e9stos depende no s\u00f3lo cumplir con la Normativa vigente, sino tambi\u00e9n que en caso de incendio las instalaciones funcionen como deben.<\/p>\n<p>Se establecen dos par\u00e1metros b\u00e1sicos que deben quedar definidos:<\/p>\n<h3>\u00c1rea de operaci\u00f3n:<\/h3>\n<p>Se define como la superficie m\u00e1xima sobre la que se supone, a efectos de dise\u00f1o, que se descargar\u00e1 agua cuando la instalaci\u00f3n de rociadores entre en funcionamiento en caso de incendio.<\/p>\n<h3>Densidad de dise\u00f1o:<\/h3>\n<p>Se define como la m\u00ednima descarga en unidades de caudal por unidad de superficie que se debe dise\u00f1ar una red de rociadores determinada. De este dato suele desprenderse el caudal unitario m\u00ednimo que cada boquilla descargar\u00e1.<\/p>\n<p>Todos estos par\u00e1metros nos permiten efectuar un adecuado c\u00e1lculo hidr\u00e1ulico de la instalaci\u00f3n, con el objetivo tanto de elegir las secciones de las tuber\u00edas necesarias como definir de forma precisa el abastecimiento necesario. Una vez estudiados todos y cada uno de los distintos riesgos protegidos por rociadores se establecer\u00e1 una demanda hidr\u00e1ulica necesaria, tanto en caudal y presi\u00f3n como en tiempo de autonom\u00eda, con lo que quedar\u00e1 definido el tipo de grupo de presi\u00f3n necesario y el tama\u00f1o de la reserva necesaria.<\/p>\n<p>\u00a0<\/p>\n<p>Fuente: Prefire.es<\/p>\n<p style=\"margin: 0cm 0cm 10pt;\">\u00a0<\/p>\n<p>\u00a0<\/p>\n","protected":false},"excerpt":{"rendered":"<p>\u00a0Par\u00e1metros de dise\u00f1o Para un correcto dise\u00f1o de un sistema de protecci\u00f3n por rociadores autom\u00e1ticos es fundamental definir de forma clara e inequ\u00edvoca los par\u00e1metros de dise\u00f1o con los que se va a trabajar, ya que de \u00e9stos depende no s\u00f3lo cumplir con la Normativa vigente, sino tambi\u00e9n que en caso de incendio las instalaciones [&hellip;]<\/p>\n","protected":false},"author":1,"featured_media":0,"parent":0,"menu_order":23,"comment_status":"closed","ping_status":"closed","template":"","meta":{"om_disable_all_campaigns":false},"aioseo_notices":[],"_links":{"self":[{"href":"https:\/\/www.construccionescasaalba.es\/2\/wp-json\/wp\/v2\/pages\/295"}],"collection":[{"href":"https:\/\/www.construccionescasaalba.es\/2\/wp-json\/wp\/v2\/pages"}],"about":[{"href":"https:\/\/www.construccionescasaalba.es\/2\/wp-json\/wp\/v2\/types\/page"}],"author":[{"embeddable":true,"href":"https:\/\/www.construccionescasaalba.es\/2\/wp-json\/wp\/v2\/users\/1"}],"replies":[{"embeddable":true,"href":"https:\/\/www.construccionescasaalba.es\/2\/wp-json\/wp\/v2\/comments?post=295"}],"version-history":[{"count":0,"href":"https:\/\/www.construccionescasaalba.es\/2\/wp-json\/wp\/v2\/pages\/295\/revisions"}],"wp:attachment":[{"href":"https:\/\/www.construccionescasaalba.es\/2\/wp-json\/wp\/v2\/media?parent=295"}],"curies":[{"name":"wp","href":"https:\/\/api.w.org\/{rel}","templated":true}]}}