{"id":293,"date":"2014-02-23T15:39:03","date_gmt":"2014-02-23T15:39:03","guid":{"rendered":"https:\/\/www.construccionescasaalba.es\/2\/clasificacion-de-riesgos\/"},"modified":"2014-02-23T15:39:03","modified_gmt":"2014-02-23T15:39:03","slug":"clasificacion-de-riesgos","status":"publish","type":"page","link":"https:\/\/www.construccionescasaalba.es\/2\/clasificacion-de-riesgos\/","title":{"rendered":"Clasificaci\u00f3n de Riesgos"},"content":{"rendered":"<h3>Clasificaci\u00f3n de riesgos<\/h3>\n<p>Cuando hay que dise\u00f1ar una protecci\u00f3n por rociadores autom\u00e1ticos para un edificio, sea cu\u00e1l sea \u00e9ste, hay que identificar su riesgo potencial. Esta definici\u00f3n de riesgo viene definida por el tipo de inmueble a proteger, por los productos combustibles que en \u00e9l se encuentran, y por la distribuci\u00f3n de dichos materiales, ya que la capacidad para controlar y\/o extinguir del sistema depender\u00e1 de forma muy directa de la cantidad de agua a arrojar sobre el riesgo.<\/p>\n<h3>Riesgos<\/h3>\n<p>Cuando se trata de dise\u00f1ar una instalaci\u00f3n de rociadores autom\u00e1ticos es b\u00e1sico definir con qu\u00e9 normativa vamos a trabajar. Lo m\u00e1s habitual es hacerlo con la Norma UNE EN-12845, de obligado cumplimiento para dise\u00f1o de instalaciones de rociadores en todo el territorio nacional. Ocasionalmente, suele recurrirse a otras normativas de reconocido prestigio, siempre que eso suponga una mayor definici\u00f3n ante el riesgo protegido. En este caso es habitual trabajar con la normativa americana NFPA13 para dise\u00f1o de instalaciones de sprinklers, sobre todo cuando se protegen riesgos especiales no contemplados en la UNE mencionada. Un caso muy t\u00edpico de aplicaci\u00f3n de la Norma NFPA-13 es la protecci\u00f3n de grandes almacenes en altura, porque su diversidad de tablas y criterios de dise\u00f1o permite al proyectista disponer de muchos m\u00e1s recursos para elegir los rociadores m\u00e1s adecuados.<\/p>\n<p>Como apoyo a las normas de obligado cumplimiento existen Reglas T\u00e9cnicas para el dise\u00f1o de instalaciones de rociadores autom\u00e1ticos de gran solvencia y que complementan a \u00e9stas. De todas ellas, las Reglas T\u00e9cnicas Cepreven son, sin duda, las m\u00e1s recurridas debido a la gran experiencia de esta entidad en el dise\u00f1o y evaluaci\u00f3n de este tipo de instalaciones.<\/p>\n<h3>Red Tuberias<\/h3>\n<p>Siguiendo lo especificado en la Norma UNE EN-12845 podemos dividir los riesgos en 4 grandes segmentos:<\/p>\n<p><strong> Riesgo Ligero<\/strong> (para actividades con muy poco riesgo).<\/p>\n<p><strong>Riesgo Ordinario<\/strong> (fundamentalmente para edificios urbanos de todo tipo y peque\u00f1os almacenes autosuficientes).<\/p>\n<p><strong> Riesgo Extra de Proceso<\/strong> (para industrias productivas de riesgos importantes en magnitud y concentraci\u00f3n de materiales inflamables).<\/p>\n<p><strong>Riesgo Extra de Almacenamiento<\/strong> (para almacenes donde la carga de fuego requiere valores de descarga de agua mayores).<\/p>\n<p>\u00a0<\/p>\n<p>Fuente: Prefire.es<\/p>\n","protected":false},"excerpt":{"rendered":"<p>Clasificaci\u00f3n de riesgos Cuando hay que dise\u00f1ar una protecci\u00f3n por rociadores autom\u00e1ticos para un edificio, sea cu\u00e1l sea \u00e9ste, hay que identificar su riesgo potencial. Esta definici\u00f3n de riesgo viene definida por el tipo de inmueble a proteger, por los productos combustibles que en \u00e9l se encuentran, y por la distribuci\u00f3n de dichos materiales, ya [&hellip;]<\/p>\n","protected":false},"author":1,"featured_media":0,"parent":0,"menu_order":24,"comment_status":"closed","ping_status":"closed","template":"","meta":{"om_disable_all_campaigns":false},"aioseo_notices":[],"_links":{"self":[{"href":"https:\/\/www.construccionescasaalba.es\/2\/wp-json\/wp\/v2\/pages\/293"}],"collection":[{"href":"https:\/\/www.construccionescasaalba.es\/2\/wp-json\/wp\/v2\/pages"}],"about":[{"href":"https:\/\/www.construccionescasaalba.es\/2\/wp-json\/wp\/v2\/types\/page"}],"author":[{"embeddable":true,"href":"https:\/\/www.construccionescasaalba.es\/2\/wp-json\/wp\/v2\/users\/1"}],"replies":[{"embeddable":true,"href":"https:\/\/www.construccionescasaalba.es\/2\/wp-json\/wp\/v2\/comments?post=293"}],"version-history":[{"count":0,"href":"https:\/\/www.construccionescasaalba.es\/2\/wp-json\/wp\/v2\/pages\/293\/revisions"}],"wp:attachment":[{"href":"https:\/\/www.construccionescasaalba.es\/2\/wp-json\/wp\/v2\/media?parent=293"}],"curies":[{"name":"wp","href":"https:\/\/api.w.org\/{rel}","templated":true}]}}