{"id":291,"date":"2014-02-21T16:55:08","date_gmt":"2014-02-21T16:55:08","guid":{"rendered":"https:\/\/www.construccionescasaalba.es\/2\/sistemas-manuales-de-extincion-de-incendios\/"},"modified":"2014-02-21T16:55:08","modified_gmt":"2014-02-21T16:55:08","slug":"sistemas-manuales-de-extincion-de-incendios","status":"publish","type":"page","link":"https:\/\/www.construccionescasaalba.es\/2\/sistemas-manuales-de-extincion-de-incendios\/","title":{"rendered":"Sistemas manuales de extinci\u00f3n de incendios"},"content":{"rendered":"<h3>Sistemas manuales de extinci\u00f3n de incendios &#8211; Caracter\u00edsticas generales<\/h3>\n<p>Los sistemas de extinci\u00f3n de incendios por medios manuales son aquellos que necesitan del factor humano para su total funcionamiento desde el inicio hasta el final de la extinci\u00f3n del incendio o de su control.<\/p>\n<p>Habitualmente este tipo de sistemas son empleados para peque\u00f1os conatos o incendios que se suponen que ser\u00e1n controlables mediante este tipo de sistemas de extinci\u00f3n manual. En caso que estos sistemas de extinci\u00f3n manual no sean suficientes para controlar o sofocar el incendio es aconsejable por motivos de seguridad dejar actuar a los sistemas de extinci\u00f3n autom\u00e1tica a cuerpos de bomberos y profesionales formados para este tipo de riesgos.<\/p>\n<p>Algunos de los sistemas de extinci\u00f3n de incendios manuales m\u00e1s habituales son: Bocas de incendio, hidrantes en red exterior, columna seca y extintores manuales.<\/p>\n<h3>Boca de incendio equipadas (BIE)<\/h3>\n<p>De entre los sistemas de extinci\u00f3n manual de incendios, las redes de bocas de incendio equipadas (com\u00fanmente llamadas BIES) son las m\u00e1s usuales para interiores de edificios.<\/p>\n<p>Su c\u00e1lculo y dimensionado viene muy condicionado al tipo de edificio a proteger, as\u00ed como tambi\u00e9n al riesgo intr\u00ednseco del mismo. Las bocas de incendio equipadas est\u00e1n dise\u00f1adas para combatir un incendio por parte de los ocupantes del edificio afectado, y est\u00e1n consideradas como un elemento fundamental en el plan de emergencia y auto-protecci\u00f3n.<\/p>\n<p>Existen de diferentes tipos seg\u00fan sea el caudal de descarga: Bies de 25 mm empleadas b\u00e1sicamente en oficinas, centros comerciales, colegios, hoteles, parkings o riesgos de baja carga de fuego, descargando un caudal unitario de unos 100 l\/min. Las Bies de 45 mm se emplean en b\u00e1sicamente en almacenes o riesgos de alta carga calor\u00edfica en los que el caudal a descargar es mayor, unos 200 l\/min. Adem\u00e1s de estos dos sistemas t\u00edpicos existen otros dos sistemas de bocas de incendio, un sistema de bocas de incendio dotado de peque\u00f1os bidones aut\u00f3nomos de espum\u00f3geno para cada Boca de Incendio que permiten poder descargar agua o mezcla de agua \u2013 espum\u00f3geno seg\u00fan sea la naturaleza del incendio a controlar o extinguir y sistemas de bocas de incendio mixtas de 25 mm con toma adicional de 45 mm que pueden funcionar seg\u00fan sea las necesidades como bocas de 25 mm o bocas de 45 mm.<\/p>\n<h3>Hidrantes<\/h3>\n<p>Las redes exteriores de hidrantes son elementos destinados tanto a abastecer a los Bomberos como para la auto-protecci\u00f3n del propio inmueble. Se dise\u00f1an en los exteriores, cercanas a las fachadas y b\u00e1sicamente se emplean para refrigeraci\u00f3n de las estructuras de los edificio evitando el derrumbe del mismo o incluso refrigeraci\u00f3n de edificio contiguos evitando de esta manera que el incendio provoque una reacci\u00f3n en cadena. Tambi\u00e9n pueden emplearse para controlar y extinguir fuegos en almacenamientos exteriores.<\/p>\n<p>Los hidrantes se instalar\u00e1n en redes perimetrales habitualmente enterradas que rodean el contorno del edificio. Estos hidrantes pueden ser enterrados o a\u00e9reos seg\u00fan sean las caracter\u00edsticas constructivas, obra civil y espacio disponible en los alrededores del edificio. En zonas donde exista el riesgo de congelaci\u00f3n del agua se instalar\u00e1n hidrantes de columna seca para evitar roturas en el husillo y el cuerpo del hidrante, en el resto de caso los hidrantes empleados ser\u00e1n de columna h\u00fameda.<\/p>\n<h3>Columna seca<\/h3>\n<p>La columna seca b\u00e1sicamente es un montante de tuber\u00eda vac\u00eda (sin contenido de agua) y es para uso exclusivo de los bomberos, la cual dispone de bocas de salida en cada planta mediante racores para realizar la conexi\u00f3n a los tanques de extinci\u00f3n que dispone el cuerpo de bomberos y a las mangueras de sus equipos de intervenci\u00f3n una vez dentro del edificio. Estas tomas de r\u00e1cores barcelona suelen estar en interiores de armarios con el texto \u201cUSO EXCLUSIVO BOMBEROS\u201d.<\/p>\n<p>Este tipo de instalaci\u00f3n de extinci\u00f3n manual es utilizada sobre todo para edificios de gran altura, especialmente en los que los camiones de bomberos tienen dif\u00edcil acceso.<\/p>\n<h3>Extintores port\u00e1tiles y carros<\/h3>\n<p>Se consideran los dispositivos m\u00e1s b\u00e1sicos en la lucha contra el fuego, a pesar de lo cu\u00e1l extintores no dejan de ser muy importantes en una correcta protecci\u00f3n de un edificio, sea industrial o no. Tienen la misi\u00f3n de poder combatir de forma eficiente un conato de incendio, llegando en la mayor\u00eda de los casos a extinguirlo por completo, evitando que \u00e9ste crezca y represente un peligro mucho mayor. Es muy importante elegir correctamente el agente extintor en funci\u00f3n del riesgo a proteger, as\u00ed como tambi\u00e9n el emplazamiento del mismo. Fundamental resulta tambi\u00e9n, como en todas las dem\u00e1s instalaciones de protecci\u00f3n contra incendios, realizar los mantenimientos preventivos exigidos por el RD 1942\/1993.<\/p>\n<p>B\u00e1sicamente se distinguen extintores de polvo seco qu\u00edmico, de CO2 o llamados nieve carb\u00f3nica y extintores h\u00eddricos.<\/p>\n<p>Los extintores de polvo seco son los m\u00e1s empleados ya que el abanico de riesgos a proteger y naturaleza del incendio es el mayor y m\u00e1s polivalente. Este tipo de extintor manual es \u00f3ptimo para incendios de tipo A B y C.<\/p>\n<p>Los extintores de CO2 o nieve carb\u00f3nica se emplean para extinci\u00f3n de incendios sobre todo de riesgos el\u00e9ctricos.<\/p>\n<p>Los extintores h\u00eddricos est\u00e1n cargados con agua y un agente espum\u00f3geno, espuma AFFF. Estos extintores manuales son altamente efectivos por su capacidad de potenciar el poder humectante del Agua-espum\u00f3geno inhibiendo la reignici\u00f3n del incendio.<\/p>\n","protected":false},"excerpt":{"rendered":"<p>Sistemas manuales de extinci\u00f3n de incendios &#8211; Caracter\u00edsticas generales Los sistemas de extinci\u00f3n de incendios por medios manuales son aquellos que necesitan del factor humano para su total funcionamiento desde el inicio hasta el final de la extinci\u00f3n del incendio o de su control. Habitualmente este tipo de sistemas son empleados para peque\u00f1os conatos o [&hellip;]<\/p>\n","protected":false},"author":1,"featured_media":0,"parent":0,"menu_order":9,"comment_status":"closed","ping_status":"closed","template":"","meta":{"om_disable_all_campaigns":false},"aioseo_notices":[],"_links":{"self":[{"href":"https:\/\/www.construccionescasaalba.es\/2\/wp-json\/wp\/v2\/pages\/291"}],"collection":[{"href":"https:\/\/www.construccionescasaalba.es\/2\/wp-json\/wp\/v2\/pages"}],"about":[{"href":"https:\/\/www.construccionescasaalba.es\/2\/wp-json\/wp\/v2\/types\/page"}],"author":[{"embeddable":true,"href":"https:\/\/www.construccionescasaalba.es\/2\/wp-json\/wp\/v2\/users\/1"}],"replies":[{"embeddable":true,"href":"https:\/\/www.construccionescasaalba.es\/2\/wp-json\/wp\/v2\/comments?post=291"}],"version-history":[{"count":0,"href":"https:\/\/www.construccionescasaalba.es\/2\/wp-json\/wp\/v2\/pages\/291\/revisions"}],"wp:attachment":[{"href":"https:\/\/www.construccionescasaalba.es\/2\/wp-json\/wp\/v2\/media?parent=291"}],"curies":[{"name":"wp","href":"https:\/\/api.w.org\/{rel}","templated":true}]}}