{"id":289,"date":"2014-02-21T16:38:01","date_gmt":"2014-02-21T16:38:01","guid":{"rendered":"https:\/\/www.construccionescasaalba.es\/2\/agua-pulverizada\/"},"modified":"2014-02-21T16:38:01","modified_gmt":"2014-02-21T16:38:01","slug":"agua-pulverizada","status":"publish","type":"page","link":"https:\/\/www.construccionescasaalba.es\/2\/agua-pulverizada\/","title":{"rendered":"Agua pulverizada"},"content":{"rendered":"<h3>Agua pulverizada para refrigeraci\u00f3n &#8211; Caracter\u00edsticas generales<\/h3>\n<p>Los sistemas de refrigeraci\u00f3n de riesgos por agua pulverizada suelen ser sistemas de boquillas abiertas en los que se descarga una gran cantidad de agua (todo el sistema) y se provoca una refrigeraci\u00f3n del riesgo para evitar la propagaci\u00f3n del incendio, aunque en algunos casos puede llegar a extinguirse totalmente el incendio. Adem\u00e1s del empleo de boquillas abiertas en los que el sistema de descarga es de diluvio (o lo que es lo mismo descarga de agua en la totalidad de la instalaci\u00f3n) pueden emplearse boquillas cerradas siempre que la velocidad de descarga sea r\u00e1pida o empleo tambi\u00e9n de monitores de agua pulverizada.<\/p>\n<h3>Anillos refrigeraci\u00f3n<\/h3>\n<p>Es importante distinguirse el concepto de agua pulverizada del de agua nebulizada, en el caso de sistemas de agua pulverizada el tama\u00f1o de la gota rociada es mucho mayor que en el caso de agua nebulizada y las presiones de trabajo son inferiores a las de los sistemas de agua nebulizada, aunque el criterio de funcionamiento es el mismo, existiendo una reserva de agua, un grupo impulsor, una red de tuber\u00edas y unas boquillas por las que se descarga el agua pulverizada.<\/p>\n","protected":false},"excerpt":{"rendered":"<p>Agua pulverizada para refrigeraci\u00f3n &#8211; Caracter\u00edsticas generales Los sistemas de refrigeraci\u00f3n de riesgos por agua pulverizada suelen ser sistemas de boquillas abiertas en los que se descarga una gran cantidad de agua (todo el sistema) y se provoca una refrigeraci\u00f3n del riesgo para evitar la propagaci\u00f3n del incendio, aunque en algunos casos puede llegar a [&hellip;]<\/p>\n","protected":false},"author":1,"featured_media":0,"parent":0,"menu_order":25,"comment_status":"closed","ping_status":"closed","template":"","meta":{"om_disable_all_campaigns":false},"aioseo_notices":[],"_links":{"self":[{"href":"https:\/\/www.construccionescasaalba.es\/2\/wp-json\/wp\/v2\/pages\/289"}],"collection":[{"href":"https:\/\/www.construccionescasaalba.es\/2\/wp-json\/wp\/v2\/pages"}],"about":[{"href":"https:\/\/www.construccionescasaalba.es\/2\/wp-json\/wp\/v2\/types\/page"}],"author":[{"embeddable":true,"href":"https:\/\/www.construccionescasaalba.es\/2\/wp-json\/wp\/v2\/users\/1"}],"replies":[{"embeddable":true,"href":"https:\/\/www.construccionescasaalba.es\/2\/wp-json\/wp\/v2\/comments?post=289"}],"version-history":[{"count":0,"href":"https:\/\/www.construccionescasaalba.es\/2\/wp-json\/wp\/v2\/pages\/289\/revisions"}],"wp:attachment":[{"href":"https:\/\/www.construccionescasaalba.es\/2\/wp-json\/wp\/v2\/media?parent=289"}],"curies":[{"name":"wp","href":"https:\/\/api.w.org\/{rel}","templated":true}]}}