{"id":287,"date":"2014-02-21T16:24:31","date_gmt":"2014-02-21T16:24:31","guid":{"rendered":"https:\/\/www.construccionescasaalba.es\/2\/agua-nebulizada\/"},"modified":"2014-02-21T16:24:31","modified_gmt":"2014-02-21T16:24:31","slug":"agua-nebulizada","status":"publish","type":"page","link":"https:\/\/www.construccionescasaalba.es\/2\/agua-nebulizada\/","title":{"rendered":"Agua Nebulizada"},"content":{"rendered":"<h3>Sistema de extinci\u00f3n autom\u00e1tico de incendios mediante agua nebulizada &#8211; Introducci\u00f3n<\/h3>\n<p>Los sistemas de protecci\u00f3n contra incendios mediante agua nebulizada, constituyen hoy en d\u00eda la mejor alternativa a los sistemas gaseosos y en ciertas aplicaciones a las instalaciones de agua convencionales.<\/p>\n<p>Bateria Agua Nebulizada En los sistemas de extinci\u00f3n por agua nebulizada se optimizan los recursos extintores del agua mediante la divisi\u00f3n del volumen de agua utilizado en gotas de muy peque\u00f1o tama\u00f1o, con lo que se consigue la m\u00e1xima capacidad de refrigeraci\u00f3n para una determinada cantidad de agua, reduciendo los vol\u00famenes utilizados y por tanto, los da\u00f1os causados por los sistemas convencionales que utilizan el agua como agente extintor. (Rociadores autom\u00e1ticos, sistemas de diluvio, mangueras, etc.).<\/p>\n<p>Las ventajas de estos sistemas son muy importantes, y cabe destacar:<\/p>\n<ul>\n<li><strong> Econom\u00eda, coste m\u00ednimo del agente extintor. <\/strong><\/li>\n<li><strong>Agente extintor ecol\u00f3gico, no perjudica al medio ambiente. <\/strong><\/li>\n<li><strong>No conduce la electricidad. <\/strong><\/li>\n<li><strong>Eficaz para fuegos de l\u00edquidos inflamables. <\/strong><\/li>\n<li><strong>Inocuidad para los equipos protegidos y para las personas. <\/strong><\/li>\n<li><strong>Da\u00f1os por agua muy reducidos. <\/strong><\/li>\n<li><strong>Reducci\u00f3n dr\u00e1stica de la temperatura del recinto. <\/strong><\/li>\n<li><strong>Mantenimiento del nivel de ox\u00edgeno. <\/strong><\/li>\n<li><strong>Lavado de humos y gases t\u00f3xicos. <\/strong><\/li>\n<li><strong>Previene la reignici\u00f3n. <\/strong><\/li>\n<li><strong>Sistemas multidescarga.<\/strong><\/li>\n<\/ul>\n<p>Los sistemas de agua nebulizada proporcionan una extinci\u00f3n r\u00e1pida y eficaz de los fuegos clases A, B y C, eliminando el riesgo de reignici\u00f3n; presentan una incomparable capacidad de supresi\u00f3n de los incendios de foco profundo, destruye y decanta los humos y gases t\u00f3xicos, y quiz\u00e1s lo m\u00e1s importante de todo ello, utilizando cantidades muy peque\u00f1as de agua natural.<\/p>\n<p>\u00a0<\/p>\n<p>\u00a0<\/p>\n<p>Fuente: Prefire.es<\/p>\n","protected":false},"excerpt":{"rendered":"<p>Sistema de extinci\u00f3n autom\u00e1tico de incendios mediante agua nebulizada &#8211; Introducci\u00f3n Los sistemas de protecci\u00f3n contra incendios mediante agua nebulizada, constituyen hoy en d\u00eda la mejor alternativa a los sistemas gaseosos y en ciertas aplicaciones a las instalaciones de agua convencionales. Bateria Agua Nebulizada En los sistemas de extinci\u00f3n por agua nebulizada se optimizan los [&hellip;]<\/p>\n","protected":false},"author":1,"featured_media":0,"parent":0,"menu_order":26,"comment_status":"closed","ping_status":"closed","template":"","meta":{"om_disable_all_campaigns":false},"aioseo_notices":[],"_links":{"self":[{"href":"https:\/\/www.construccionescasaalba.es\/2\/wp-json\/wp\/v2\/pages\/287"}],"collection":[{"href":"https:\/\/www.construccionescasaalba.es\/2\/wp-json\/wp\/v2\/pages"}],"about":[{"href":"https:\/\/www.construccionescasaalba.es\/2\/wp-json\/wp\/v2\/types\/page"}],"author":[{"embeddable":true,"href":"https:\/\/www.construccionescasaalba.es\/2\/wp-json\/wp\/v2\/users\/1"}],"replies":[{"embeddable":true,"href":"https:\/\/www.construccionescasaalba.es\/2\/wp-json\/wp\/v2\/comments?post=287"}],"version-history":[{"count":0,"href":"https:\/\/www.construccionescasaalba.es\/2\/wp-json\/wp\/v2\/pages\/287\/revisions"}],"wp:attachment":[{"href":"https:\/\/www.construccionescasaalba.es\/2\/wp-json\/wp\/v2\/media?parent=287"}],"curies":[{"name":"wp","href":"https:\/\/api.w.org\/{rel}","templated":true}]}}