{"id":285,"date":"2014-02-21T16:12:40","date_gmt":"2014-02-21T16:12:40","guid":{"rendered":"https:\/\/www.construccionescasaalba.es\/2\/deteccion-de-incendios-y-gases-inflamables\/"},"modified":"2014-02-21T16:12:40","modified_gmt":"2014-02-21T16:12:40","slug":"deteccion-de-incendios-y-gases-inflamables","status":"publish","type":"page","link":"https:\/\/www.construccionescasaalba.es\/2\/deteccion-de-incendios-y-gases-inflamables\/","title":{"rendered":"Detecci\u00f3n de incendios y gases inflamables"},"content":{"rendered":"<h3>Detecci\u00f3n de incendios y gases inflamables &#8211; Caracter\u00edsticas generales<\/h3>\n<p>Un sistema de detecci\u00f3n y alarma de incendios es b\u00e1sicamente un sistema capaz de detectar de manera autom\u00e1tica o manual un incendio, con el objetivo de proporcionar una se\u00f1al para iniciar el funcionamiento de equipos auxiliares (tales como sistemas fijos de extinci\u00f3n p.e.) y otras precauciones y acciones (tales como inicio de protocolos de evacuaci\u00f3n o parada de maquinaria).<\/p>\n<h3>Detecci\u00f3n de incendios<\/h3>\n<p>Estos sistemas est\u00e1n destinados a proteger de las vidas y los bienes.<\/p>\n<p>El sistema de detecci\u00f3n y alarma puede utilizarse para proporcionar se\u00f1ales de iniciaci\u00f3n a otros sistemas de protecci\u00f3n contra incendios (PCI). El dise\u00f1ador, el instalador y el responsable de mantenimiento tienen que tener un cuidado especial para asegurar que el sistema de detecci\u00f3n y alarma no perjudica ni resulta perjudicado por los otros sistemas de PCI con los que se encuentre conectados.<\/p>\n<p>\u00a0<\/p>\n<p>\u00a0<\/p>\n<p>Fuente: Prefire.es<\/p>\n","protected":false},"excerpt":{"rendered":"<p>Detecci\u00f3n de incendios y gases inflamables &#8211; Caracter\u00edsticas generales Un sistema de detecci\u00f3n y alarma de incendios es b\u00e1sicamente un sistema capaz de detectar de manera autom\u00e1tica o manual un incendio, con el objetivo de proporcionar una se\u00f1al para iniciar el funcionamiento de equipos auxiliares (tales como sistemas fijos de extinci\u00f3n p.e.) y otras precauciones [&hellip;]<\/p>\n","protected":false},"author":1,"featured_media":0,"parent":0,"menu_order":27,"comment_status":"closed","ping_status":"closed","template":"","meta":{"om_disable_all_campaigns":false},"aioseo_notices":[],"_links":{"self":[{"href":"https:\/\/www.construccionescasaalba.es\/2\/wp-json\/wp\/v2\/pages\/285"}],"collection":[{"href":"https:\/\/www.construccionescasaalba.es\/2\/wp-json\/wp\/v2\/pages"}],"about":[{"href":"https:\/\/www.construccionescasaalba.es\/2\/wp-json\/wp\/v2\/types\/page"}],"author":[{"embeddable":true,"href":"https:\/\/www.construccionescasaalba.es\/2\/wp-json\/wp\/v2\/users\/1"}],"replies":[{"embeddable":true,"href":"https:\/\/www.construccionescasaalba.es\/2\/wp-json\/wp\/v2\/comments?post=285"}],"version-history":[{"count":0,"href":"https:\/\/www.construccionescasaalba.es\/2\/wp-json\/wp\/v2\/pages\/285\/revisions"}],"wp:attachment":[{"href":"https:\/\/www.construccionescasaalba.es\/2\/wp-json\/wp\/v2\/media?parent=285"}],"curies":[{"name":"wp","href":"https:\/\/api.w.org\/{rel}","templated":true}]}}