{"id":283,"date":"2014-02-21T15:45:30","date_gmt":"2014-02-21T15:45:30","guid":{"rendered":"https:\/\/www.construccionescasaalba.es\/2\/espuma-extincion-de-incendios\/"},"modified":"2020-03-29T07:59:45","modified_gmt":"2020-03-29T07:59:45","slug":"espuma-extincion-de-incendios","status":"publish","type":"page","link":"https:\/\/www.construccionescasaalba.es\/2\/espuma-extincion-de-incendios\/","title":{"rendered":"Espuma extinci\u00f3n de incendios"},"content":{"rendered":"<h3>Espuma extinci\u00f3n de incendios &#8211; Caracter\u00edsticas generales<\/h3>\n<p>El sistema de extinci\u00f3n por espuma es uno de los sistemas m\u00e1s eficaces para la extinci\u00f3n de incendios clase B, aquellos que han sido provocados e involucran a l\u00edquidos inflamables y combustibles. Pese a no ser muy habitual, es posible tambi\u00e9n su uso para incendios generados en otro tipo de materiales bien sean s\u00f3lidos o l\u00edquidos.<\/p>\n<h3>Espuma<\/h3>\n<p>La generaci\u00f3n de espuma se realiza a trav\u00e9s de la mezcla de agua, espum\u00f3geno y aire, que podr\u00e1 tener diferentes valores de expansi\u00f3n, siendo la expansi\u00f3n la relaci\u00f3n entre el valor inicial del volumen de agua\/espum\u00f3geno y el volumen final de espuma.<\/p>\n<p>El funcionamiento de un sistema de extinci\u00f3n de incendios de espuma es sencillo. Inicialmente el agua proveniente de la fuente de suministro se mezcla con el espum\u00f3geno en la proporci\u00f3n dise\u00f1ada en un equipo dosificador o proporcionador. Posteriormente la mezcla es dirigida al generador de espuma, el cual incrementa su volumen mediante aportaci\u00f3n de aire, generando la espuma. La activaci\u00f3n de los sistemas de extinci\u00f3n de incendios de espuma generalmente es provocada por un sistema de detecci\u00f3n autom\u00e1tica de incendios.<\/p>\n<p>Dado que la espuma es m\u00e1s ligera que la soluci\u00f3n acuosa de la que se forma y m\u00e1s ligera que los l\u00edquidos inflamables o combustibles, flota sobre estos, produciendo una capa continua de material acuoso que desplaza el aire, produciendo un doble efecto de enfriar y evitar el contacto con el aire. Adem\u00e1s evita la emanaci\u00f3n de vapores combustibles previniendo la reiniciaci\u00f3n del fuego. Tambi\u00e9n tiene la caracter\u00edstica de adherirse a las superficies que cubre, protegi\u00e9ndolas de fuegos adyacentes. \u00a0<\/p>\n<p style=\"margin: 0cm 0cm 10pt;\">\u00a0<\/p>\n<p>\u00a0Fuente: Prefire.es<\/p>\n","protected":false},"excerpt":{"rendered":"<p>Espuma extinci\u00f3n de incendios &#8211; Caracter\u00edsticas generales El sistema de extinci\u00f3n por espuma es uno de los sistemas m\u00e1s eficaces para la extinci\u00f3n de incendios clase B, aquellos que han sido provocados e involucran a l\u00edquidos inflamables y combustibles. Pese a no ser muy habitual, es posible tambi\u00e9n su uso para incendios generados en otro [&hellip;]<\/p>\n","protected":false},"author":1,"featured_media":0,"parent":0,"menu_order":28,"comment_status":"closed","ping_status":"closed","template":"","meta":{"om_disable_all_campaigns":false},"aioseo_notices":[],"_links":{"self":[{"href":"https:\/\/www.construccionescasaalba.es\/2\/wp-json\/wp\/v2\/pages\/283"}],"collection":[{"href":"https:\/\/www.construccionescasaalba.es\/2\/wp-json\/wp\/v2\/pages"}],"about":[{"href":"https:\/\/www.construccionescasaalba.es\/2\/wp-json\/wp\/v2\/types\/page"}],"author":[{"embeddable":true,"href":"https:\/\/www.construccionescasaalba.es\/2\/wp-json\/wp\/v2\/users\/1"}],"replies":[{"embeddable":true,"href":"https:\/\/www.construccionescasaalba.es\/2\/wp-json\/wp\/v2\/comments?post=283"}],"version-history":[{"count":1,"href":"https:\/\/www.construccionescasaalba.es\/2\/wp-json\/wp\/v2\/pages\/283\/revisions"}],"predecessor-version":[{"id":918,"href":"https:\/\/www.construccionescasaalba.es\/2\/wp-json\/wp\/v2\/pages\/283\/revisions\/918"}],"wp:attachment":[{"href":"https:\/\/www.construccionescasaalba.es\/2\/wp-json\/wp\/v2\/media?parent=283"}],"curies":[{"name":"wp","href":"https:\/\/api.w.org\/{rel}","templated":true}]}}