{"id":281,"date":"2014-02-19T23:12:43","date_gmt":"2014-02-19T23:12:43","guid":{"rendered":"https:\/\/www.construccionescasaalba.es\/2\/rociadores-automaticos-sevilla\/"},"modified":"2014-02-19T23:12:43","modified_gmt":"2014-02-19T23:12:43","slug":"rociadores-automaticos-sevilla","status":"publish","type":"page","link":"https:\/\/www.construccionescasaalba.es\/2\/rociadores-automaticos-sevilla\/","title":{"rendered":"Rociadores Automaticos"},"content":{"rendered":"<h3>Rociadores &#8211; Caracter\u00edsticas generales<\/h3>\n<p>Los rociadores autom\u00e1ticos o sprinklers son uno de los sistemas m\u00e1s antiguos para la protecci\u00f3n contra incendios en todo tipo de edificios. Est\u00e1n concebidos para detectar un conato de incendio y apagarlo con agua o controlarlo para que pueda ser apagado por otros medios. Los rociadores autom\u00e1ticos protegen pr\u00e1cticamente la totalidad de los inmuebles, salvo contadas ocasiones en las que el agua no es recomendable como agente extintor y deben emplearse otros sistemas m\u00e1s adecuados. Se trata de un sistema totalmente independiente y autom\u00e1tico de protecci\u00f3n contra incendios, por lo que no requiere de ning\u00fan otro sistema que los active.<\/p>\n<h3>Rociadores<\/h3>\n<p>En su funcionamiento m\u00e1s com\u00fan, el concepto es muy sencillo: una red hidr\u00e1ulica presurizada con agua y unas boquillas de descarga, los rociadores o sprinklers, sobre los cuales la incidencia directa de la temperatura provoca un desprendimiento de parte de su cuerpo, liberando agua en cantidad suficiente para mojar una determinada \u00e1rea de acci\u00f3n.<\/p>\n<h3>Bater\u00eda PCA<\/h3>\n<p>Debido a su gran poder de descarga de agua, otra de las principales funciones que tienen las instalaciones de rociadores autom\u00e1ticos es la de refrigerar, por lo que es frecuente recurrir a estos sistemas para proteger estructuras portantes de edificios construidos con materiales deformables (madera o hierro), y de esta forma evitar o minimizar la necesidad de tratar dicha estructura con sistemas de protecci\u00f3n pasiva contra el fuego, evitando de este modo el impacto est\u00e9tico negativo en su arquitectura interior. Especialmente importante es esta aplicaci\u00f3n en edificios catalogados por su alto valor patrimonial.<\/p>\n<p>\u00a0<\/p>\n<p>Fuente: Prefire.es p&gt;<\/p>\n<p>\u00a0<\/p>\n<p>\u00a0<\/p>\n<p>\u00a0<\/p>\n<p>Fuente: Prefire.es<\/p>\n","protected":false},"excerpt":{"rendered":"<p>Rociadores &#8211; Caracter\u00edsticas generales Los rociadores autom\u00e1ticos o sprinklers son uno de los sistemas m\u00e1s antiguos para la protecci\u00f3n contra incendios en todo tipo de edificios. Est\u00e1n concebidos para detectar un conato de incendio y apagarlo con agua o controlarlo para que pueda ser apagado por otros medios. Los rociadores autom\u00e1ticos protegen pr\u00e1cticamente la totalidad [&hellip;]<\/p>\n","protected":false},"author":1,"featured_media":0,"parent":0,"menu_order":29,"comment_status":"closed","ping_status":"closed","template":"","meta":{"om_disable_all_campaigns":false},"aioseo_notices":[],"_links":{"self":[{"href":"https:\/\/www.construccionescasaalba.es\/2\/wp-json\/wp\/v2\/pages\/281"}],"collection":[{"href":"https:\/\/www.construccionescasaalba.es\/2\/wp-json\/wp\/v2\/pages"}],"about":[{"href":"https:\/\/www.construccionescasaalba.es\/2\/wp-json\/wp\/v2\/types\/page"}],"author":[{"embeddable":true,"href":"https:\/\/www.construccionescasaalba.es\/2\/wp-json\/wp\/v2\/users\/1"}],"replies":[{"embeddable":true,"href":"https:\/\/www.construccionescasaalba.es\/2\/wp-json\/wp\/v2\/comments?post=281"}],"version-history":[{"count":0,"href":"https:\/\/www.construccionescasaalba.es\/2\/wp-json\/wp\/v2\/pages\/281\/revisions"}],"wp:attachment":[{"href":"https:\/\/www.construccionescasaalba.es\/2\/wp-json\/wp\/v2\/media?parent=281"}],"curies":[{"name":"wp","href":"https:\/\/api.w.org\/{rel}","templated":true}]}}