{"id":271,"date":"2014-02-09T19:23:01","date_gmt":"2014-02-09T19:23:01","guid":{"rendered":"https:\/\/www.construccionescasaalba.es\/2\/instalacion-contraincendios\/"},"modified":"2014-02-09T19:23:01","modified_gmt":"2014-02-09T19:23:01","slug":"instalacion-contraincendios","status":"publish","type":"page","link":"https:\/\/www.construccionescasaalba.es\/2\/instalacion-contraincendios\/","title":{"rendered":"Instalaci\u00f3n Contraincendios"},"content":{"rendered":"<p><strong>Casa Alba Construcciones e Instalaciones<\/strong> realiza instalaciones contra incendios de:<\/p>\n<ul>\n<li><strong>Instalaci\u00f3n de redes de Abastecimientos de agua.<\/strong><\/li>\n<li><strong> Grupos de bombeo.<\/strong><\/li>\n<li><strong> Redes de hidrantes.<\/strong><\/li>\n<li><strong> Sistemas de bocas de incendios equipadas. (BIES)<\/strong><\/li>\n<li><strong>Sistemas de rociadores autom\u00e1ticos.<\/strong><\/li>\n<li><strong> Sistemas de agua pulverizada.<\/strong><\/li>\n<li><strong> Sistemas de espuma.<\/strong><\/li>\n<li><strong> Sistemas de agua nebulizada.<\/strong><\/li>\n<li><strong> Extinci\u00f3n autom\u00e1tica por CO2.<\/strong><\/li>\n<li><strong> Gases Inertes.<\/strong><\/li>\n<li><strong> Otros gases. <\/strong><\/li>\n<li><strong>Sistemas de detecci\u00f3n autom\u00e1tica de incendios.<\/strong><\/li>\n<li><strong> Sistemas de detecci\u00f3n de gases.<\/strong><\/li>\n<li><strong> Sistemas de detecci\u00f3n de mon\u00f3xido de carbono.<\/strong><\/li>\n<\/ul>\n<p>\u00a0Disponemos de toda la maquinaria e infraestructuras, medios personales y materiales para el perfecto desarrollo de todas nuestras actividades profesionales.<\/p>\n","protected":false},"excerpt":{"rendered":"<p>Casa Alba Construcciones e Instalaciones realiza instalaciones contra incendios de: Instalaci\u00f3n de redes de Abastecimientos de agua. Grupos de bombeo. Redes de hidrantes. Sistemas de bocas de incendios equipadas. (BIES) Sistemas de rociadores autom\u00e1ticos. Sistemas de agua pulverizada. Sistemas de espuma. Sistemas de agua nebulizada. Extinci\u00f3n autom\u00e1tica por CO2. Gases Inertes. Otros gases. Sistemas de [&hellip;]<\/p>\n","protected":false},"author":1,"featured_media":0,"parent":0,"menu_order":31,"comment_status":"closed","ping_status":"closed","template":"","meta":{"om_disable_all_campaigns":false},"aioseo_notices":[],"_links":{"self":[{"href":"https:\/\/www.construccionescasaalba.es\/2\/wp-json\/wp\/v2\/pages\/271"}],"collection":[{"href":"https:\/\/www.construccionescasaalba.es\/2\/wp-json\/wp\/v2\/pages"}],"about":[{"href":"https:\/\/www.construccionescasaalba.es\/2\/wp-json\/wp\/v2\/types\/page"}],"author":[{"embeddable":true,"href":"https:\/\/www.construccionescasaalba.es\/2\/wp-json\/wp\/v2\/users\/1"}],"replies":[{"embeddable":true,"href":"https:\/\/www.construccionescasaalba.es\/2\/wp-json\/wp\/v2\/comments?post=271"}],"version-history":[{"count":0,"href":"https:\/\/www.construccionescasaalba.es\/2\/wp-json\/wp\/v2\/pages\/271\/revisions"}],"wp:attachment":[{"href":"https:\/\/www.construccionescasaalba.es\/2\/wp-json\/wp\/v2\/media?parent=271"}],"curies":[{"name":"wp","href":"https:\/\/api.w.org\/{rel}","templated":true}]}}