{"id":252,"date":"2011-01-01T00:00:01","date_gmt":"2011-01-01T00:00:01","guid":{"rendered":"https:\/\/www.construccionescasaalba.es\/2\/sample-sites\/"},"modified":"2020-03-28T11:52:55","modified_gmt":"2020-03-28T11:52:55","slug":"sample-sites","status":"publish","type":"page","link":"https:\/\/www.construccionescasaalba.es\/2\/sample-sites\/","title":{"rendered":"Nuestros Valores"},"content":{"rendered":"<p>Principios de Empresa:<\/p>\n<p>Nuestra relaci\u00f3n con el cliente se basa en los siguientes principios:<\/p>\n<ul>\n<li>Atenci\u00f3n personalizada. Trato cercano y personalizado. Cada cliente para nosotros es \u00fanico.<\/li>\n<li>M\u00e1xima calidad. Cada trabajo&nbsp;es adem\u00e1s de &nbsp;\u00fanico, cuidado hasta el m\u00e1s m\u00ednimo detalle.<\/li>\n<li>M\u00ednimo tiempo. Ya sea en la elaboraci\u00f3n del proyecto, en la ejecuci\u00f3n o en su tramitaci\u00f3n en los organismos administrativos pertinentes.<\/li>\n<\/ul>\n","protected":false},"excerpt":{"rendered":"<p>Principios de Empresa: Nuestra relaci\u00f3n con el cliente se basa en los siguientes principios: Atenci\u00f3n personalizada. Trato cercano y personalizado. Cada cliente para nosotros es \u00fanico. M\u00e1xima calidad. Cada trabajo&nbsp;es adem\u00e1s de &nbsp;\u00fanico, cuidado hasta el m\u00e1s m\u00ednimo detalle. M\u00ednimo tiempo. Ya sea en la elaboraci\u00f3n del proyecto, en la ejecuci\u00f3n o en su tramitaci\u00f3n [&hellip;]<\/p>\n","protected":false},"author":1,"featured_media":0,"parent":0,"menu_order":11,"comment_status":"closed","ping_status":"closed","template":"","meta":{"om_disable_all_campaigns":false},"aioseo_notices":[],"_links":{"self":[{"href":"https:\/\/www.construccionescasaalba.es\/2\/wp-json\/wp\/v2\/pages\/252"}],"collection":[{"href":"https:\/\/www.construccionescasaalba.es\/2\/wp-json\/wp\/v2\/pages"}],"about":[{"href":"https:\/\/www.construccionescasaalba.es\/2\/wp-json\/wp\/v2\/types\/page"}],"author":[{"embeddable":true,"href":"https:\/\/www.construccionescasaalba.es\/2\/wp-json\/wp\/v2\/users\/1"}],"replies":[{"embeddable":true,"href":"https:\/\/www.construccionescasaalba.es\/2\/wp-json\/wp\/v2\/comments?post=252"}],"version-history":[{"count":1,"href":"https:\/\/www.construccionescasaalba.es\/2\/wp-json\/wp\/v2\/pages\/252\/revisions"}],"predecessor-version":[{"id":857,"href":"https:\/\/www.construccionescasaalba.es\/2\/wp-json\/wp\/v2\/pages\/252\/revisions\/857"}],"wp:attachment":[{"href":"https:\/\/www.construccionescasaalba.es\/2\/wp-json\/wp\/v2\/media?parent=252"}],"curies":[{"name":"wp","href":"https:\/\/api.w.org\/{rel}","templated":true}]}}